{"id":10468,"date":"2026-01-05T21:58:45","date_gmt":"2026-01-05T20:58:45","guid":{"rendered":"https:\/\/bobooaza.pl\/index.php\/produkt\/bella-wkladki-laktacyjne-mamma-30-szt\/"},"modified":"2026-01-19T20:19:20","modified_gmt":"2026-01-19T19:19:20","slug":"bella-wkladki-laktacyjne-mamma-30-szt","status":"publish","type":"product","link":"https:\/\/www.bobooaza.pl\/index.php\/produkt\/bella-wkladki-laktacyjne-mamma-30-szt\/","title":{"rendered":"BELLA Wk\u0142adki laktacyjne MAMMA 30 szt."},"content":{"rendered":"<p>Bella Mamma to jednorazowe wk\u0142adki laktacyjne z przylepcem, przeznaczone dla kobiet karmi\u0105cych. S\u0105 mi\u0119kkie i przewiewne, co pozwala sk\u00f3rze oddycha\u0107 i zmniejsza ryzyko podra\u017cnie\u0144. Ch\u0142onny wk\u0142ad zatrzymuje nadmiar pokarmu i chroni przed przeciekaniem. Wk\u0142adki maj\u0105 anatomiczny kszta\u0142t z wg\u0142\u0119bieniem na brodawk\u0119, a przylepiec zapewnia stabilne umocowanie w biustonoszu. Opakowanie zawiera 30 sztuk.<\/p>\n","protected":false},"excerpt":{"rendered":"<p>Bella Mamma to jednorazowe wk\u0142adki laktacyjne z przylepcem, przeznaczone dla kobiet karmi\u0105cych. S\u0105 mi\u0119kkie i przewiewne, co pozwala sk\u00f3rze oddycha\u0107 i zmniejsza ryzyko podra\u017cnie\u0144. Ch\u0142onny wk\u0142ad zatrzymuje nadmiar pokarmu i chroni przed przeciekaniem. Wk\u0142adki maj\u0105 anatomiczny kszta\u0142t z wg\u0142\u0119bieniem na brodawk\u0119, a przylepiec zapewnia stabilne umocowanie w biustonoszu. Opakowanie zawiera 30 sztuk.<\/p>\n","protected":false},"featured_media":10467,"comment_status":"open","ping_status":"closed","template":"","meta":[],"product_brand":[],"product_cat":[94,88,91],"product_tag":[],"class_list":{"0":"post-10468","1":"product","2":"type-product","3":"status-publish","4":"has-post-thumbnail","6":"product_cat-karmienie-piersia","7":"product_cat-mama","8":"product_cat-wkladki-laktacyjne","10":"first","11":"instock","12":"taxable","13":"shipping-taxable","14":"purchasable","15":"product-type-simple"},"_links":{"self":[{"href":"https:\/\/www.bobooaza.pl\/index.php\/wp-json\/wp\/v2\/product\/10468","targetHints":{"allow":["GET"]}}],"collection":[{"href":"https:\/\/www.bobooaza.pl\/index.php\/wp-json\/wp\/v2\/product"}],"about":[{"href":"https:\/\/www.bobooaza.pl\/index.php\/wp-json\/wp\/v2\/types\/product"}],"replies":[{"embeddable":true,"href":"https:\/\/www.bobooaza.pl\/index.php\/wp-json\/wp\/v2\/comments?post=10468"}],"wp:featuredmedia":[{"embeddable":true,"href":"https:\/\/www.bobooaza.pl\/index.php\/wp-json\/wp\/v2\/media\/10467"}],"wp:attachment":[{"href":"https:\/\/www.bobooaza.pl\/index.php\/wp-json\/wp\/v2\/media?parent=10468"}],"wp:term":[{"taxonomy":"product_brand","embeddable":true,"href":"https:\/\/www.bobooaza.pl\/index.php\/wp-json\/wp\/v2\/product_brand?post=10468"},{"taxonomy":"product_cat","embeddable":true,"href":"https:\/\/www.bobooaza.pl\/index.php\/wp-json\/wp\/v2\/product_cat?post=10468"},{"taxonomy":"product_tag","embeddable":true,"href":"https:\/\/www.bobooaza.pl\/index.php\/wp-json\/wp\/v2\/product_tag?post=10468"}],"curies":[{"name":"wp","href":"https:\/\/api.w.org\/{rel}","templated":true}]}}