{"id":10470,"date":"2026-01-05T21:58:46","date_gmt":"2026-01-05T20:58:46","guid":{"rendered":"https:\/\/bobooaza.pl\/index.php\/produkt\/bella-wkladki-laktacyjne-mamma-60-szt\/"},"modified":"2026-01-19T21:53:32","modified_gmt":"2026-01-19T20:53:32","slug":"bella-wkladki-laktacyjne-mamma-60-szt","status":"publish","type":"product","link":"https:\/\/www.bobooaza.pl\/index.php\/produkt\/bella-wkladki-laktacyjne-mamma-60-szt\/","title":{"rendered":"BELLA Wk\u0142adki laktacyjne MAMMA 60 szt."},"content":{"rendered":"<p>Bella Mamma to jednorazowe wk\u0142adki laktacyjne o wysokiej ch\u0142onno\u015bci i anatomicznym kszta\u0142cie, kt\u00f3ry chroni przed wyciekami i zabrudzeniem bielizny. Zewn\u0119trzna warstwa wykonana jest z przewiewnego materia\u0142u, kt\u00f3ry pozwala sk\u00f3rze oddycha\u0107 i zmniejsza ryzyko podra\u017cnie\u0144. Wk\u0142adki wyposa\u017cone s\u0105 w praktyczny przylepiec, kt\u00f3ry stabilnie utrzymuje je w biustonoszu. S\u0105 mi\u0119kkie, delikatne dla sk\u00f3ry i skutecznie chroni\u0105 bielizn\u0119. Opakowanie zawiera 60 sztuk wk\u0142adek.<\/p>\n","protected":false},"excerpt":{"rendered":"<p>Bella Mamma to jednorazowe wk\u0142adki laktacyjne o wysokiej ch\u0142onno\u015bci i anatomicznym kszta\u0142cie, kt\u00f3ry chroni przed wyciekami i zabrudzeniem bielizny. Zewn\u0119trzna warstwa wykonana jest z przewiewnego materia\u0142u, kt\u00f3ry pozwala sk\u00f3rze oddycha\u0107 i zmniejsza ryzyko podra\u017cnie\u0144. Wk\u0142adki wyposa\u017cone s\u0105 w praktyczny przylepiec, kt\u00f3ry stabilnie utrzymuje je w biustonoszu. S\u0105 mi\u0119kkie, delikatne dla sk\u00f3ry i skutecznie chroni\u0105 bielizn\u0119. [&hellip;]<\/p>\n","protected":false},"featured_media":10469,"comment_status":"open","ping_status":"closed","template":"","meta":[],"product_brand":[],"product_cat":[94,88,91],"product_tag":[],"class_list":{"0":"post-10470","1":"product","2":"type-product","3":"status-publish","4":"has-post-thumbnail","6":"product_cat-karmienie-piersia","7":"product_cat-mama","8":"product_cat-wkladki-laktacyjne","10":"first","11":"instock","12":"taxable","13":"shipping-taxable","14":"purchasable","15":"product-type-simple"},"_links":{"self":[{"href":"https:\/\/www.bobooaza.pl\/index.php\/wp-json\/wp\/v2\/product\/10470","targetHints":{"allow":["GET"]}}],"collection":[{"href":"https:\/\/www.bobooaza.pl\/index.php\/wp-json\/wp\/v2\/product"}],"about":[{"href":"https:\/\/www.bobooaza.pl\/index.php\/wp-json\/wp\/v2\/types\/product"}],"replies":[{"embeddable":true,"href":"https:\/\/www.bobooaza.pl\/index.php\/wp-json\/wp\/v2\/comments?post=10470"}],"wp:featuredmedia":[{"embeddable":true,"href":"https:\/\/www.bobooaza.pl\/index.php\/wp-json\/wp\/v2\/media\/10469"}],"wp:attachment":[{"href":"https:\/\/www.bobooaza.pl\/index.php\/wp-json\/wp\/v2\/media?parent=10470"}],"wp:term":[{"taxonomy":"product_brand","embeddable":true,"href":"https:\/\/www.bobooaza.pl\/index.php\/wp-json\/wp\/v2\/product_brand?post=10470"},{"taxonomy":"product_cat","embeddable":true,"href":"https:\/\/www.bobooaza.pl\/index.php\/wp-json\/wp\/v2\/product_cat?post=10470"},{"taxonomy":"product_tag","embeddable":true,"href":"https:\/\/www.bobooaza.pl\/index.php\/wp-json\/wp\/v2\/product_tag?post=10470"}],"curies":[{"name":"wp","href":"https:\/\/api.w.org\/{rel}","templated":true}]}}