{"id":10473,"date":"2026-01-05T21:58:48","date_gmt":"2026-01-05T20:58:48","guid":{"rendered":"https:\/\/bobooaza.pl\/index.php\/produkt\/akuku-a0160-wkladki-laktacyjne-daily-60-szt\/"},"modified":"2026-01-05T22:03:26","modified_gmt":"2026-01-05T21:03:26","slug":"akuku-a0160-wkladki-laktacyjne-daily-60-szt","status":"publish","type":"product","link":"https:\/\/www.bobooaza.pl\/index.php\/produkt\/akuku-a0160-wkladki-laktacyjne-daily-60-szt\/","title":{"rendered":"AKUKU A0160 Wk\u0142adki laktacyjne DAILY 60 szt"},"content":{"rendered":"<p>Akuku A0160 wk\u0142adki laktacyjne Daily 60 szt. to bardzo ch\u0142onne jednorazowe wk\u0142adki stworzone z my\u015bl\u0105 o codziennym komforcie karmi\u0105cych mam. Wyprofilowany kszta\u0142t sprawia, \u017ce s\u0105 wygodne i dyskretne, a dzi\u0119ki swojej konstrukcji zapewniaj\u0105 uczucie sucho\u015bci i \u015bwie\u017co\u015bci przez wiele godzin noszenia.<\/p>\n<p>Wk\u0142adki wyposa\u017cone s\u0105 w superabsorbent oraz wk\u0142ad \u017celuj\u0105cy, kt\u00f3ry skutecznie poch\u0142ania wilgo\u0107 i zatrzymuje j\u0105 z dala od bielizny. Przewiewna struktura pozwala sk\u00f3rze oddycha\u0107 i jest przyjazna dla wra\u017cliwych piersi. Szeroki pasek samoprzylepny stabilnie utrzymuje wk\u0142adk\u0119 na w\u0142a\u015bciwym miejscu, zapobiegaj\u0105c jej przesuwaniu si\u0119 w biustonoszu.<\/p>\n<p>Dla zachowania najwy\u017cszego poziomu higieny ka\u017cda wk\u0142adka pakowana jest w osobny foliowy woreczek, co zapewnia wygod\u0119 u\u017cytkowania zar\u00f3wno w domu, jak i poza nim. Opakowanie zawiera 60 sztuk wk\u0142adek laktacyjnych. Dla komfortu i higieny zaleca si\u0119 ich regularn\u0105 wymian\u0119.<\/p>\n","protected":false},"excerpt":{"rendered":"<p>Akuku A0160 wk\u0142adki laktacyjne Daily 60 szt. to bardzo ch\u0142onne jednorazowe wk\u0142adki stworzone z my\u015bl\u0105 o codziennym komforcie karmi\u0105cych mam. Wyprofilowany kszta\u0142t sprawia, \u017ce s\u0105 wygodne i dyskretne, a dzi\u0119ki swojej konstrukcji zapewniaj\u0105 uczucie sucho\u015bci i \u015bwie\u017co\u015bci przez wiele godzin noszenia. Wk\u0142adki wyposa\u017cone s\u0105 w superabsorbent oraz wk\u0142ad \u017celuj\u0105cy, kt\u00f3ry skutecznie poch\u0142ania wilgo\u0107 i zatrzymuje [&hellip;]<\/p>\n","protected":false},"featured_media":10471,"comment_status":"open","ping_status":"closed","template":"","meta":[],"product_brand":[],"product_cat":[94,88,91],"product_tag":[],"class_list":{"0":"post-10473","1":"product","2":"type-product","3":"status-publish","4":"has-post-thumbnail","6":"product_cat-karmienie-piersia","7":"product_cat-mama","8":"product_cat-wkladki-laktacyjne","10":"first","11":"instock","12":"taxable","13":"shipping-taxable","14":"purchasable","15":"product-type-simple"},"_links":{"self":[{"href":"https:\/\/www.bobooaza.pl\/index.php\/wp-json\/wp\/v2\/product\/10473","targetHints":{"allow":["GET"]}}],"collection":[{"href":"https:\/\/www.bobooaza.pl\/index.php\/wp-json\/wp\/v2\/product"}],"about":[{"href":"https:\/\/www.bobooaza.pl\/index.php\/wp-json\/wp\/v2\/types\/product"}],"replies":[{"embeddable":true,"href":"https:\/\/www.bobooaza.pl\/index.php\/wp-json\/wp\/v2\/comments?post=10473"}],"wp:featuredmedia":[{"embeddable":true,"href":"https:\/\/www.bobooaza.pl\/index.php\/wp-json\/wp\/v2\/media\/10471"}],"wp:attachment":[{"href":"https:\/\/www.bobooaza.pl\/index.php\/wp-json\/wp\/v2\/media?parent=10473"}],"wp:term":[{"taxonomy":"product_brand","embeddable":true,"href":"https:\/\/www.bobooaza.pl\/index.php\/wp-json\/wp\/v2\/product_brand?post=10473"},{"taxonomy":"product_cat","embeddable":true,"href":"https:\/\/www.bobooaza.pl\/index.php\/wp-json\/wp\/v2\/product_cat?post=10473"},{"taxonomy":"product_tag","embeddable":true,"href":"https:\/\/www.bobooaza.pl\/index.php\/wp-json\/wp\/v2\/product_tag?post=10473"}],"curies":[{"name":"wp","href":"https:\/\/api.w.org\/{rel}","templated":true}]}}