{"id":10475,"date":"2026-01-05T21:58:49","date_gmt":"2026-01-05T20:58:49","guid":{"rendered":"https:\/\/bobooaza.pl\/index.php\/produkt\/lansinoh-wkladki-laktacyjne-jednorazowe-100-szt\/"},"modified":"2026-01-05T22:03:27","modified_gmt":"2026-01-05T21:03:27","slug":"lansinoh-wkladki-laktacyjne-jednorazowe-100-szt","status":"publish","type":"product","link":"https:\/\/www.bobooaza.pl\/index.php\/produkt\/lansinoh-wkladki-laktacyjne-jednorazowe-100-szt\/","title":{"rendered":"LANSINOH Wk\u0142adki laktacyjne jednorazowe 100 szt"},"content":{"rendered":"<p>Lansinoh jednorazowe wk\u0142adki laktacyjne 100 szt. to niezawodne rozwi\u0105zanie dla mam karmi\u0105cych, kt\u00f3re oczekuj\u0105 maksymalnej ochrony, komfortu i dyskrecji w ka\u017cdej sytuacji. Naturalnie wyprofilowany kszta\u0142t sprawia, \u017ce wk\u0142adki idealnie dopasowuj\u0105 si\u0119 do ka\u017cdego rozmiaru i kszta\u0142tu piersi, pozostaj\u0105c niewidoczne pod bielizn\u0105 i ubraniem.<\/p>\n<p>Zaawansowana technologia One-way skutecznie poch\u0142ania wilgo\u0107 i zatrzymuje j\u0105 wewn\u0105trz wk\u0142adki, zapewniaj\u0105c uczucie sucho\u015bci zar\u00f3wno w dzie\u0144, jak i w nocy. Superabsorbuj\u0105cy polimer chroni przed przeciekaniem, a dwa paski samoprzylepne stabilnie utrzymuj\u0105 wk\u0142adk\u0119 na miejscu, zapobiegaj\u0105c jej przesuwaniu si\u0119.<\/p>\n<p>Oddychaj\u0105ca warstwa zewn\u0119trzna zabezpiecza odzie\u017c przed zawilgoceniem, natomiast mi\u0119kka i delikatna warstwa wewn\u0119trzna jest przyjazna dla wra\u017cliwej sk\u00f3ry piersi i zwi\u0119ksza komfort u\u017cytkowania. Ka\u017cda wk\u0142adka pakowana jest pojedynczo, co gwarantuje wysoki poziom higieny i wygod\u0119 stosowania w domu oraz poza nim.<\/p>\n","protected":false},"excerpt":{"rendered":"<p>Lansinoh jednorazowe wk\u0142adki laktacyjne 100 szt. to niezawodne rozwi\u0105zanie dla mam karmi\u0105cych, kt\u00f3re oczekuj\u0105 maksymalnej ochrony, komfortu i dyskrecji w ka\u017cdej sytuacji. Naturalnie wyprofilowany kszta\u0142t sprawia, \u017ce wk\u0142adki idealnie dopasowuj\u0105 si\u0119 do ka\u017cdego rozmiaru i kszta\u0142tu piersi, pozostaj\u0105c niewidoczne pod bielizn\u0105 i ubraniem. Zaawansowana technologia One-way skutecznie poch\u0142ania wilgo\u0107 i zatrzymuje j\u0105 wewn\u0105trz wk\u0142adki, zapewniaj\u0105c [&hellip;]<\/p>\n","protected":false},"featured_media":10474,"comment_status":"open","ping_status":"closed","template":"","meta":[],"product_brand":[],"product_cat":[94,88,91],"product_tag":[],"class_list":{"0":"post-10475","1":"product","2":"type-product","3":"status-publish","4":"has-post-thumbnail","6":"product_cat-karmienie-piersia","7":"product_cat-mama","8":"product_cat-wkladki-laktacyjne","10":"first","11":"instock","12":"taxable","13":"shipping-taxable","14":"purchasable","15":"product-type-simple"},"_links":{"self":[{"href":"https:\/\/www.bobooaza.pl\/index.php\/wp-json\/wp\/v2\/product\/10475","targetHints":{"allow":["GET"]}}],"collection":[{"href":"https:\/\/www.bobooaza.pl\/index.php\/wp-json\/wp\/v2\/product"}],"about":[{"href":"https:\/\/www.bobooaza.pl\/index.php\/wp-json\/wp\/v2\/types\/product"}],"replies":[{"embeddable":true,"href":"https:\/\/www.bobooaza.pl\/index.php\/wp-json\/wp\/v2\/comments?post=10475"}],"wp:featuredmedia":[{"embeddable":true,"href":"https:\/\/www.bobooaza.pl\/index.php\/wp-json\/wp\/v2\/media\/10474"}],"wp:attachment":[{"href":"https:\/\/www.bobooaza.pl\/index.php\/wp-json\/wp\/v2\/media?parent=10475"}],"wp:term":[{"taxonomy":"product_brand","embeddable":true,"href":"https:\/\/www.bobooaza.pl\/index.php\/wp-json\/wp\/v2\/product_brand?post=10475"},{"taxonomy":"product_cat","embeddable":true,"href":"https:\/\/www.bobooaza.pl\/index.php\/wp-json\/wp\/v2\/product_cat?post=10475"},{"taxonomy":"product_tag","embeddable":true,"href":"https:\/\/www.bobooaza.pl\/index.php\/wp-json\/wp\/v2\/product_tag?post=10475"}],"curies":[{"name":"wp","href":"https:\/\/api.w.org\/{rel}","templated":true}]}}