{"id":10478,"date":"2026-01-05T21:58:53","date_gmt":"2026-01-05T20:58:53","guid":{"rendered":"https:\/\/bobooaza.pl\/index.php\/produkt\/b-o-297-01-wkladki-laktacyjne-night-day-40-szt\/"},"modified":"2026-01-05T22:03:28","modified_gmt":"2026-01-05T21:03:28","slug":"b-o-297-01-wkladki-laktacyjne-night-day-40-szt","status":"publish","type":"product","link":"https:\/\/www.bobooaza.pl\/index.php\/produkt\/b-o-297-01-wkladki-laktacyjne-night-day-40-szt\/","title":{"rendered":"B.O.297\/01 Wk\u0142adki laktacyjne NIGHT &amp; DAY 40 szt"},"content":{"rendered":"<p>B.O.297\/01 Wk\u0142adki laktacyjne Night &amp; Day 40 szt. to uniwersalne wk\u0142adki dla kobiet karmi\u0105cych, zaprojektowane z my\u015bl\u0105 o komforcie i skutecznej ochronie zar\u00f3wno w ci\u0105gu dnia, jak i w nocy. Wyprofilowany kszta\u0142t sprawia, \u017ce wk\u0142adki dobrze dopasowuj\u0105 si\u0119 do piersi, zapewniaj\u0105c wygod\u0119 noszenia i dyskrecj\u0119 pod bielizn\u0105.<\/p>\n<p>Zastosowany \u017celuj\u0105cy absorbent skutecznie ch\u0142onie nadmiar pokarmu, a dodatkowa warstwa izoluj\u0105ca zwi\u0119ksza uczucie sucho\u015bci i bezpiecze\u0144stwa. Oddychaj\u0105ca warstwa maj\u0105ca kontakt ze sk\u00f3r\u0105 jest delikatna dla wra\u017cliwej sk\u00f3ry piersi i pomaga zapobiega\u0107 podra\u017cnieniom. Zewn\u0119trzna warstwa z dwoma paskami samoprzylepnymi stabilnie utrzymuje wk\u0142adk\u0119 we w\u0142a\u015bciwym po\u0142o\u017ceniu, chroni\u0105c bielizn\u0119 przed przeciekaniem.<\/p>\n<p>Ka\u017cda wk\u0142adka pakowana jest w osobny woreczek, co zapewnia wysoki poziom higieny oraz wygod\u0119 u\u017cytkowania poza domem. \u015arednica 12,5 cm gwarantuje dobre krycie, a opakowanie zawieraj\u0105ce 40 sztuk sprawdzi si\u0119 w codziennym u\u017cytkowaniu podczas ca\u0142ego okresu karmienia.<\/p>\n","protected":false},"excerpt":{"rendered":"<p>B.O.297\/01 Wk\u0142adki laktacyjne Night &amp; Day 40 szt. to uniwersalne wk\u0142adki dla kobiet karmi\u0105cych, zaprojektowane z my\u015bl\u0105 o komforcie i skutecznej ochronie zar\u00f3wno w ci\u0105gu dnia, jak i w nocy. Wyprofilowany kszta\u0142t sprawia, \u017ce wk\u0142adki dobrze dopasowuj\u0105 si\u0119 do piersi, zapewniaj\u0105c wygod\u0119 noszenia i dyskrecj\u0119 pod bielizn\u0105. Zastosowany \u017celuj\u0105cy absorbent skutecznie ch\u0142onie nadmiar pokarmu, a [&hellip;]<\/p>\n","protected":false},"featured_media":10476,"comment_status":"open","ping_status":"closed","template":"","meta":[],"product_brand":[],"product_cat":[94,88,91],"product_tag":[],"class_list":{"0":"post-10478","1":"product","2":"type-product","3":"status-publish","4":"has-post-thumbnail","6":"product_cat-karmienie-piersia","7":"product_cat-mama","8":"product_cat-wkladki-laktacyjne","10":"first","11":"instock","12":"taxable","13":"shipping-taxable","14":"purchasable","15":"product-type-simple"},"_links":{"self":[{"href":"https:\/\/www.bobooaza.pl\/index.php\/wp-json\/wp\/v2\/product\/10478","targetHints":{"allow":["GET"]}}],"collection":[{"href":"https:\/\/www.bobooaza.pl\/index.php\/wp-json\/wp\/v2\/product"}],"about":[{"href":"https:\/\/www.bobooaza.pl\/index.php\/wp-json\/wp\/v2\/types\/product"}],"replies":[{"embeddable":true,"href":"https:\/\/www.bobooaza.pl\/index.php\/wp-json\/wp\/v2\/comments?post=10478"}],"wp:featuredmedia":[{"embeddable":true,"href":"https:\/\/www.bobooaza.pl\/index.php\/wp-json\/wp\/v2\/media\/10476"}],"wp:attachment":[{"href":"https:\/\/www.bobooaza.pl\/index.php\/wp-json\/wp\/v2\/media?parent=10478"}],"wp:term":[{"taxonomy":"product_brand","embeddable":true,"href":"https:\/\/www.bobooaza.pl\/index.php\/wp-json\/wp\/v2\/product_brand?post=10478"},{"taxonomy":"product_cat","embeddable":true,"href":"https:\/\/www.bobooaza.pl\/index.php\/wp-json\/wp\/v2\/product_cat?post=10478"},{"taxonomy":"product_tag","embeddable":true,"href":"https:\/\/www.bobooaza.pl\/index.php\/wp-json\/wp\/v2\/product_tag?post=10478"}],"curies":[{"name":"wp","href":"https:\/\/api.w.org\/{rel}","templated":true}]}}