{"id":10482,"date":"2026-01-05T21:58:58","date_gmt":"2026-01-05T20:58:58","guid":{"rendered":"https:\/\/bobooaza.pl\/index.php\/produkt\/b-o-296-wkladki-laktacyjne-comfort-5020-szt-gratis\/"},"modified":"2026-01-19T20:19:23","modified_gmt":"2026-01-19T19:19:23","slug":"b-o-296-wkladki-laktacyjne-comfort-5020-szt-gratis","status":"publish","type":"product","link":"https:\/\/www.bobooaza.pl\/index.php\/produkt\/b-o-296-wkladki-laktacyjne-comfort-5020-szt-gratis\/","title":{"rendered":"B.O.296 Wk\u0142adki laktacyjne Comfort 50+20 szt.gratis"},"content":{"rendered":"<p>B.O.296 Wk\u0142adki laktacyjne Comfort 50+20 szt. gratis to praktyczne i wygodne rozwi\u0105zanie dla kobiet karmi\u0105cych, kt\u00f3re oczekuj\u0105 skutecznej ochrony oraz maksymalnego komfortu na co dzie\u0144. Przewiewne i delikatne warstwy wk\u0142adek doskonale ch\u0142on\u0105 nadmiar pokarmu, pomagaj\u0105c chroni\u0107 wra\u017cliw\u0105 sk\u00f3r\u0119 piersi przed podra\u017cnieniami. Ultra cienka konstrukcja sprawia, \u017ce wk\u0142adki s\u0105 dyskretne pod ubraniem i wygodne nawet przy d\u0142ugotrwa\u0142ym noszeniu.<\/p>\n<p>Zastosowany \u017celuj\u0105cy absorbent szybko wi\u0105\u017ce wilgo\u0107, a dodatkowa warstwa izoluj\u0105ca zwi\u0119ksza poziom ch\u0142onno\u015bci i poczucie sucho\u015bci. Oddychaj\u0105ca warstwa wewn\u0119trzna jest przyjazna dla delikatnej sk\u00f3ry, natomiast zewn\u0119trzna warstwa z dwoma paskami samoprzylepnymi skutecznie zapobiega przeciekaniu i utrzymuje wk\u0142adk\u0119 na w\u0142a\u015bciwym miejscu.<\/p>\n<p>Ka\u017cda wk\u0142adka pakowana jest w osobny woreczek, co zapewnia wysoki poziom higieny oraz wygod\u0119 u\u017cytkowania zar\u00f3wno w domu, jak i poza nim. Zestaw 50 sztuk z dodatkowymi 20 wk\u0142adkami gratis stanowi ekonomiczny wyb\u00f3r na d\u0142u\u017cszy okres karmienia.<\/p>\n","protected":false},"excerpt":{"rendered":"<p>B.O.296 Wk\u0142adki laktacyjne Comfort 50+20 szt. gratis to praktyczne i wygodne rozwi\u0105zanie dla kobiet karmi\u0105cych, kt\u00f3re oczekuj\u0105 skutecznej ochrony oraz maksymalnego komfortu na co dzie\u0144. Przewiewne i delikatne warstwy wk\u0142adek doskonale ch\u0142on\u0105 nadmiar pokarmu, pomagaj\u0105c chroni\u0107 wra\u017cliw\u0105 sk\u00f3r\u0119 piersi przed podra\u017cnieniami. Ultra cienka konstrukcja sprawia, \u017ce wk\u0142adki s\u0105 dyskretne pod ubraniem i wygodne nawet przy [&hellip;]<\/p>\n","protected":false},"featured_media":10481,"comment_status":"open","ping_status":"closed","template":"","meta":[],"product_brand":[],"product_cat":[94,88,91],"product_tag":[],"class_list":{"0":"post-10482","1":"product","2":"type-product","3":"status-publish","4":"has-post-thumbnail","6":"product_cat-karmienie-piersia","7":"product_cat-mama","8":"product_cat-wkladki-laktacyjne","10":"first","11":"instock","12":"taxable","13":"shipping-taxable","14":"purchasable","15":"product-type-simple"},"_links":{"self":[{"href":"https:\/\/www.bobooaza.pl\/index.php\/wp-json\/wp\/v2\/product\/10482","targetHints":{"allow":["GET"]}}],"collection":[{"href":"https:\/\/www.bobooaza.pl\/index.php\/wp-json\/wp\/v2\/product"}],"about":[{"href":"https:\/\/www.bobooaza.pl\/index.php\/wp-json\/wp\/v2\/types\/product"}],"replies":[{"embeddable":true,"href":"https:\/\/www.bobooaza.pl\/index.php\/wp-json\/wp\/v2\/comments?post=10482"}],"wp:featuredmedia":[{"embeddable":true,"href":"https:\/\/www.bobooaza.pl\/index.php\/wp-json\/wp\/v2\/media\/10481"}],"wp:attachment":[{"href":"https:\/\/www.bobooaza.pl\/index.php\/wp-json\/wp\/v2\/media?parent=10482"}],"wp:term":[{"taxonomy":"product_brand","embeddable":true,"href":"https:\/\/www.bobooaza.pl\/index.php\/wp-json\/wp\/v2\/product_brand?post=10482"},{"taxonomy":"product_cat","embeddable":true,"href":"https:\/\/www.bobooaza.pl\/index.php\/wp-json\/wp\/v2\/product_cat?post=10482"},{"taxonomy":"product_tag","embeddable":true,"href":"https:\/\/www.bobooaza.pl\/index.php\/wp-json\/wp\/v2\/product_tag?post=10482"}],"curies":[{"name":"wp","href":"https:\/\/api.w.org\/{rel}","templated":true}]}}