{"id":10484,"date":"2026-01-05T21:58:59","date_gmt":"2026-01-05T20:58:59","guid":{"rendered":"https:\/\/bobooaza.pl\/index.php\/produkt\/b-o-298-01-wkladki-laktacyjne-natural-nursing-24-szt-biale\/"},"modified":"2026-01-19T20:19:24","modified_gmt":"2026-01-19T19:19:24","slug":"b-o-298-01-wkladki-laktacyjne-natural-nursing-24-szt-biale","status":"publish","type":"product","link":"https:\/\/www.bobooaza.pl\/index.php\/produkt\/b-o-298-01-wkladki-laktacyjne-natural-nursing-24-szt-biale\/","title":{"rendered":"B.O.298\/01 Wk\u0142adki laktacyjne NATURAL NURSING 24 szt bia\u0142e"},"content":{"rendered":"<p>B.O.298\/01 Wk\u0142adki laktacyjne Natural Nursing bia\u0142e 24 szt. to komfortowe i dyskretne wk\u0142adki dla kobiet karmi\u0105cych, zaprojektowane z my\u015bl\u0105 o codziennym poczuciu sucho\u015bci i bezpiecze\u0144stwa. Ich supercienka konstrukcja sprawia, \u017ce s\u0105 praktycznie niewidoczne pod ubraniem, a jednocze\u015bnie cechuj\u0105 si\u0119 wysok\u0105 ch\u0142onno\u015bci\u0105, umo\u017cliwiaj\u0105c\u0105 wch\u0142oni\u0119cie nawet do 150 ml nadmiaru pokarmu.<\/p>\n<p>Wk\u0142adki wyposa\u017cono w ultra cienk\u0105 warstw\u0119 izoluj\u0105c\u0105, kt\u00f3ra zwi\u0119ksza ch\u0142onno\u015b\u0107 i dyskrecj\u0119 u\u017cytkowania. Wewn\u0119trzny superabsorbent \u017celuj\u0105cy skutecznie wi\u0105\u017ce wilgo\u0107, a oddychaj\u0105ca warstwa maj\u0105ca kontakt ze sk\u00f3r\u0105 jest delikatna dla wra\u017cliwych piersi. Zewn\u0119trzna warstwa z dwoma paskami samoprzylepnymi zapobiega przeciekaniu i pomaga utrzyma\u0107 wk\u0142adk\u0119 na w\u0142a\u015bciwym miejscu.<\/p>\n<p>Bia\u0142y kolor wk\u0142adek Natural Nursing doskonale sprawdzi si\u0119 pod jasn\u0105 bielizn\u0105. Ka\u017cda wk\u0142adka pakowana jest osobno, co zapewnia wysoki poziom higieny oraz wygod\u0119 u\u017cytkowania zar\u00f3wno w domu, jak i poza nim.<\/p>\n","protected":false},"excerpt":{"rendered":"<p>B.O.298\/01 Wk\u0142adki laktacyjne Natural Nursing bia\u0142e 24 szt. to komfortowe i dyskretne wk\u0142adki dla kobiet karmi\u0105cych, zaprojektowane z my\u015bl\u0105 o codziennym poczuciu sucho\u015bci i bezpiecze\u0144stwa. Ich supercienka konstrukcja sprawia, \u017ce s\u0105 praktycznie niewidoczne pod ubraniem, a jednocze\u015bnie cechuj\u0105 si\u0119 wysok\u0105 ch\u0142onno\u015bci\u0105, umo\u017cliwiaj\u0105c\u0105 wch\u0142oni\u0119cie nawet do 150 ml nadmiaru pokarmu. Wk\u0142adki wyposa\u017cono w ultra cienk\u0105 warstw\u0119 [&hellip;]<\/p>\n","protected":false},"featured_media":10483,"comment_status":"open","ping_status":"closed","template":"","meta":[],"product_brand":[],"product_cat":[94,88,91],"product_tag":[],"class_list":{"0":"post-10484","1":"product","2":"type-product","3":"status-publish","4":"has-post-thumbnail","6":"product_cat-karmienie-piersia","7":"product_cat-mama","8":"product_cat-wkladki-laktacyjne","10":"first","11":"instock","12":"taxable","13":"shipping-taxable","14":"purchasable","15":"product-type-simple"},"_links":{"self":[{"href":"https:\/\/www.bobooaza.pl\/index.php\/wp-json\/wp\/v2\/product\/10484","targetHints":{"allow":["GET"]}}],"collection":[{"href":"https:\/\/www.bobooaza.pl\/index.php\/wp-json\/wp\/v2\/product"}],"about":[{"href":"https:\/\/www.bobooaza.pl\/index.php\/wp-json\/wp\/v2\/types\/product"}],"replies":[{"embeddable":true,"href":"https:\/\/www.bobooaza.pl\/index.php\/wp-json\/wp\/v2\/comments?post=10484"}],"wp:featuredmedia":[{"embeddable":true,"href":"https:\/\/www.bobooaza.pl\/index.php\/wp-json\/wp\/v2\/media\/10483"}],"wp:attachment":[{"href":"https:\/\/www.bobooaza.pl\/index.php\/wp-json\/wp\/v2\/media?parent=10484"}],"wp:term":[{"taxonomy":"product_brand","embeddable":true,"href":"https:\/\/www.bobooaza.pl\/index.php\/wp-json\/wp\/v2\/product_brand?post=10484"},{"taxonomy":"product_cat","embeddable":true,"href":"https:\/\/www.bobooaza.pl\/index.php\/wp-json\/wp\/v2\/product_cat?post=10484"},{"taxonomy":"product_tag","embeddable":true,"href":"https:\/\/www.bobooaza.pl\/index.php\/wp-json\/wp\/v2\/product_tag?post=10484"}],"curies":[{"name":"wp","href":"https:\/\/api.w.org\/{rel}","templated":true}]}}