{"id":10486,"date":"2026-01-05T21:59:00","date_gmt":"2026-01-05T20:59:00","guid":{"rendered":"https:\/\/bobooaza.pl\/index.php\/produkt\/b-o-298-02-wkladki-laktacyjne-natural-nursing-24-szt-czarne\/"},"modified":"2026-01-19T20:19:25","modified_gmt":"2026-01-19T19:19:25","slug":"b-o-298-02-wkladki-laktacyjne-natural-nursing-24-szt-czarne","status":"publish","type":"product","link":"https:\/\/www.bobooaza.pl\/index.php\/produkt\/b-o-298-02-wkladki-laktacyjne-natural-nursing-24-szt-czarne\/","title":{"rendered":"B.O.298\/02 Wk\u0142adki laktacyjne NATURAL NURSING 24 szt czarne"},"content":{"rendered":"<p>B.O.298\/02 Wk\u0142adki laktacyjne Natural Nursing czarne 24 szt. to dyskretne i komfortowe rozwi\u0105zanie dla kobiet karmi\u0105cych, kt\u00f3re oczekuj\u0105 wysokiej ch\u0142onno\u015bci i niewidoczno\u015bci pod ubraniem. Dzi\u0119ki supercienkiej konstrukcji wk\u0142adki pozostaj\u0105 praktycznie niewidoczne, a jednocze\u015bnie skutecznie absorbuj\u0105 nawet do 150 ml nadmiaru pokarmu, zapewniaj\u0105c uczucie sucho\u015bci i bezpiecze\u0144stwa przez ca\u0142y dzie\u0144.<\/p>\n<p>Zastosowana technologia \u0142\u0105czy warstw\u0119 ultra cienk\u0105 o zwi\u0119kszonej ch\u0142onno\u015bci z \u017celuj\u0105cym superabsorbentem, kt\u00f3ry szybko wi\u0105\u017ce wilgo\u0107. Oddychaj\u0105ca warstwa wewn\u0119trzna jest delikatna dla wra\u017cliwej sk\u00f3ry piersi, a zewn\u0119trzna warstwa z dwoma paskami samoprzylepnymi zapobiega przeciekaniu i utrzymuje wk\u0142adk\u0119 na w\u0142a\u015bciwym miejscu.<\/p>\n<p>Wk\u0142adki Natural Nursing dost\u0119pne s\u0105 w eleganckim czarnym kolorze, idealnym do ciemnej bielizny. Ka\u017cda wk\u0142adka pakowana jest osobno, co gwarantuje wysoki poziom higieny oraz wygod\u0119 u\u017cytkowania zar\u00f3wno w domu, jak i poza nim.<\/p>\n","protected":false},"excerpt":{"rendered":"<p>B.O.298\/02 Wk\u0142adki laktacyjne Natural Nursing czarne 24 szt. to dyskretne i komfortowe rozwi\u0105zanie dla kobiet karmi\u0105cych, kt\u00f3re oczekuj\u0105 wysokiej ch\u0142onno\u015bci i niewidoczno\u015bci pod ubraniem. Dzi\u0119ki supercienkiej konstrukcji wk\u0142adki pozostaj\u0105 praktycznie niewidoczne, a jednocze\u015bnie skutecznie absorbuj\u0105 nawet do 150 ml nadmiaru pokarmu, zapewniaj\u0105c uczucie sucho\u015bci i bezpiecze\u0144stwa przez ca\u0142y dzie\u0144. Zastosowana technologia \u0142\u0105czy warstw\u0119 ultra cienk\u0105 [&hellip;]<\/p>\n","protected":false},"featured_media":10485,"comment_status":"open","ping_status":"closed","template":"","meta":[],"product_brand":[],"product_cat":[94,88,91],"product_tag":[],"class_list":{"0":"post-10486","1":"product","2":"type-product","3":"status-publish","4":"has-post-thumbnail","6":"product_cat-karmienie-piersia","7":"product_cat-mama","8":"product_cat-wkladki-laktacyjne","10":"first","11":"instock","12":"taxable","13":"shipping-taxable","14":"purchasable","15":"product-type-simple"},"_links":{"self":[{"href":"https:\/\/www.bobooaza.pl\/index.php\/wp-json\/wp\/v2\/product\/10486","targetHints":{"allow":["GET"]}}],"collection":[{"href":"https:\/\/www.bobooaza.pl\/index.php\/wp-json\/wp\/v2\/product"}],"about":[{"href":"https:\/\/www.bobooaza.pl\/index.php\/wp-json\/wp\/v2\/types\/product"}],"replies":[{"embeddable":true,"href":"https:\/\/www.bobooaza.pl\/index.php\/wp-json\/wp\/v2\/comments?post=10486"}],"wp:featuredmedia":[{"embeddable":true,"href":"https:\/\/www.bobooaza.pl\/index.php\/wp-json\/wp\/v2\/media\/10485"}],"wp:attachment":[{"href":"https:\/\/www.bobooaza.pl\/index.php\/wp-json\/wp\/v2\/media?parent=10486"}],"wp:term":[{"taxonomy":"product_brand","embeddable":true,"href":"https:\/\/www.bobooaza.pl\/index.php\/wp-json\/wp\/v2\/product_brand?post=10486"},{"taxonomy":"product_cat","embeddable":true,"href":"https:\/\/www.bobooaza.pl\/index.php\/wp-json\/wp\/v2\/product_cat?post=10486"},{"taxonomy":"product_tag","embeddable":true,"href":"https:\/\/www.bobooaza.pl\/index.php\/wp-json\/wp\/v2\/product_tag?post=10486"}],"curies":[{"name":"wp","href":"https:\/\/api.w.org\/{rel}","templated":true}]}}