{"id":10488,"date":"2026-01-05T21:59:01","date_gmt":"2026-01-05T20:59:01","guid":{"rendered":"https:\/\/bobooaza.pl\/index.php\/produkt\/canpol-1-652-wkladki-laktacyjne-z-paskiem-samoprzylepnym-60szt\/"},"modified":"2026-01-19T20:19:26","modified_gmt":"2026-01-19T19:19:26","slug":"canpol-1-652-wkladki-laktacyjne-z-paskiem-samoprzylepnym-60szt","status":"publish","type":"product","link":"https:\/\/www.bobooaza.pl\/index.php\/produkt\/canpol-1-652-wkladki-laktacyjne-z-paskiem-samoprzylepnym-60szt\/","title":{"rendered":"CANPOL 1\/652 Wk\u0142adki laktacyjne z paskiem samoprzylepnym 60szt"},"content":{"rendered":"<p>CANPOL 1\/652 Wk\u0142adki laktacyjne z paskiem samoprzylepnym 60 szt. to ulepszone jednorazowe wk\u0142adki laktacyjne, stworzone z my\u015bl\u0105 o codziennym komforcie mam karmi\u0105cych. Zastosowany wk\u0142ad \u017celuj\u0105cy skutecznie poch\u0142ania wilgo\u0107 i zapewnia d\u0142ugotrwa\u0142e uczucie sucho\u015bci oraz \u015bwie\u017co\u015bci, nawet przy intensywnym u\u017cytkowaniu.<\/p>\n<p>Wk\u0142adki wykonane s\u0105 z wyj\u0105tkowo mi\u0119kkich i delikatnych materia\u0142\u00f3w, kt\u00f3re nie podra\u017cniaj\u0105 wra\u017cliwej sk\u00f3ry piersi. Tr\u00f3jwarstwowa konstrukcja obejmuje warstw\u0119 zabezpieczaj\u0105c\u0105 przed przeciekaniem, warstw\u0119 izoluj\u0105c\u0105 wilgo\u0107 oraz oddychaj\u0105c\u0105 warstw\u0119 zewn\u0119trzn\u0105, co zwi\u0119ksza komfort noszenia i pomaga utrzyma\u0107 sk\u00f3r\u0119 w dobrej kondycji.<\/p>\n<p>Ka\u017cda para wk\u0142adek zapakowana jest osobno w foliowy woreczek, co gwarantuje wysoki poziom higieny oraz wygod\u0119 u\u017cytkowania zar\u00f3wno w domu, jak i poza nim. Samoprzylepny pasek stabilnie utrzymuje wk\u0142adk\u0119 na miejscu, zapobiegaj\u0105c jej przesuwaniu si\u0119 w ci\u0105gu dnia.<\/p>\n","protected":false},"excerpt":{"rendered":"<p>CANPOL 1\/652 Wk\u0142adki laktacyjne z paskiem samoprzylepnym 60 szt. to ulepszone jednorazowe wk\u0142adki laktacyjne, stworzone z my\u015bl\u0105 o codziennym komforcie mam karmi\u0105cych. Zastosowany wk\u0142ad \u017celuj\u0105cy skutecznie poch\u0142ania wilgo\u0107 i zapewnia d\u0142ugotrwa\u0142e uczucie sucho\u015bci oraz \u015bwie\u017co\u015bci, nawet przy intensywnym u\u017cytkowaniu. Wk\u0142adki wykonane s\u0105 z wyj\u0105tkowo mi\u0119kkich i delikatnych materia\u0142\u00f3w, kt\u00f3re nie podra\u017cniaj\u0105 wra\u017cliwej sk\u00f3ry piersi. Tr\u00f3jwarstwowa [&hellip;]<\/p>\n","protected":false},"featured_media":10487,"comment_status":"open","ping_status":"closed","template":"","meta":[],"product_brand":[],"product_cat":[94,88,91],"product_tag":[],"class_list":{"0":"post-10488","1":"product","2":"type-product","3":"status-publish","4":"has-post-thumbnail","6":"product_cat-karmienie-piersia","7":"product_cat-mama","8":"product_cat-wkladki-laktacyjne","10":"first","11":"instock","12":"taxable","13":"shipping-taxable","14":"purchasable","15":"product-type-simple"},"_links":{"self":[{"href":"https:\/\/www.bobooaza.pl\/index.php\/wp-json\/wp\/v2\/product\/10488","targetHints":{"allow":["GET"]}}],"collection":[{"href":"https:\/\/www.bobooaza.pl\/index.php\/wp-json\/wp\/v2\/product"}],"about":[{"href":"https:\/\/www.bobooaza.pl\/index.php\/wp-json\/wp\/v2\/types\/product"}],"replies":[{"embeddable":true,"href":"https:\/\/www.bobooaza.pl\/index.php\/wp-json\/wp\/v2\/comments?post=10488"}],"wp:featuredmedia":[{"embeddable":true,"href":"https:\/\/www.bobooaza.pl\/index.php\/wp-json\/wp\/v2\/media\/10487"}],"wp:attachment":[{"href":"https:\/\/www.bobooaza.pl\/index.php\/wp-json\/wp\/v2\/media?parent=10488"}],"wp:term":[{"taxonomy":"product_brand","embeddable":true,"href":"https:\/\/www.bobooaza.pl\/index.php\/wp-json\/wp\/v2\/product_brand?post=10488"},{"taxonomy":"product_cat","embeddable":true,"href":"https:\/\/www.bobooaza.pl\/index.php\/wp-json\/wp\/v2\/product_cat?post=10488"},{"taxonomy":"product_tag","embeddable":true,"href":"https:\/\/www.bobooaza.pl\/index.php\/wp-json\/wp\/v2\/product_tag?post=10488"}],"curies":[{"name":"wp","href":"https:\/\/api.w.org\/{rel}","templated":true}]}}