{"id":10491,"date":"2026-01-05T21:59:02","date_gmt":"2026-01-05T20:59:02","guid":{"rendered":"https:\/\/bobooaza.pl\/index.php\/produkt\/canpol-1-654-wkladki-laktacyjne-z-paskiem-samoprzylepnym-140szt\/"},"modified":"2026-01-19T21:53:33","modified_gmt":"2026-01-19T20:53:33","slug":"canpol-1-654-wkladki-laktacyjne-z-paskiem-samoprzylepnym-140szt","status":"publish","type":"product","link":"https:\/\/www.bobooaza.pl\/index.php\/produkt\/canpol-1-654-wkladki-laktacyjne-z-paskiem-samoprzylepnym-140szt\/","title":{"rendered":"CANPOL 1\/654 Wk\u0142adki laktacyjne z paskiem samoprzylepnym 140szt."},"content":{"rendered":"<p>Wk\u0142adki laktacyjne Canpol 1\/654 to niezawodne rozwi\u0105zanie zapewniaj\u0105ce mamie komfort i ochron\u0119 w okresie karmienia piersi\u0105. S\u0105 mi\u0119kkie, delikatne i bezpieczne dla wra\u017cliwej sk\u00f3ry, dzi\u0119ki czemu nie powoduj\u0105 podra\u017cnie\u0144 nawet przy d\u0142ugotrwa\u0142ym u\u017cytkowaniu. Ch\u0142onny wk\u0142ad \u017celuj\u0105cy skutecznie zatrzymuje wyciekaj\u0105cy pokarm, gwarantuj\u0105c uczucie sucho\u015bci i \u015bwie\u017co\u015bci przez wiele godzin. Praktyczny pasek samoprzylepny zapobiega przesuwaniu si\u0119 wk\u0142adki, zapewniaj\u0105c dyskrecj\u0119 i wygod\u0119 w ka\u017cdej sytuacji. Opakowanie zawiera 140 sztuk, co czyni je praktycznym wyborem do codziennego stosowania.<\/p>\n","protected":false},"excerpt":{"rendered":"<p>Wk\u0142adki laktacyjne Canpol 1\/654 to niezawodne rozwi\u0105zanie zapewniaj\u0105ce mamie komfort i ochron\u0119 w okresie karmienia piersi\u0105. S\u0105 mi\u0119kkie, delikatne i bezpieczne dla wra\u017cliwej sk\u00f3ry, dzi\u0119ki czemu nie powoduj\u0105 podra\u017cnie\u0144 nawet przy d\u0142ugotrwa\u0142ym u\u017cytkowaniu. Ch\u0142onny wk\u0142ad \u017celuj\u0105cy skutecznie zatrzymuje wyciekaj\u0105cy pokarm, gwarantuj\u0105c uczucie sucho\u015bci i \u015bwie\u017co\u015bci przez wiele godzin. Praktyczny pasek samoprzylepny zapobiega przesuwaniu si\u0119 wk\u0142adki, [&hellip;]<\/p>\n","protected":false},"featured_media":10489,"comment_status":"open","ping_status":"closed","template":"","meta":[],"product_brand":[],"product_cat":[94,88,91],"product_tag":[],"class_list":{"0":"post-10491","1":"product","2":"type-product","3":"status-publish","4":"has-post-thumbnail","6":"product_cat-karmienie-piersia","7":"product_cat-mama","8":"product_cat-wkladki-laktacyjne","10":"first","11":"instock","12":"taxable","13":"shipping-taxable","14":"purchasable","15":"product-type-simple"},"_links":{"self":[{"href":"https:\/\/www.bobooaza.pl\/index.php\/wp-json\/wp\/v2\/product\/10491","targetHints":{"allow":["GET"]}}],"collection":[{"href":"https:\/\/www.bobooaza.pl\/index.php\/wp-json\/wp\/v2\/product"}],"about":[{"href":"https:\/\/www.bobooaza.pl\/index.php\/wp-json\/wp\/v2\/types\/product"}],"replies":[{"embeddable":true,"href":"https:\/\/www.bobooaza.pl\/index.php\/wp-json\/wp\/v2\/comments?post=10491"}],"wp:featuredmedia":[{"embeddable":true,"href":"https:\/\/www.bobooaza.pl\/index.php\/wp-json\/wp\/v2\/media\/10489"}],"wp:attachment":[{"href":"https:\/\/www.bobooaza.pl\/index.php\/wp-json\/wp\/v2\/media?parent=10491"}],"wp:term":[{"taxonomy":"product_brand","embeddable":true,"href":"https:\/\/www.bobooaza.pl\/index.php\/wp-json\/wp\/v2\/product_brand?post=10491"},{"taxonomy":"product_cat","embeddable":true,"href":"https:\/\/www.bobooaza.pl\/index.php\/wp-json\/wp\/v2\/product_cat?post=10491"},{"taxonomy":"product_tag","embeddable":true,"href":"https:\/\/www.bobooaza.pl\/index.php\/wp-json\/wp\/v2\/product_tag?post=10491"}],"curies":[{"name":"wp","href":"https:\/\/api.w.org\/{rel}","templated":true}]}}