{"id":10501,"date":"2026-01-05T22:24:57","date_gmt":"2026-01-05T21:24:57","guid":{"rendered":"https:\/\/bobooaza.pl\/index.php\/produkt\/b-o-1485-laktator-elektryczny-pico-wkladki-296-gratis\/"},"modified":"2026-01-05T22:35:49","modified_gmt":"2026-01-05T21:35:49","slug":"b-o-1485-laktator-elektryczny-pico-wkladki-296-gratis","status":"publish","type":"product","link":"https:\/\/www.bobooaza.pl\/index.php\/produkt\/b-o-1485-laktator-elektryczny-pico-wkladki-296-gratis\/","title":{"rendered":"B.O.1485 Laktator elektryczny PICO  (wk\u0142adki 296 GRATIS)"},"content":{"rendered":"<p>Laktator elektryczny PICO to nowoczesny, lekki i cichy sprz\u0119t do odci\u0105gania pokarmu, kt\u00f3ry nie wymaga pod\u0142\u0105czenia do pr\u0105du. Posiada trzy tryby pracy: masa\u017cu, pobudzania laktacji oraz g\u0142\u0119bokiego odci\u0105gania pokarmu, a si\u0142\u0119 ssania mo\u017cna regulowa\u0107 w 9 poziomach, dostosowuj\u0105c j\u0105 do w\u0142asnych potrzeb. Urz\u0105dzenie wyposa\u017cono w wymienne lejki w dw\u00f3ch rozmiarach, membran\u0119 i zaworek chroni\u0105ce przed przedostawaniem si\u0119 mleka do pompy oraz dotykowy wy\u015bwietlacz pokazuj\u0105cy tryb pracy, si\u0142\u0119 ssania i stan baterii. Laktator PICO ma wbudowany akumulator zapewniaj\u0105cy oko\u0142o 2 godzin pracy i automatyczne wy\u0142\u0105czenie po 30 minutach. W zestawie znajduje si\u0119 butelka ze smoczkiem, przew\u00f3d USB-C, woreczek do przechowywania oraz wk\u0142adki laktacyjne 296 szt. Laktator wa\u017cy 290 g, a jego maksymalny poziom ha\u0142asu wynosi 53 dB. Design z detalami w kolorze r\u00f3\u017cowego z\u0142ota \u0142\u0105czy elegancj\u0119 z funkcjonalno\u015bci\u0105.<\/p>\n","protected":false},"excerpt":{"rendered":"<p>Laktator elektryczny PICO to nowoczesny, lekki i cichy sprz\u0119t do odci\u0105gania pokarmu, kt\u00f3ry nie wymaga pod\u0142\u0105czenia do pr\u0105du. Posiada trzy tryby pracy: masa\u017cu, pobudzania laktacji oraz g\u0142\u0119bokiego odci\u0105gania pokarmu, a si\u0142\u0119 ssania mo\u017cna regulowa\u0107 w 9 poziomach, dostosowuj\u0105c j\u0105 do w\u0142asnych potrzeb. Urz\u0105dzenie wyposa\u017cono w wymienne lejki w dw\u00f3ch rozmiarach, membran\u0119 i zaworek chroni\u0105ce przed [&hellip;]<\/p>\n","protected":false},"featured_media":10495,"comment_status":"open","ping_status":"closed","template":"","meta":[],"product_brand":[],"product_cat":[94,92,88],"product_tag":[],"class_list":{"0":"post-10501","1":"product","2":"type-product","3":"status-publish","4":"has-post-thumbnail","6":"product_cat-karmienie-piersia","7":"product_cat-laktatory","8":"product_cat-mama","10":"first","11":"instock","12":"taxable","13":"shipping-taxable","14":"purchasable","15":"product-type-simple"},"_links":{"self":[{"href":"https:\/\/www.bobooaza.pl\/index.php\/wp-json\/wp\/v2\/product\/10501","targetHints":{"allow":["GET"]}}],"collection":[{"href":"https:\/\/www.bobooaza.pl\/index.php\/wp-json\/wp\/v2\/product"}],"about":[{"href":"https:\/\/www.bobooaza.pl\/index.php\/wp-json\/wp\/v2\/types\/product"}],"replies":[{"embeddable":true,"href":"https:\/\/www.bobooaza.pl\/index.php\/wp-json\/wp\/v2\/comments?post=10501"}],"wp:featuredmedia":[{"embeddable":true,"href":"https:\/\/www.bobooaza.pl\/index.php\/wp-json\/wp\/v2\/media\/10495"}],"wp:attachment":[{"href":"https:\/\/www.bobooaza.pl\/index.php\/wp-json\/wp\/v2\/media?parent=10501"}],"wp:term":[{"taxonomy":"product_brand","embeddable":true,"href":"https:\/\/www.bobooaza.pl\/index.php\/wp-json\/wp\/v2\/product_brand?post=10501"},{"taxonomy":"product_cat","embeddable":true,"href":"https:\/\/www.bobooaza.pl\/index.php\/wp-json\/wp\/v2\/product_cat?post=10501"},{"taxonomy":"product_tag","embeddable":true,"href":"https:\/\/www.bobooaza.pl\/index.php\/wp-json\/wp\/v2\/product_tag?post=10501"}],"curies":[{"name":"wp","href":"https:\/\/api.w.org\/{rel}","templated":true}]}}