{"id":10507,"date":"2026-01-05T22:25:00","date_gmt":"2026-01-05T21:25:00","guid":{"rendered":"https:\/\/bobooaza.pl\/index.php\/produkt\/b-o-1002-podwojny-laktator-muszlowy-elektryczny-twinny-bez-uzycia-rak-wkladki-296-gratis\/"},"modified":"2026-01-05T22:35:49","modified_gmt":"2026-01-05T21:35:49","slug":"b-o-1002-podwojny-laktator-muszlowy-elektryczny-twinny-bez-uzycia-rak-wkladki-296-gratis","status":"publish","type":"product","link":"https:\/\/www.bobooaza.pl\/index.php\/produkt\/b-o-1002-podwojny-laktator-muszlowy-elektryczny-twinny-bez-uzycia-rak-wkladki-296-gratis\/","title":{"rendered":"B.O.1002 Podw\u00f3jny laktator muszlowy elektryczny TWINNY -bez u\u017cycia r\u0105k  (wk\u0142adki 296 GRATIS)"},"content":{"rendered":"<p>Podw\u00f3jny laktator muszlowy TWINNY to bezprzewodowe urz\u0105dzenie do odci\u0105gania pokarmu, kt\u00f3re dzia\u0142a bez u\u017cycia r\u0105k, umo\u017cliwiaj\u0105c wykonywanie innych czynno\u015bci w tym samym czasie. Mo\u017cna go stosowa\u0107 na jednej lub obu piersiach, a dzi\u0119ki lekkiej konstrukcji i umieszczeniu w staniku do karmienia jest dyskretny i wygodny. Laktator ma trzy tryby pracy: pobudzanie laktacji, g\u0142\u0119bokie odci\u0105ganie pokarmu oraz podw\u00f3jn\u0105 cz\u0119stotliwo\u015b\u0107, a moc ssania mo\u017cna regulowa\u0107 w 9 poziomach. Membrana i zaworek chroni\u0105 przed przedostawaniem si\u0119 mleka do pompy, zapewniaj\u0105c higien\u0119. Urz\u0105dzenie ma czytelny wy\u015bwietlacz, du\u017ce przyciski i w zestawie trzy wymienne lejki: podstawowy 28 mm oraz reduktory 21 i 24 mm. Laktator pracuje do 2 godzin na w pe\u0142ni na\u0142adowanej baterii, wyposa\u017cony jest w tryb automatycznego wy\u0142\u0105czenia po 30 minutach i \u0142adowany jest przez USB-C. Zestaw zawiera dwie muszle, dren do \u0142\u0105czenia, przew\u00f3d do \u0142adowania, woreczek do przechowywania, pojemno\u015b\u0107 muszli 150 ml, wag\u0119 jednej muszli 277 g oraz wk\u0142adki laktacyjne 296 szt. Produkt wykonano z bezpiecznych materia\u0142\u00f3w dopuszczonych do kontaktu z \u017cywno\u015bci\u0105.<\/p>\n","protected":false},"excerpt":{"rendered":"<p>Podw\u00f3jny laktator muszlowy TWINNY to bezprzewodowe urz\u0105dzenie do odci\u0105gania pokarmu, kt\u00f3re dzia\u0142a bez u\u017cycia r\u0105k, umo\u017cliwiaj\u0105c wykonywanie innych czynno\u015bci w tym samym czasie. Mo\u017cna go stosowa\u0107 na jednej lub obu piersiach, a dzi\u0119ki lekkiej konstrukcji i umieszczeniu w staniku do karmienia jest dyskretny i wygodny. Laktator ma trzy tryby pracy: pobudzanie laktacji, g\u0142\u0119bokie odci\u0105ganie pokarmu [&hellip;]<\/p>\n","protected":false},"featured_media":10502,"comment_status":"open","ping_status":"closed","template":"","meta":[],"product_brand":[],"product_cat":[94,92,88],"product_tag":[],"class_list":{"0":"post-10507","1":"product","2":"type-product","3":"status-publish","4":"has-post-thumbnail","6":"product_cat-karmienie-piersia","7":"product_cat-laktatory","8":"product_cat-mama","10":"first","11":"instock","12":"taxable","13":"shipping-taxable","14":"purchasable","15":"product-type-simple"},"_links":{"self":[{"href":"https:\/\/www.bobooaza.pl\/index.php\/wp-json\/wp\/v2\/product\/10507","targetHints":{"allow":["GET"]}}],"collection":[{"href":"https:\/\/www.bobooaza.pl\/index.php\/wp-json\/wp\/v2\/product"}],"about":[{"href":"https:\/\/www.bobooaza.pl\/index.php\/wp-json\/wp\/v2\/types\/product"}],"replies":[{"embeddable":true,"href":"https:\/\/www.bobooaza.pl\/index.php\/wp-json\/wp\/v2\/comments?post=10507"}],"wp:featuredmedia":[{"embeddable":true,"href":"https:\/\/www.bobooaza.pl\/index.php\/wp-json\/wp\/v2\/media\/10502"}],"wp:attachment":[{"href":"https:\/\/www.bobooaza.pl\/index.php\/wp-json\/wp\/v2\/media?parent=10507"}],"wp:term":[{"taxonomy":"product_brand","embeddable":true,"href":"https:\/\/www.bobooaza.pl\/index.php\/wp-json\/wp\/v2\/product_brand?post=10507"},{"taxonomy":"product_cat","embeddable":true,"href":"https:\/\/www.bobooaza.pl\/index.php\/wp-json\/wp\/v2\/product_cat?post=10507"},{"taxonomy":"product_tag","embeddable":true,"href":"https:\/\/www.bobooaza.pl\/index.php\/wp-json\/wp\/v2\/product_tag?post=10507"}],"curies":[{"name":"wp","href":"https:\/\/api.w.org\/{rel}","templated":true}]}}