{"id":10515,"date":"2026-01-05T22:25:04","date_gmt":"2026-01-05T21:25:04","guid":{"rendered":"https:\/\/bobooaza.pl\/index.php\/produkt\/innogio-gio-357-giomum-line-comfort-laktator-muszlowy-podwojny-z-pilotem\/"},"modified":"2026-01-05T22:35:51","modified_gmt":"2026-01-05T21:35:51","slug":"innogio-gio-357-giomum-line-comfort-laktator-muszlowy-podwojny-z-pilotem","status":"publish","type":"product","link":"https:\/\/www.bobooaza.pl\/index.php\/produkt\/innogio-gio-357-giomum-line-comfort-laktator-muszlowy-podwojny-z-pilotem\/","title":{"rendered":"INNOGIO GIO-357 GIOmum Line Comfort Laktator muszlowy podw\u00f3jny z pilotem"},"content":{"rendered":"<p>Podw\u00f3jny laktator muszlowy INNOGIO GIOmum Line Comfort to nowoczesne, kompaktowe i ciche urz\u0105dzenie, kt\u00f3re umo\u017cliwia wygodne odci\u0105ganie pokarmu z obu piersi jednocze\u015bnie. Dzia\u0142a bez rurek, przewod\u00f3w i dodatkowych butelek \u2013 wk\u0142adasz go pod bielizn\u0119 i mo\u017cesz swobodnie si\u0119 porusza\u0107. Posiada du\u017cy wy\u015bwietlacz LED pokazuj\u0105cy wybrany tryb pracy i poziom si\u0142y ssania oraz pilot do zdalnego sterowania, co zwi\u0119ksza komfort u\u017cytkowania. Laktator ma 12-stopniow\u0105 regulacj\u0119 si\u0142y ssania, 12-stopniow\u0105 regulacj\u0119 mocy masa\u017cu oraz 6-stopniow\u0105 stymulacj\u0119. Wyposa\u017cony jest w systemy zapobiegaj\u0105ce cofaniu si\u0119 pokarmu i pobraniu jego nadmiernej ilo\u015bci, zapewniaj\u0105c higien\u0119 i bezpiecze\u0144stwo. Dzia\u0142a do 3 godzin na w pe\u0142ni na\u0142adowanym akumulatorze i jest wolny od BPA. W zestawie znajduj\u0105 si\u0119 dwa nap\u0119dy z membranami, muszle, nasadki, zawory, wypustki mocuj\u0105ce, zapi\u0119cia do regulacji biustonosza, kable USB, pilot oraz torba do przechowywania. Podw\u00f3jny laktator GIOmum Line Comfort jest wygodny, przeno\u015bny i umo\u017cliwia dyskretne, efektywne i higieniczne odci\u0105ganie pokarmu w dowolnym miejscu.<\/p>\n","protected":false},"excerpt":{"rendered":"<p>Podw\u00f3jny laktator muszlowy INNOGIO GIOmum Line Comfort to nowoczesne, kompaktowe i ciche urz\u0105dzenie, kt\u00f3re umo\u017cliwia wygodne odci\u0105ganie pokarmu z obu piersi jednocze\u015bnie. Dzia\u0142a bez rurek, przewod\u00f3w i dodatkowych butelek \u2013 wk\u0142adasz go pod bielizn\u0119 i mo\u017cesz swobodnie si\u0119 porusza\u0107. Posiada du\u017cy wy\u015bwietlacz LED pokazuj\u0105cy wybrany tryb pracy i poziom si\u0142y ssania oraz pilot do zdalnego [&hellip;]<\/p>\n","protected":false},"featured_media":10512,"comment_status":"open","ping_status":"closed","template":"","meta":[],"product_brand":[],"product_cat":[94,92,88],"product_tag":[],"class_list":{"0":"post-10515","1":"product","2":"type-product","3":"status-publish","4":"has-post-thumbnail","6":"product_cat-karmienie-piersia","7":"product_cat-laktatory","8":"product_cat-mama","10":"first","11":"instock","12":"taxable","13":"shipping-taxable","14":"purchasable","15":"product-type-simple"},"_links":{"self":[{"href":"https:\/\/www.bobooaza.pl\/index.php\/wp-json\/wp\/v2\/product\/10515","targetHints":{"allow":["GET"]}}],"collection":[{"href":"https:\/\/www.bobooaza.pl\/index.php\/wp-json\/wp\/v2\/product"}],"about":[{"href":"https:\/\/www.bobooaza.pl\/index.php\/wp-json\/wp\/v2\/types\/product"}],"replies":[{"embeddable":true,"href":"https:\/\/www.bobooaza.pl\/index.php\/wp-json\/wp\/v2\/comments?post=10515"}],"wp:featuredmedia":[{"embeddable":true,"href":"https:\/\/www.bobooaza.pl\/index.php\/wp-json\/wp\/v2\/media\/10512"}],"wp:attachment":[{"href":"https:\/\/www.bobooaza.pl\/index.php\/wp-json\/wp\/v2\/media?parent=10515"}],"wp:term":[{"taxonomy":"product_brand","embeddable":true,"href":"https:\/\/www.bobooaza.pl\/index.php\/wp-json\/wp\/v2\/product_brand?post=10515"},{"taxonomy":"product_cat","embeddable":true,"href":"https:\/\/www.bobooaza.pl\/index.php\/wp-json\/wp\/v2\/product_cat?post=10515"},{"taxonomy":"product_tag","embeddable":true,"href":"https:\/\/www.bobooaza.pl\/index.php\/wp-json\/wp\/v2\/product_tag?post=10515"}],"curies":[{"name":"wp","href":"https:\/\/api.w.org\/{rel}","templated":true}]}}