{"id":10517,"date":"2026-01-05T22:25:05","date_gmt":"2026-01-05T21:25:05","guid":{"rendered":"https:\/\/bobooaza.pl\/index.php\/produkt\/avent-scf323-11-elektroniczny-laktator-pojedynczyscy962-02-smoczek-responsywny-0m-gratis\/"},"modified":"2026-01-19T21:53:34","modified_gmt":"2026-01-19T20:53:34","slug":"avent-scf323-11-elektroniczny-laktator-pojedynczyscy962-02-smoczek-responsywny-0m-gratis","status":"publish","type":"product","link":"https:\/\/www.bobooaza.pl\/index.php\/produkt\/avent-scf323-11-elektroniczny-laktator-pojedynczyscy962-02-smoczek-responsywny-0m-gratis\/","title":{"rendered":"AVENT SCF323\/11 Elektroniczny laktator pojedynczy+SCY962\/02 smoczek responsywny 0m+ gratis"},"content":{"rendered":"<p>Elektroniczny laktator pojedynczy AVENT SCF323\/11 pozwala dostosowa\u0107 ka\u017cd\u0105 sesj\u0119 odci\u0105gania pokarmu do indywidualnych potrzeb dzi\u0119ki 4 poziomom stymulacji i 4 poziomom odci\u0105gania. Wyposa\u017cony jest w mi\u0119kk\u0105 silikonow\u0105 nak\u0142adk\u0119 masuj\u0105c\u0105, kt\u00f3ra dopasowuje si\u0119 do kszta\u0142tu i rozmiaru wi\u0119kszo\u015bci piersi. Dzi\u0119ki systemowi zamkni\u0119tego odci\u0105gania mleko trafia bezpo\u015brednio do butelki, a minimalna liczba cz\u0119\u015bci u\u0142atwia monta\u017c, demonta\u017c i utrzymanie urz\u0105dzenia w czysto\u015bci. Laktator jest kompaktowy i lekki (185 g), umo\u017cliwia wygodne przenoszenie, a funkcja pami\u0119ci ulubionych ustawie\u0144 pozwala automatycznie korzysta\u0107 z poprzednio wybranych tryb\u00f3w. Dzia\u0142anie odbywa si\u0119 przewodowo, a konstrukcja umo\u017cliwia 2-fazow\u0105 prac\u0119: stymulacj\u0119 i odci\u0105ganie pokarmu. W zestawie znajduje si\u0119 gratis smoczek responsywny 0m+, umo\u017cliwiaj\u0105cy bezpieczne podawanie mleka dziecku.<\/p>\n","protected":false},"excerpt":{"rendered":"<p>Elektroniczny laktator pojedynczy AVENT SCF323\/11 pozwala dostosowa\u0107 ka\u017cd\u0105 sesj\u0119 odci\u0105gania pokarmu do indywidualnych potrzeb dzi\u0119ki 4 poziomom stymulacji i 4 poziomom odci\u0105gania. Wyposa\u017cony jest w mi\u0119kk\u0105 silikonow\u0105 nak\u0142adk\u0119 masuj\u0105c\u0105, kt\u00f3ra dopasowuje si\u0119 do kszta\u0142tu i rozmiaru wi\u0119kszo\u015bci piersi. Dzi\u0119ki systemowi zamkni\u0119tego odci\u0105gania mleko trafia bezpo\u015brednio do butelki, a minimalna liczba cz\u0119\u015bci u\u0142atwia monta\u017c, demonta\u017c i [&hellip;]<\/p>\n","protected":false},"featured_media":10516,"comment_status":"open","ping_status":"closed","template":"","meta":[],"product_brand":[],"product_cat":[94,92,88],"product_tag":[],"class_list":{"0":"post-10517","1":"product","2":"type-product","3":"status-publish","4":"has-post-thumbnail","6":"product_cat-karmienie-piersia","7":"product_cat-laktatory","8":"product_cat-mama","10":"first","11":"instock","12":"taxable","13":"shipping-taxable","14":"purchasable","15":"product-type-simple"},"_links":{"self":[{"href":"https:\/\/www.bobooaza.pl\/index.php\/wp-json\/wp\/v2\/product\/10517","targetHints":{"allow":["GET"]}}],"collection":[{"href":"https:\/\/www.bobooaza.pl\/index.php\/wp-json\/wp\/v2\/product"}],"about":[{"href":"https:\/\/www.bobooaza.pl\/index.php\/wp-json\/wp\/v2\/types\/product"}],"replies":[{"embeddable":true,"href":"https:\/\/www.bobooaza.pl\/index.php\/wp-json\/wp\/v2\/comments?post=10517"}],"wp:featuredmedia":[{"embeddable":true,"href":"https:\/\/www.bobooaza.pl\/index.php\/wp-json\/wp\/v2\/media\/10516"}],"wp:attachment":[{"href":"https:\/\/www.bobooaza.pl\/index.php\/wp-json\/wp\/v2\/media?parent=10517"}],"wp:term":[{"taxonomy":"product_brand","embeddable":true,"href":"https:\/\/www.bobooaza.pl\/index.php\/wp-json\/wp\/v2\/product_brand?post=10517"},{"taxonomy":"product_cat","embeddable":true,"href":"https:\/\/www.bobooaza.pl\/index.php\/wp-json\/wp\/v2\/product_cat?post=10517"},{"taxonomy":"product_tag","embeddable":true,"href":"https:\/\/www.bobooaza.pl\/index.php\/wp-json\/wp\/v2\/product_tag?post=10517"}],"curies":[{"name":"wp","href":"https:\/\/api.w.org\/{rel}","templated":true}]}}