{"id":10519,"date":"2026-01-05T22:25:06","date_gmt":"2026-01-05T21:25:06","guid":{"rendered":"https:\/\/bobooaza.pl\/index.php\/produkt\/avent-scf396-31-laktator-elektryczny\/"},"modified":"2026-01-05T22:35:52","modified_gmt":"2026-01-05T21:35:52","slug":"avent-scf396-31-laktator-elektryczny","status":"publish","type":"product","link":"https:\/\/www.bobooaza.pl\/index.php\/produkt\/avent-scf396-31-laktator-elektryczny\/","title":{"rendered":"AVENT SCF396\/31 Laktator elektryczny"},"content":{"rendered":"<p>Laktator elektryczny AVENT SCF396\/31 Premium Plus to nowoczesne urz\u0105dzenie zaprojektowane z my\u015bl\u0105 o komforcie mamy i naturalnym pobieraniu pokarmu. Wyposa\u017cony w ultra mi\u0119kk\u0105 nak\u0142adk\u0119 z silikonu medycznego dopasowuj\u0105c\u0105 si\u0119 do kszta\u0142tu i rozmiaru 99,89% brodawek sutkowych, umo\u017cliwia bezpieczne i komfortowe odci\u0105ganie mleka.<\/p>\n<p>Dwufazowy system Natural Motion odzwierciedla naturalny rytm ssania dziecka podczas stymulacji i odci\u0105gania, co pozwala uzyska\u0107 szybki wyp\u0142yw pokarmu. Laktator dzia\u0142a bezprzewodowo i umo\u017cliwia odci\u0105ganie bezpo\u015brednio do butelki, co zapewnia sterylno\u015b\u0107 i wygod\u0119.<\/p>\n<p>Mo\u017cliwo\u015bci regulacji obejmuj\u0105 8 poziom\u00f3w stymulacji i 16 poziom\u00f3w odci\u0105gania pokarmu, a wy\u015bwietlacz LCD z timerem u\u0142atwia kontrol\u0119 sesji. Mi\u0119kka nak\u0142adka masuj\u0105ca dodatkowo zwi\u0119ksza komfort u\u017cytkowania, a ergonomiczna konstrukcja pozwala odci\u0105ga\u0107 pokarm w wygodnej pozycji bez pochylania si\u0119 do przodu.<\/p>\n<p>W zestawie znajduj\u0105 si\u0119: 4 jednorazowe wk\u0142adki laktacyjne, zestaw do odci\u0105gania pokarmu, zasilacz micro-USB, cz\u0119\u015b\u0107 silnikowa z akumulatorem, pokrywka zamykaj\u0105ca, 5 woreczk\u00f3w na mleko oraz etui podr\u00f3\u017cne. Wszystkie elementy stykaj\u0105ce si\u0119 z pokarmem s\u0105 wolne od bisfenolu A.<\/p>\n","protected":false},"excerpt":{"rendered":"<p>Laktator elektryczny AVENT SCF396\/31 Premium Plus to nowoczesne urz\u0105dzenie zaprojektowane z my\u015bl\u0105 o komforcie mamy i naturalnym pobieraniu pokarmu. Wyposa\u017cony w ultra mi\u0119kk\u0105 nak\u0142adk\u0119 z silikonu medycznego dopasowuj\u0105c\u0105 si\u0119 do kszta\u0142tu i rozmiaru 99,89% brodawek sutkowych, umo\u017cliwia bezpieczne i komfortowe odci\u0105ganie mleka. Dwufazowy system Natural Motion odzwierciedla naturalny rytm ssania dziecka podczas stymulacji i odci\u0105gania, [&hellip;]<\/p>\n","protected":false},"featured_media":10518,"comment_status":"open","ping_status":"closed","template":"","meta":[],"product_brand":[],"product_cat":[94,92,88],"product_tag":[],"class_list":{"0":"post-10519","1":"product","2":"type-product","3":"status-publish","4":"has-post-thumbnail","6":"product_cat-karmienie-piersia","7":"product_cat-laktatory","8":"product_cat-mama","10":"first","11":"instock","12":"taxable","13":"shipping-taxable","14":"purchasable","15":"product-type-simple"},"_links":{"self":[{"href":"https:\/\/www.bobooaza.pl\/index.php\/wp-json\/wp\/v2\/product\/10519","targetHints":{"allow":["GET"]}}],"collection":[{"href":"https:\/\/www.bobooaza.pl\/index.php\/wp-json\/wp\/v2\/product"}],"about":[{"href":"https:\/\/www.bobooaza.pl\/index.php\/wp-json\/wp\/v2\/types\/product"}],"replies":[{"embeddable":true,"href":"https:\/\/www.bobooaza.pl\/index.php\/wp-json\/wp\/v2\/comments?post=10519"}],"wp:featuredmedia":[{"embeddable":true,"href":"https:\/\/www.bobooaza.pl\/index.php\/wp-json\/wp\/v2\/media\/10518"}],"wp:attachment":[{"href":"https:\/\/www.bobooaza.pl\/index.php\/wp-json\/wp\/v2\/media?parent=10519"}],"wp:term":[{"taxonomy":"product_brand","embeddable":true,"href":"https:\/\/www.bobooaza.pl\/index.php\/wp-json\/wp\/v2\/product_brand?post=10519"},{"taxonomy":"product_cat","embeddable":true,"href":"https:\/\/www.bobooaza.pl\/index.php\/wp-json\/wp\/v2\/product_cat?post=10519"},{"taxonomy":"product_tag","embeddable":true,"href":"https:\/\/www.bobooaza.pl\/index.php\/wp-json\/wp\/v2\/product_tag?post=10519"}],"curies":[{"name":"wp","href":"https:\/\/api.w.org\/{rel}","templated":true}]}}