{"id":10528,"date":"2026-01-05T22:25:17","date_gmt":"2026-01-05T21:25:17","guid":{"rendered":"https:\/\/bobooaza.pl\/index.php\/produkt\/lansinoh-laktator-pojedynczy-bezprzewodowy-hands-free\/"},"modified":"2026-01-05T22:35:52","modified_gmt":"2026-01-05T21:35:52","slug":"lansinoh-laktator-pojedynczy-bezprzewodowy-hands-free","status":"publish","type":"product","link":"https:\/\/www.bobooaza.pl\/index.php\/produkt\/lansinoh-laktator-pojedynczy-bezprzewodowy-hands-free\/","title":{"rendered":"LANSINOH Laktator pojedynczy bezprzewodowy Hands-free"},"content":{"rendered":"<p>Laktator pojedynczy bezprzewodowy Hands-free Lansinoh to kompaktowe i dyskretne urz\u0105dzenie, kt\u00f3re mie\u015bci si\u0119 w biustonoszu i pozwala na ca\u0142kowicie bezdotykowe odci\u0105ganie pokarmu. Nie wymaga rurek ani kabli, a przy tym zapewnia moc i jako\u015b\u0107 por\u00f3wnywaln\u0105 z laktatorami szpitalnymi. Urz\u0105dzenie jest lekkie, ciche i ma wbudowan\u0105 bateri\u0119 pozwalaj\u0105c\u0105 na oko\u0142o 1,5 godziny pracy. Sk\u0142ada si\u0119 tylko z czterech cz\u0119\u015bci, kt\u00f3re mo\u017cna \u0142atwo my\u0107, nawet w zmywarce. Wy\u015bwietlacz LED umo\u017cliwia szybki start i monitorowanie czasu odci\u0105gania. Laktator oferuje cztery tryby pracy i dziewi\u0119\u0107 poziom\u00f3w ssania, co pozwala dopasowa\u0107 intensywno\u015b\u0107 do indywidualnych potrzeb. Pojemnik wielokrotnego u\u017cytku mie\u015bci 180 ml mleka, a wszystkie elementy maj\u0105 kontakt z pokarmem wolny od BPA i BPS. W zestawie znajduj\u0105 si\u0119 modu\u0142 urz\u0105dzenia, zbiornik, membrana, dwa zaworki, mi\u0119kka silikonowa poduszeczka ComfortFit z lejkiem 24 mm, dodatkowy lejek 21 mm, kabel USB do \u0142adowania oraz klamra do regulacji biustonosza. Laktator umo\u017cliwia wygodne odci\u0105ganie pokarmu w domu i poza nim, w pe\u0142ni wykorzystuj\u0105c czas mamy.<\/p>\n","protected":false},"excerpt":{"rendered":"<p>Laktator pojedynczy bezprzewodowy Hands-free Lansinoh to kompaktowe i dyskretne urz\u0105dzenie, kt\u00f3re mie\u015bci si\u0119 w biustonoszu i pozwala na ca\u0142kowicie bezdotykowe odci\u0105ganie pokarmu. Nie wymaga rurek ani kabli, a przy tym zapewnia moc i jako\u015b\u0107 por\u00f3wnywaln\u0105 z laktatorami szpitalnymi. Urz\u0105dzenie jest lekkie, ciche i ma wbudowan\u0105 bateri\u0119 pozwalaj\u0105c\u0105 na oko\u0142o 1,5 godziny pracy. Sk\u0142ada si\u0119 tylko [&hellip;]<\/p>\n","protected":false},"featured_media":10520,"comment_status":"open","ping_status":"closed","template":"","meta":[],"product_brand":[],"product_cat":[94,92,88],"product_tag":[],"class_list":{"0":"post-10528","1":"product","2":"type-product","3":"status-publish","4":"has-post-thumbnail","6":"product_cat-karmienie-piersia","7":"product_cat-laktatory","8":"product_cat-mama","10":"first","11":"instock","12":"taxable","13":"shipping-taxable","14":"purchasable","15":"product-type-simple"},"_links":{"self":[{"href":"https:\/\/www.bobooaza.pl\/index.php\/wp-json\/wp\/v2\/product\/10528","targetHints":{"allow":["GET"]}}],"collection":[{"href":"https:\/\/www.bobooaza.pl\/index.php\/wp-json\/wp\/v2\/product"}],"about":[{"href":"https:\/\/www.bobooaza.pl\/index.php\/wp-json\/wp\/v2\/types\/product"}],"replies":[{"embeddable":true,"href":"https:\/\/www.bobooaza.pl\/index.php\/wp-json\/wp\/v2\/comments?post=10528"}],"wp:featuredmedia":[{"embeddable":true,"href":"https:\/\/www.bobooaza.pl\/index.php\/wp-json\/wp\/v2\/media\/10520"}],"wp:attachment":[{"href":"https:\/\/www.bobooaza.pl\/index.php\/wp-json\/wp\/v2\/media?parent=10528"}],"wp:term":[{"taxonomy":"product_brand","embeddable":true,"href":"https:\/\/www.bobooaza.pl\/index.php\/wp-json\/wp\/v2\/product_brand?post=10528"},{"taxonomy":"product_cat","embeddable":true,"href":"https:\/\/www.bobooaza.pl\/index.php\/wp-json\/wp\/v2\/product_cat?post=10528"},{"taxonomy":"product_tag","embeddable":true,"href":"https:\/\/www.bobooaza.pl\/index.php\/wp-json\/wp\/v2\/product_tag?post=10528"}],"curies":[{"name":"wp","href":"https:\/\/api.w.org\/{rel}","templated":true}]}}