{"id":10531,"date":"2026-01-05T22:25:19","date_gmt":"2026-01-05T21:25:19","guid":{"rendered":"https:\/\/bobooaza.pl\/index.php\/produkt\/canpol-20-107-przenosny-laktator-elektryczny-power-pump\/"},"modified":"2026-01-05T22:35:53","modified_gmt":"2026-01-05T21:35:53","slug":"canpol-20-107-przenosny-laktator-elektryczny-power-pump","status":"publish","type":"product","link":"https:\/\/www.bobooaza.pl\/index.php\/produkt\/canpol-20-107-przenosny-laktator-elektryczny-power-pump\/","title":{"rendered":"CANPOL 20\/107 Przeno\u015bny laktator elektryczny Power Pump"},"content":{"rendered":"<p>Laktator elektryczny CANPOL Power Pump 20\/107 jest ma\u0142y i lekki, a jednocze\u015bnie bardzo wydajny. Dzi\u0119ki sile ssania do 42 kPa efektywnie odci\u0105ga pokarm, a przy tym jest wyj\u0105tkowo cichy, nawet w trybie maksymalnym nie przekracza 50 dB, wi\u0119c nie przeszkadza dziecku ani domownikom. Urz\u0105dzenie oferuje cztery tryby pracy wzorowane na naturalnym dwufazowym rytmie ssania dziecka \u2013 stymulacja, odci\u0105ganie, tryb laktacji i tryb mieszany-automatyczny \u2013 z pi\u0119tnastostopniow\u0105 regulacj\u0105 w ka\u017cdym trybie, co daje \u0142\u0105cznie sze\u015b\u0107dziesi\u0105t ustawie\u0144 si\u0142y ssania dopasowanych do indywidualnych potrzeb mamy. Laktator pami\u0119ta ostatnio u\u017cywane ustawienia, wi\u0119c przy kolejnym u\u017cyciu uruchamia si\u0119 automatycznie w tych samych trybach. Mi\u0119kki i elastyczny brzeg lejka dopasowuje si\u0119 do r\u00f3\u017cnych kszta\u0142t\u00f3w piersi, a dost\u0119pne wymienne lejki i reduktory pozwalaj\u0105 dopasowa\u0107 urz\u0105dzenie do wi\u0119kszych lub mniejszych brodawek. Pokarm mo\u017cna odci\u0105ga\u0107 do pojemnika do\u0142\u0105czonego do zestawu o pojemno\u015bci 180 ml, do butelki antykolkowej EasyStart Canpol z u\u017cyciem adaptera lub bezpo\u015brednio do butelki S-shape Canpol by Difrax. Laktator ma niewiele cz\u0119\u015bci, kt\u00f3re s\u0105 \u0142atwe do mycia i sterylizacji, wszystkie s\u0105 wolne od BPA. Panel LED z pod\u015bwietleniem u\u0142atwia obs\u0142ug\u0119, a konstrukcja pozwala stabilnie ustawi\u0107 butelk\u0119 podczas odci\u0105gania. Dzi\u0119ki kompaktowym wymiarom i niskiej wadze urz\u0105dzenie jest wygodne w przenoszeniu i sprawdzi si\u0119 zar\u00f3wno w domu, jak i w podr\u00f3\u017cy.<\/p>\n","protected":false},"excerpt":{"rendered":"<p>Laktator elektryczny CANPOL Power Pump 20\/107 jest ma\u0142y i lekki, a jednocze\u015bnie bardzo wydajny. Dzi\u0119ki sile ssania do 42 kPa efektywnie odci\u0105ga pokarm, a przy tym jest wyj\u0105tkowo cichy, nawet w trybie maksymalnym nie przekracza 50 dB, wi\u0119c nie przeszkadza dziecku ani domownikom. Urz\u0105dzenie oferuje cztery tryby pracy wzorowane na naturalnym dwufazowym rytmie ssania dziecka [&hellip;]<\/p>\n","protected":false},"featured_media":10529,"comment_status":"open","ping_status":"closed","template":"","meta":[],"product_brand":[],"product_cat":[94,92,88],"product_tag":[],"class_list":{"0":"post-10531","1":"product","2":"type-product","3":"status-publish","4":"has-post-thumbnail","6":"product_cat-karmienie-piersia","7":"product_cat-laktatory","8":"product_cat-mama","10":"first","11":"instock","12":"taxable","13":"shipping-taxable","14":"purchasable","15":"product-type-simple"},"_links":{"self":[{"href":"https:\/\/www.bobooaza.pl\/index.php\/wp-json\/wp\/v2\/product\/10531","targetHints":{"allow":["GET"]}}],"collection":[{"href":"https:\/\/www.bobooaza.pl\/index.php\/wp-json\/wp\/v2\/product"}],"about":[{"href":"https:\/\/www.bobooaza.pl\/index.php\/wp-json\/wp\/v2\/types\/product"}],"replies":[{"embeddable":true,"href":"https:\/\/www.bobooaza.pl\/index.php\/wp-json\/wp\/v2\/comments?post=10531"}],"wp:featuredmedia":[{"embeddable":true,"href":"https:\/\/www.bobooaza.pl\/index.php\/wp-json\/wp\/v2\/media\/10529"}],"wp:attachment":[{"href":"https:\/\/www.bobooaza.pl\/index.php\/wp-json\/wp\/v2\/media?parent=10531"}],"wp:term":[{"taxonomy":"product_brand","embeddable":true,"href":"https:\/\/www.bobooaza.pl\/index.php\/wp-json\/wp\/v2\/product_brand?post=10531"},{"taxonomy":"product_cat","embeddable":true,"href":"https:\/\/www.bobooaza.pl\/index.php\/wp-json\/wp\/v2\/product_cat?post=10531"},{"taxonomy":"product_tag","embeddable":true,"href":"https:\/\/www.bobooaza.pl\/index.php\/wp-json\/wp\/v2\/product_tag?post=10531"}],"curies":[{"name":"wp","href":"https:\/\/api.w.org\/{rel}","templated":true}]}}