{"id":10538,"date":"2026-01-05T22:25:24","date_gmt":"2026-01-05T21:25:24","guid":{"rendered":"https:\/\/bobooaza.pl\/index.php\/produkt\/lansinoh-laktator-kompaktowy-nev-single-electric-breast-pump-lassinoh\/"},"modified":"2026-01-05T22:35:54","modified_gmt":"2026-01-05T21:35:54","slug":"lansinoh-laktator-kompaktowy-nev-single-electric-breast-pump-lassinoh","status":"publish","type":"product","link":"https:\/\/www.bobooaza.pl\/index.php\/produkt\/lansinoh-laktator-kompaktowy-nev-single-electric-breast-pump-lassinoh\/","title":{"rendered":"LANSINOH Laktator Kompaktowy Nev Single Electric Breast Pump lassinoh"},"content":{"rendered":"<p>LANSINOH Nev Single Electric Breast Pump to kompaktowy, lekki i por\u0119czny laktator elektryczny, kt\u00f3ry \u0142atwo zmie\u015bci si\u0119 w torebce, idealny do u\u017cycia w domu i poza nim. Wyposa\u017cony w technologi\u0119 2-fazow\u0105, imituje naturalny rytm ssania niemowl\u0119cia, oferuj\u0105c pi\u0119\u0107 regulowanych poziom\u00f3w ssania i rytmu, co pozwala dostosowa\u0107 intensywno\u015b\u0107 do indywidualnych potrzeb mamy i maksymalizuje produkcj\u0119 pokarmu. Laktator posiada silikonow\u0105 poduszeczk\u0119 ComfortFit\u2122, zapewniaj\u0105c\u0105 wygod\u0119 i optymalne dopasowanie podczas odci\u0105gania. Minimalna liczba element\u00f3w u\u0142atwia czyszczenie i oszcz\u0119dza czas, a zasilanie przez micro USB umo\u017cliwia u\u017cycie w r\u00f3\u017cnych warunkach. Butelka w zestawie pozwala jednocze\u015bnie odci\u0105ga\u0107, przechowywa\u0107 i podawa\u0107 pokarm, a do\u0142\u0105czony smoczek NaturalWave\u00ae wspiera naturalne wzorce karmienia. Czytelny wska\u017anik LED umo\u017cliwia kontrol\u0119 parametr\u00f3w zar\u00f3wno w dzie\u0144, jak i w nocy. Zestaw zawiera baz\u0119 laktatora, membran\u0119, poduszeczk\u0119 ComfortFit\u00ae 25 mm, korpus, zaworki, butelk\u0119 160 ml z pokrywk\u0105, silikonowy przew\u00f3d, z\u0142\u0105czk\u0119, pokrywk\u0119 smoczka, smoczek NaturalWave\u00ae wolny przep\u0142yw, ko\u0142nierz smoczka oraz zasilacz. Laktator jest wolny od BPA i BPS, zapewniaj\u0105c bezpiecze\u0144stwo i komfort u\u017cytkowania.<\/p>\n","protected":false},"excerpt":{"rendered":"<p>LANSINOH Nev Single Electric Breast Pump to kompaktowy, lekki i por\u0119czny laktator elektryczny, kt\u00f3ry \u0142atwo zmie\u015bci si\u0119 w torebce, idealny do u\u017cycia w domu i poza nim. Wyposa\u017cony w technologi\u0119 2-fazow\u0105, imituje naturalny rytm ssania niemowl\u0119cia, oferuj\u0105c pi\u0119\u0107 regulowanych poziom\u00f3w ssania i rytmu, co pozwala dostosowa\u0107 intensywno\u015b\u0107 do indywidualnych potrzeb mamy i maksymalizuje produkcj\u0119 pokarmu. [&hellip;]<\/p>\n","protected":false},"featured_media":10535,"comment_status":"open","ping_status":"closed","template":"","meta":[],"product_brand":[],"product_cat":[94,92,88],"product_tag":[],"class_list":{"0":"post-10538","1":"product","2":"type-product","3":"status-publish","4":"has-post-thumbnail","6":"product_cat-karmienie-piersia","7":"product_cat-laktatory","8":"product_cat-mama","10":"first","11":"instock","12":"taxable","13":"shipping-taxable","14":"purchasable","15":"product-type-simple"},"_links":{"self":[{"href":"https:\/\/www.bobooaza.pl\/index.php\/wp-json\/wp\/v2\/product\/10538","targetHints":{"allow":["GET"]}}],"collection":[{"href":"https:\/\/www.bobooaza.pl\/index.php\/wp-json\/wp\/v2\/product"}],"about":[{"href":"https:\/\/www.bobooaza.pl\/index.php\/wp-json\/wp\/v2\/types\/product"}],"replies":[{"embeddable":true,"href":"https:\/\/www.bobooaza.pl\/index.php\/wp-json\/wp\/v2\/comments?post=10538"}],"wp:featuredmedia":[{"embeddable":true,"href":"https:\/\/www.bobooaza.pl\/index.php\/wp-json\/wp\/v2\/media\/10535"}],"wp:attachment":[{"href":"https:\/\/www.bobooaza.pl\/index.php\/wp-json\/wp\/v2\/media?parent=10538"}],"wp:term":[{"taxonomy":"product_brand","embeddable":true,"href":"https:\/\/www.bobooaza.pl\/index.php\/wp-json\/wp\/v2\/product_brand?post=10538"},{"taxonomy":"product_cat","embeddable":true,"href":"https:\/\/www.bobooaza.pl\/index.php\/wp-json\/wp\/v2\/product_cat?post=10538"},{"taxonomy":"product_tag","embeddable":true,"href":"https:\/\/www.bobooaza.pl\/index.php\/wp-json\/wp\/v2\/product_tag?post=10538"}],"curies":[{"name":"wp","href":"https:\/\/api.w.org\/{rel}","templated":true}]}}