{"id":10548,"date":"2026-01-05T22:25:31","date_gmt":"2026-01-05T21:25:31","guid":{"rendered":"https:\/\/bobooaza.pl\/index.php\/produkt\/tt-42359441-laktator-silikonowy-kolektor-made-for-me\/"},"modified":"2026-01-05T22:35:55","modified_gmt":"2026-01-05T21:35:55","slug":"tt-42359441-laktator-silikonowy-kolektor-made-for-me","status":"publish","type":"product","link":"https:\/\/www.bobooaza.pl\/index.php\/produkt\/tt-42359441-laktator-silikonowy-kolektor-made-for-me\/","title":{"rendered":"TT 42359441 Laktator silikonowy\/kolektor MADE FOR ME"},"content":{"rendered":"<p>TT 42359441 Laktator silikonowy\/kolektor MADE FOR ME to przeno\u015bne, dyskretne i ciche urz\u0105dzenie do odci\u0105gania lub zbierania wyp\u0142ywaj\u0105cego mleka. Mo\u017ce s\u0142u\u017cy\u0107 jako laktator, kolektor lub do ulgi w przepe\u0142nionych piersiach. Wykonany jest w ca\u0142o\u015bci z bezpiecznego silikonu spo\u017cywczego, bez BPA, PVC i ftalan\u00f3w. Jednocz\u0119\u015bciowa konstrukcja nie wymaga przewod\u00f3w, jest \u0142atwa do mycia i sterylizacji, a przejrzysta miarka pozwala kontrolowa\u0107 ilo\u015b\u0107 zebranej substancji. Umo\u017cliwia bezdotykowe odci\u0105ganie mleka podczas karmienia drugiej piersi.<\/p>\n<p>W zestawie znajduje si\u0119 laktator silikonowy, torba podr\u00f3\u017cna wielokrotnego u\u017cytku do sterylizacji mikrofalowej oraz jednorazowy woreczek na mleko, gotowy do u\u017cycia w nag\u0142ych sytuacjach.<\/p>\n","protected":false},"excerpt":{"rendered":"<p>TT 42359441 Laktator silikonowy\/kolektor MADE FOR ME to przeno\u015bne, dyskretne i ciche urz\u0105dzenie do odci\u0105gania lub zbierania wyp\u0142ywaj\u0105cego mleka. Mo\u017ce s\u0142u\u017cy\u0107 jako laktator, kolektor lub do ulgi w przepe\u0142nionych piersiach. Wykonany jest w ca\u0142o\u015bci z bezpiecznego silikonu spo\u017cywczego, bez BPA, PVC i ftalan\u00f3w. Jednocz\u0119\u015bciowa konstrukcja nie wymaga przewod\u00f3w, jest \u0142atwa do mycia i sterylizacji, a [&hellip;]<\/p>\n","protected":false},"featured_media":10543,"comment_status":"open","ping_status":"closed","template":"","meta":[],"product_brand":[],"product_cat":[94,92,88],"product_tag":[],"class_list":{"0":"post-10548","1":"product","2":"type-product","3":"status-publish","4":"has-post-thumbnail","6":"product_cat-karmienie-piersia","7":"product_cat-laktatory","8":"product_cat-mama","10":"first","11":"instock","12":"taxable","13":"shipping-taxable","14":"purchasable","15":"product-type-simple"},"_links":{"self":[{"href":"https:\/\/www.bobooaza.pl\/index.php\/wp-json\/wp\/v2\/product\/10548","targetHints":{"allow":["GET"]}}],"collection":[{"href":"https:\/\/www.bobooaza.pl\/index.php\/wp-json\/wp\/v2\/product"}],"about":[{"href":"https:\/\/www.bobooaza.pl\/index.php\/wp-json\/wp\/v2\/types\/product"}],"replies":[{"embeddable":true,"href":"https:\/\/www.bobooaza.pl\/index.php\/wp-json\/wp\/v2\/comments?post=10548"}],"wp:featuredmedia":[{"embeddable":true,"href":"https:\/\/www.bobooaza.pl\/index.php\/wp-json\/wp\/v2\/media\/10543"}],"wp:attachment":[{"href":"https:\/\/www.bobooaza.pl\/index.php\/wp-json\/wp\/v2\/media?parent=10548"}],"wp:term":[{"taxonomy":"product_brand","embeddable":true,"href":"https:\/\/www.bobooaza.pl\/index.php\/wp-json\/wp\/v2\/product_brand?post=10548"},{"taxonomy":"product_cat","embeddable":true,"href":"https:\/\/www.bobooaza.pl\/index.php\/wp-json\/wp\/v2\/product_cat?post=10548"},{"taxonomy":"product_tag","embeddable":true,"href":"https:\/\/www.bobooaza.pl\/index.php\/wp-json\/wp\/v2\/product_tag?post=10548"}],"curies":[{"name":"wp","href":"https:\/\/api.w.org\/{rel}","templated":true}]}}