{"id":10559,"date":"2026-01-05T23:28:56","date_gmt":"2026-01-05T22:28:56","guid":{"rendered":"https:\/\/bobooaza.pl\/index.php\/produkt\/akuku-a0584-tasiemka-zawieszka-do-smoczka-gwiazdki-srebrne\/"},"modified":"2026-01-05T23:29:45","modified_gmt":"2026-01-05T22:29:45","slug":"akuku-a0584-tasiemka-zawieszka-do-smoczka-gwiazdki-srebrne","status":"publish","type":"product","link":"https:\/\/www.bobooaza.pl\/index.php\/produkt\/akuku-a0584-tasiemka-zawieszka-do-smoczka-gwiazdki-srebrne\/","title":{"rendered":"AKUKU A0584 Tasiemka \/ zawieszka do smoczka gwiazdki srebrne"},"content":{"rendered":"<p>AKUKU A0584 Tasiemka \/ zawieszka do smoczka gwiazdki srebrne to praktyczny i stylowy dodatek do smoczka dziecka, kt\u00f3ry chroni go przed zgubieniem, upadkiem lub zabrudzeniem. Wykonana jest z trwa\u0142ej tasiemki i wyposa\u017cona w drewniany klips, umo\u017cliwiaj\u0105cy \u0142atwe i szybkie mocowanie do ubranka dziecka. Zawieszka pasuje zar\u00f3wno do smoczk\u00f3w z uchwytem, jak i bez uchwytu, nie uszkadza materia\u0142u i utrzymuje smoczek zawsze w zasi\u0119gu r\u0119ki. Ca\u0142kowita d\u0142ugo\u015b\u0107 tasiemki wynosi 24 cm. Produkt spe\u0142nia europejsk\u0105 norm\u0119 bezpiecze\u0144stwa PN EN 12586 i powinien by\u0107 u\u017cywany wy\u0142\u0105cznie pod nadzorem osoby doros\u0142ej, nie jest zabawk\u0105.<\/p>\n","protected":false},"excerpt":{"rendered":"<p>AKUKU A0584 Tasiemka \/ zawieszka do smoczka gwiazdki srebrne to praktyczny i stylowy dodatek do smoczka dziecka, kt\u00f3ry chroni go przed zgubieniem, upadkiem lub zabrudzeniem. Wykonana jest z trwa\u0142ej tasiemki i wyposa\u017cona w drewniany klips, umo\u017cliwiaj\u0105cy \u0142atwe i szybkie mocowanie do ubranka dziecka. Zawieszka pasuje zar\u00f3wno do smoczk\u00f3w z uchwytem, jak i bez uchwytu, nie [&hellip;]<\/p>\n","protected":false},"featured_media":10558,"comment_status":"open","ping_status":"closed","template":"","meta":[],"product_brand":[],"product_cat":[76,103,104],"product_tag":[],"class_list":{"0":"post-10559","1":"product","2":"type-product","3":"status-publish","4":"has-post-thumbnail","6":"product_cat-dziecko","7":"product_cat-smoczki-i-zawieszki","8":"product_cat-zawieszki","10":"first","11":"instock","12":"taxable","13":"shipping-taxable","14":"purchasable","15":"product-type-simple"},"_links":{"self":[{"href":"https:\/\/www.bobooaza.pl\/index.php\/wp-json\/wp\/v2\/product\/10559","targetHints":{"allow":["GET"]}}],"collection":[{"href":"https:\/\/www.bobooaza.pl\/index.php\/wp-json\/wp\/v2\/product"}],"about":[{"href":"https:\/\/www.bobooaza.pl\/index.php\/wp-json\/wp\/v2\/types\/product"}],"replies":[{"embeddable":true,"href":"https:\/\/www.bobooaza.pl\/index.php\/wp-json\/wp\/v2\/comments?post=10559"}],"wp:featuredmedia":[{"embeddable":true,"href":"https:\/\/www.bobooaza.pl\/index.php\/wp-json\/wp\/v2\/media\/10558"}],"wp:attachment":[{"href":"https:\/\/www.bobooaza.pl\/index.php\/wp-json\/wp\/v2\/media?parent=10559"}],"wp:term":[{"taxonomy":"product_brand","embeddable":true,"href":"https:\/\/www.bobooaza.pl\/index.php\/wp-json\/wp\/v2\/product_brand?post=10559"},{"taxonomy":"product_cat","embeddable":true,"href":"https:\/\/www.bobooaza.pl\/index.php\/wp-json\/wp\/v2\/product_cat?post=10559"},{"taxonomy":"product_tag","embeddable":true,"href":"https:\/\/www.bobooaza.pl\/index.php\/wp-json\/wp\/v2\/product_tag?post=10559"}],"curies":[{"name":"wp","href":"https:\/\/api.w.org\/{rel}","templated":true}]}}