{"id":10561,"date":"2026-01-05T23:28:58","date_gmt":"2026-01-05T22:28:58","guid":{"rendered":"https:\/\/bobooaza.pl\/index.php\/produkt\/akuku-a0585-tasiemka-zawieszka-do-smoczka-gwiazdki-zlote\/"},"modified":"2026-01-05T23:29:45","modified_gmt":"2026-01-05T22:29:45","slug":"akuku-a0585-tasiemka-zawieszka-do-smoczka-gwiazdki-zlote","status":"publish","type":"product","link":"https:\/\/www.bobooaza.pl\/index.php\/produkt\/akuku-a0585-tasiemka-zawieszka-do-smoczka-gwiazdki-zlote\/","title":{"rendered":"AKUKU A0585 Tasiemka \/ zawieszka do smoczka gwiazdki z\u0142ote"},"content":{"rendered":"<p>AKUKU A0585 Tasiemka \/ zawieszka do smoczka gwiazdki z\u0142ote to praktyczny i stylowy dodatek do smoczka dziecka, kt\u00f3ry chroni go przed zgubieniem, upadkiem lub zabrudzeniem. Wykonana jest z trwa\u0142ej tasiemki i wyposa\u017cona w drewniany klips, kt\u00f3ry umo\u017cliwia \u0142atwe i szybkie mocowanie do ubranka dziecka. Tasiemka pasuje do smoczk\u00f3w z uchwytem i bez uchwytu, dobrze trzyma si\u0119 ubranka i nie uszkadza materia\u0142u. Ca\u0142kowita d\u0142ugo\u015b\u0107 wynosi 24 cm. Produkt spe\u0142nia europejsk\u0105 norm\u0119 PN EN 12586 i powinien by\u0107 u\u017cywany wy\u0142\u0105cznie pod nadzorem osoby doros\u0142ej, nie jest zabawk\u0105.<\/p>\n","protected":false},"excerpt":{"rendered":"<p>AKUKU A0585 Tasiemka \/ zawieszka do smoczka gwiazdki z\u0142ote to praktyczny i stylowy dodatek do smoczka dziecka, kt\u00f3ry chroni go przed zgubieniem, upadkiem lub zabrudzeniem. Wykonana jest z trwa\u0142ej tasiemki i wyposa\u017cona w drewniany klips, kt\u00f3ry umo\u017cliwia \u0142atwe i szybkie mocowanie do ubranka dziecka. Tasiemka pasuje do smoczk\u00f3w z uchwytem i bez uchwytu, dobrze trzyma [&hellip;]<\/p>\n","protected":false},"featured_media":10560,"comment_status":"open","ping_status":"closed","template":"","meta":[],"product_brand":[],"product_cat":[76,103,104],"product_tag":[],"class_list":{"0":"post-10561","1":"product","2":"type-product","3":"status-publish","4":"has-post-thumbnail","6":"product_cat-dziecko","7":"product_cat-smoczki-i-zawieszki","8":"product_cat-zawieszki","10":"first","11":"instock","12":"taxable","13":"shipping-taxable","14":"purchasable","15":"product-type-simple"},"_links":{"self":[{"href":"https:\/\/www.bobooaza.pl\/index.php\/wp-json\/wp\/v2\/product\/10561","targetHints":{"allow":["GET"]}}],"collection":[{"href":"https:\/\/www.bobooaza.pl\/index.php\/wp-json\/wp\/v2\/product"}],"about":[{"href":"https:\/\/www.bobooaza.pl\/index.php\/wp-json\/wp\/v2\/types\/product"}],"replies":[{"embeddable":true,"href":"https:\/\/www.bobooaza.pl\/index.php\/wp-json\/wp\/v2\/comments?post=10561"}],"wp:featuredmedia":[{"embeddable":true,"href":"https:\/\/www.bobooaza.pl\/index.php\/wp-json\/wp\/v2\/media\/10560"}],"wp:attachment":[{"href":"https:\/\/www.bobooaza.pl\/index.php\/wp-json\/wp\/v2\/media?parent=10561"}],"wp:term":[{"taxonomy":"product_brand","embeddable":true,"href":"https:\/\/www.bobooaza.pl\/index.php\/wp-json\/wp\/v2\/product_brand?post=10561"},{"taxonomy":"product_cat","embeddable":true,"href":"https:\/\/www.bobooaza.pl\/index.php\/wp-json\/wp\/v2\/product_cat?post=10561"},{"taxonomy":"product_tag","embeddable":true,"href":"https:\/\/www.bobooaza.pl\/index.php\/wp-json\/wp\/v2\/product_tag?post=10561"}],"curies":[{"name":"wp","href":"https:\/\/api.w.org\/{rel}","templated":true}]}}