{"id":10565,"date":"2026-01-05T23:29:01","date_gmt":"2026-01-05T22:29:01","guid":{"rendered":"https:\/\/bobooaza.pl\/index.php\/produkt\/b-o-1469-01-silikonowa-zawieszka-do-smoczka\/"},"modified":"2026-01-05T23:29:46","modified_gmt":"2026-01-05T22:29:46","slug":"b-o-1469-01-silikonowa-zawieszka-do-smoczka","status":"publish","type":"product","link":"https:\/\/www.bobooaza.pl\/index.php\/produkt\/b-o-1469-01-silikonowa-zawieszka-do-smoczka\/","title":{"rendered":"B.O.1469\/01 Silikonowa zawieszka do smoczka"},"content":{"rendered":"<p>B.O.1469\/01 Silikonowa zawieszka do smoczka to praktyczne akcesorium, kt\u00f3re chroni smoczek dziecka przed upadkiem, zabrudzeniem i zgubieniem. Lekka zawieszka wykonana jest z bezpiecznego silikonu, kt\u00f3ry nie zawiera szkodliwych substancji i jest \u0142atwy do czyszczenia. Wyposa\u017cona w wygodny klips, mo\u017cna j\u0105 \u0142atwo przypi\u0105\u0107 do ubranka, torby lub w\u00f3zka, bez uszkadzania materia\u0142u, a silikonowa os\u0142ona chroni ma\u0142e r\u0105czki dziecka. Dzi\u0119ki niej smoczek zawsze pozostaje pod r\u0119k\u0105 w domu, na spacerze czy w podr\u00f3\u017cy.<\/p>\n","protected":false},"excerpt":{"rendered":"<p>B.O.1469\/01 Silikonowa zawieszka do smoczka to praktyczne akcesorium, kt\u00f3re chroni smoczek dziecka przed upadkiem, zabrudzeniem i zgubieniem. Lekka zawieszka wykonana jest z bezpiecznego silikonu, kt\u00f3ry nie zawiera szkodliwych substancji i jest \u0142atwy do czyszczenia. Wyposa\u017cona w wygodny klips, mo\u017cna j\u0105 \u0142atwo przypi\u0105\u0107 do ubranka, torby lub w\u00f3zka, bez uszkadzania materia\u0142u, a silikonowa os\u0142ona chroni ma\u0142e [&hellip;]<\/p>\n","protected":false},"featured_media":10562,"comment_status":"open","ping_status":"closed","template":"","meta":[],"product_brand":[],"product_cat":[76,103,104],"product_tag":[],"class_list":{"0":"post-10565","1":"product","2":"type-product","3":"status-publish","4":"has-post-thumbnail","6":"product_cat-dziecko","7":"product_cat-smoczki-i-zawieszki","8":"product_cat-zawieszki","10":"first","11":"instock","12":"taxable","13":"shipping-taxable","14":"purchasable","15":"product-type-simple"},"_links":{"self":[{"href":"https:\/\/www.bobooaza.pl\/index.php\/wp-json\/wp\/v2\/product\/10565","targetHints":{"allow":["GET"]}}],"collection":[{"href":"https:\/\/www.bobooaza.pl\/index.php\/wp-json\/wp\/v2\/product"}],"about":[{"href":"https:\/\/www.bobooaza.pl\/index.php\/wp-json\/wp\/v2\/types\/product"}],"replies":[{"embeddable":true,"href":"https:\/\/www.bobooaza.pl\/index.php\/wp-json\/wp\/v2\/comments?post=10565"}],"wp:featuredmedia":[{"embeddable":true,"href":"https:\/\/www.bobooaza.pl\/index.php\/wp-json\/wp\/v2\/media\/10562"}],"wp:attachment":[{"href":"https:\/\/www.bobooaza.pl\/index.php\/wp-json\/wp\/v2\/media?parent=10565"}],"wp:term":[{"taxonomy":"product_brand","embeddable":true,"href":"https:\/\/www.bobooaza.pl\/index.php\/wp-json\/wp\/v2\/product_brand?post=10565"},{"taxonomy":"product_cat","embeddable":true,"href":"https:\/\/www.bobooaza.pl\/index.php\/wp-json\/wp\/v2\/product_cat?post=10565"},{"taxonomy":"product_tag","embeddable":true,"href":"https:\/\/www.bobooaza.pl\/index.php\/wp-json\/wp\/v2\/product_tag?post=10565"}],"curies":[{"name":"wp","href":"https:\/\/api.w.org\/{rel}","templated":true}]}}