{"id":10575,"date":"2026-01-05T23:29:07","date_gmt":"2026-01-05T22:29:07","guid":{"rendered":"https:\/\/bobooaza.pl\/index.php\/produkt\/b-o-1469-04-silikonowa-zawieszka-do-smoczka\/"},"modified":"2026-01-05T23:29:47","modified_gmt":"2026-01-05T22:29:47","slug":"b-o-1469-04-silikonowa-zawieszka-do-smoczka","status":"publish","type":"product","link":"https:\/\/www.bobooaza.pl\/index.php\/produkt\/b-o-1469-04-silikonowa-zawieszka-do-smoczka\/","title":{"rendered":"B.O.1469\/04 Silikonowa zawieszka do smoczka"},"content":{"rendered":"<p>B.O.1469\/04 Silikonowa zawieszka do smoczka to praktyczne i bezpieczne rozwi\u0105zanie dla rodzic\u00f3w, kt\u00f3re chroni smoczek przed upadkiem, zabrudzeniem i zgubieniem. Wykonana z mi\u0119kkiego, nietoksycznego silikonu, jest \u0142atwa w czyszczeniu i ca\u0142kowicie bezpieczna dla dziecka. Dzi\u0119ki lekkiemu klipsowi mo\u017cna j\u0105 przypi\u0105\u0107 do ubranka, torby lub w\u00f3zka, a silikonowa os\u0142ona chroni ma\u0142e r\u0105czki. Zawieszka pozwala mie\u0107 smoczek zawsze pod r\u0119k\u0105, zar\u00f3wno w domu, jak i w podr\u00f3\u017cy.<\/p>\n","protected":false},"excerpt":{"rendered":"<p>B.O.1469\/04 Silikonowa zawieszka do smoczka to praktyczne i bezpieczne rozwi\u0105zanie dla rodzic\u00f3w, kt\u00f3re chroni smoczek przed upadkiem, zabrudzeniem i zgubieniem. Wykonana z mi\u0119kkiego, nietoksycznego silikonu, jest \u0142atwa w czyszczeniu i ca\u0142kowicie bezpieczna dla dziecka. Dzi\u0119ki lekkiemu klipsowi mo\u017cna j\u0105 przypi\u0105\u0107 do ubranka, torby lub w\u00f3zka, a silikonowa os\u0142ona chroni ma\u0142e r\u0105czki. Zawieszka pozwala mie\u0107 smoczek [&hellip;]<\/p>\n","protected":false},"featured_media":10573,"comment_status":"open","ping_status":"closed","template":"","meta":[],"product_brand":[],"product_cat":[76,103,104],"product_tag":[],"class_list":{"0":"post-10575","1":"product","2":"type-product","3":"status-publish","4":"has-post-thumbnail","6":"product_cat-dziecko","7":"product_cat-smoczki-i-zawieszki","8":"product_cat-zawieszki","10":"first","11":"instock","12":"taxable","13":"shipping-taxable","14":"purchasable","15":"product-type-simple"},"_links":{"self":[{"href":"https:\/\/www.bobooaza.pl\/index.php\/wp-json\/wp\/v2\/product\/10575","targetHints":{"allow":["GET"]}}],"collection":[{"href":"https:\/\/www.bobooaza.pl\/index.php\/wp-json\/wp\/v2\/product"}],"about":[{"href":"https:\/\/www.bobooaza.pl\/index.php\/wp-json\/wp\/v2\/types\/product"}],"replies":[{"embeddable":true,"href":"https:\/\/www.bobooaza.pl\/index.php\/wp-json\/wp\/v2\/comments?post=10575"}],"wp:featuredmedia":[{"embeddable":true,"href":"https:\/\/www.bobooaza.pl\/index.php\/wp-json\/wp\/v2\/media\/10573"}],"wp:attachment":[{"href":"https:\/\/www.bobooaza.pl\/index.php\/wp-json\/wp\/v2\/media?parent=10575"}],"wp:term":[{"taxonomy":"product_brand","embeddable":true,"href":"https:\/\/www.bobooaza.pl\/index.php\/wp-json\/wp\/v2\/product_brand?post=10575"},{"taxonomy":"product_cat","embeddable":true,"href":"https:\/\/www.bobooaza.pl\/index.php\/wp-json\/wp\/v2\/product_cat?post=10575"},{"taxonomy":"product_tag","embeddable":true,"href":"https:\/\/www.bobooaza.pl\/index.php\/wp-json\/wp\/v2\/product_tag?post=10575"}],"curies":[{"name":"wp","href":"https:\/\/api.w.org\/{rel}","templated":true}]}}