{"id":10577,"date":"2026-01-05T23:29:08","date_gmt":"2026-01-05T22:29:08","guid":{"rendered":"https:\/\/bobooaza.pl\/index.php\/produkt\/baby-01757-zawieszka-do-smoczka-ecru-bawelna\/"},"modified":"2026-01-05T23:29:48","modified_gmt":"2026-01-05T22:29:48","slug":"baby-01757-zawieszka-do-smoczka-ecru-bawelna","status":"publish","type":"product","link":"https:\/\/www.bobooaza.pl\/index.php\/produkt\/baby-01757-zawieszka-do-smoczka-ecru-bawelna\/","title":{"rendered":"BABY 01757 Zawieszka do smoczka ecru bawe\u0142na"},"content":{"rendered":"<p>BABY 01757 Zawieszka do smoczka ecru wykonana jest z 96% bawe\u0142ny i 4% elastanu, z drewnianym klipsem, dzi\u0119ki czemu jest bezpieczna i delikatna dla dziecka. Zawieszka ma d\u0142ugo\u015b\u0107 oko\u0142o 26 cm i chroni smoczek przed upadkiem, jednocze\u015bnie umo\u017cliwiaj\u0105c jego wygodne u\u017cycie w domu i w podr\u00f3\u017cy. Nale\u017cy j\u0105 u\u017cywa\u0107 pod nadzorem osoby doros\u0142ej, nie stosowa\u0107 podczas snu dziecka ani jako gryzaka. Zaleca si\u0119 wymian\u0119 co 3 miesi\u0105ce i pranie r\u0119czne w temperaturze do 30\u00b0C, susz\u0105c naturalnie, z dala od s\u0142o\u0144ca i suszarki b\u0119bnowej. Produkt nie jest zabawk\u0105.<\/p>\n","protected":false},"excerpt":{"rendered":"<p>BABY 01757 Zawieszka do smoczka ecru wykonana jest z 96% bawe\u0142ny i 4% elastanu, z drewnianym klipsem, dzi\u0119ki czemu jest bezpieczna i delikatna dla dziecka. Zawieszka ma d\u0142ugo\u015b\u0107 oko\u0142o 26 cm i chroni smoczek przed upadkiem, jednocze\u015bnie umo\u017cliwiaj\u0105c jego wygodne u\u017cycie w domu i w podr\u00f3\u017cy. Nale\u017cy j\u0105 u\u017cywa\u0107 pod nadzorem osoby doros\u0142ej, nie stosowa\u0107 [&hellip;]<\/p>\n","protected":false},"featured_media":10576,"comment_status":"open","ping_status":"closed","template":"","meta":[],"product_brand":[],"product_cat":[76,103,104],"product_tag":[],"class_list":{"0":"post-10577","1":"product","2":"type-product","3":"status-publish","4":"has-post-thumbnail","6":"product_cat-dziecko","7":"product_cat-smoczki-i-zawieszki","8":"product_cat-zawieszki","10":"first","11":"instock","12":"taxable","13":"shipping-taxable","14":"purchasable","15":"product-type-simple"},"_links":{"self":[{"href":"https:\/\/www.bobooaza.pl\/index.php\/wp-json\/wp\/v2\/product\/10577","targetHints":{"allow":["GET"]}}],"collection":[{"href":"https:\/\/www.bobooaza.pl\/index.php\/wp-json\/wp\/v2\/product"}],"about":[{"href":"https:\/\/www.bobooaza.pl\/index.php\/wp-json\/wp\/v2\/types\/product"}],"replies":[{"embeddable":true,"href":"https:\/\/www.bobooaza.pl\/index.php\/wp-json\/wp\/v2\/comments?post=10577"}],"wp:featuredmedia":[{"embeddable":true,"href":"https:\/\/www.bobooaza.pl\/index.php\/wp-json\/wp\/v2\/media\/10576"}],"wp:attachment":[{"href":"https:\/\/www.bobooaza.pl\/index.php\/wp-json\/wp\/v2\/media?parent=10577"}],"wp:term":[{"taxonomy":"product_brand","embeddable":true,"href":"https:\/\/www.bobooaza.pl\/index.php\/wp-json\/wp\/v2\/product_brand?post=10577"},{"taxonomy":"product_cat","embeddable":true,"href":"https:\/\/www.bobooaza.pl\/index.php\/wp-json\/wp\/v2\/product_cat?post=10577"},{"taxonomy":"product_tag","embeddable":true,"href":"https:\/\/www.bobooaza.pl\/index.php\/wp-json\/wp\/v2\/product_tag?post=10577"}],"curies":[{"name":"wp","href":"https:\/\/api.w.org\/{rel}","templated":true}]}}