{"id":10582,"date":"2026-01-05T23:29:12","date_gmt":"2026-01-05T22:29:12","guid":{"rendered":"https:\/\/bobooaza.pl\/index.php\/produkt\/baby-01268-zawieszka-do-smoczka-peonie-bawelna\/"},"modified":"2026-01-05T23:29:49","modified_gmt":"2026-01-05T22:29:49","slug":"baby-01268-zawieszka-do-smoczka-peonie-bawelna","status":"publish","type":"product","link":"https:\/\/www.bobooaza.pl\/index.php\/produkt\/baby-01268-zawieszka-do-smoczka-peonie-bawelna\/","title":{"rendered":"BABY 01268 Zawieszka do smoczka Peonie &#8211; bawe\u0142na"},"content":{"rendered":"<p>BABY 01268 to materia\u0142owa zawieszka do smoczka w motywie Peonie, wykonana w 100% z bawe\u0142ny z drewnianym klipsem. Chroni smoczek przed upadkiem i zabrudzeniem, idealna w pierwszych miesi\u0105cach \u017cycia dziecka. Ma d\u0142ugo\u015b\u0107 26 cm (+\/-2 cm) i nale\u017cy j\u0105 stosowa\u0107 wy\u0142\u0105cznie pod nadzorem osoby doros\u0142ej. Nie mo\u017ce s\u0142u\u017cy\u0107 jako gryzak ani by\u0107 u\u017cywana podczas snu dziecka. Zawieszk\u0119 pierze si\u0119 r\u0119cznie w 30\u00b0C, suszy naturalnie, a w razie zu\u017cycia lub uszkodzenia nale\u017cy j\u0105 wymieni\u0107. Produkt nie jest zabawk\u0105.<\/p>\n","protected":false},"excerpt":{"rendered":"<p>BABY 01268 to materia\u0142owa zawieszka do smoczka w motywie Peonie, wykonana w 100% z bawe\u0142ny z drewnianym klipsem. Chroni smoczek przed upadkiem i zabrudzeniem, idealna w pierwszych miesi\u0105cach \u017cycia dziecka. Ma d\u0142ugo\u015b\u0107 26 cm (+\/-2 cm) i nale\u017cy j\u0105 stosowa\u0107 wy\u0142\u0105cznie pod nadzorem osoby doros\u0142ej. Nie mo\u017ce s\u0142u\u017cy\u0107 jako gryzak ani by\u0107 u\u017cywana podczas snu [&hellip;]<\/p>\n","protected":false},"featured_media":10581,"comment_status":"open","ping_status":"closed","template":"","meta":[],"product_brand":[],"product_cat":[76,103,104],"product_tag":[],"class_list":{"0":"post-10582","1":"product","2":"type-product","3":"status-publish","4":"has-post-thumbnail","6":"product_cat-dziecko","7":"product_cat-smoczki-i-zawieszki","8":"product_cat-zawieszki","10":"first","11":"instock","12":"taxable","13":"shipping-taxable","14":"purchasable","15":"product-type-simple"},"_links":{"self":[{"href":"https:\/\/www.bobooaza.pl\/index.php\/wp-json\/wp\/v2\/product\/10582","targetHints":{"allow":["GET"]}}],"collection":[{"href":"https:\/\/www.bobooaza.pl\/index.php\/wp-json\/wp\/v2\/product"}],"about":[{"href":"https:\/\/www.bobooaza.pl\/index.php\/wp-json\/wp\/v2\/types\/product"}],"replies":[{"embeddable":true,"href":"https:\/\/www.bobooaza.pl\/index.php\/wp-json\/wp\/v2\/comments?post=10582"}],"wp:featuredmedia":[{"embeddable":true,"href":"https:\/\/www.bobooaza.pl\/index.php\/wp-json\/wp\/v2\/media\/10581"}],"wp:attachment":[{"href":"https:\/\/www.bobooaza.pl\/index.php\/wp-json\/wp\/v2\/media?parent=10582"}],"wp:term":[{"taxonomy":"product_brand","embeddable":true,"href":"https:\/\/www.bobooaza.pl\/index.php\/wp-json\/wp\/v2\/product_brand?post=10582"},{"taxonomy":"product_cat","embeddable":true,"href":"https:\/\/www.bobooaza.pl\/index.php\/wp-json\/wp\/v2\/product_cat?post=10582"},{"taxonomy":"product_tag","embeddable":true,"href":"https:\/\/www.bobooaza.pl\/index.php\/wp-json\/wp\/v2\/product_tag?post=10582"}],"curies":[{"name":"wp","href":"https:\/\/api.w.org\/{rel}","templated":true}]}}