{"id":10584,"date":"2026-01-05T23:29:13","date_gmt":"2026-01-05T22:29:13","guid":{"rendered":"https:\/\/bobooaza.pl\/index.php\/produkt\/baby-01431-zawieszka-do-smoczka-eko-drewniana-earth-petrol\/"},"modified":"2026-01-05T23:29:49","modified_gmt":"2026-01-05T22:29:49","slug":"baby-01431-zawieszka-do-smoczka-eko-drewniana-earth-petrol","status":"publish","type":"product","link":"https:\/\/www.bobooaza.pl\/index.php\/produkt\/baby-01431-zawieszka-do-smoczka-eko-drewniana-earth-petrol\/","title":{"rendered":"BABY 01431 Zawieszka do smoczka Eko Drewniana EARTH PETROL"},"content":{"rendered":"<p>BABY 01431 to ekologiczna, drewniano-silikonowa zawieszka do smoczka w kolorze Earth Petrol, bezpieczna dla niemowl\u0105t i przyjazna \u015brodowisku. Wykonana z silikonu spo\u017cywczego, wolnego od BPA, kadmu i ftalan\u00f3w, posiada w\u0142a\u015bciwo\u015bci antybakteryjne. Mo\u017cna j\u0105 sch\u0142odzi\u0107 w lod\u00f3wce, aby zapewni\u0107 ch\u0142odny masa\u017c dzi\u0105se\u0142 podczas z\u0105bkowania. Chroni smoczek przed upadkiem i zabrudzeniem, nale\u017cy j\u0105 u\u017cywa\u0107 pod nadzorem osoby doros\u0142ej i nie stosowa\u0107 podczas snu dziecka. Myje si\u0119 pod bie\u017c\u0105c\u0105 wod\u0105, a ze wzgl\u0119d\u00f3w higienicznych zaleca si\u0119 wymian\u0119 co 3 miesi\u0105ce. Produkt nie jest zabawk\u0105.<\/p>\n","protected":false},"excerpt":{"rendered":"<p>BABY 01431 to ekologiczna, drewniano-silikonowa zawieszka do smoczka w kolorze Earth Petrol, bezpieczna dla niemowl\u0105t i przyjazna \u015brodowisku. Wykonana z silikonu spo\u017cywczego, wolnego od BPA, kadmu i ftalan\u00f3w, posiada w\u0142a\u015bciwo\u015bci antybakteryjne. Mo\u017cna j\u0105 sch\u0142odzi\u0107 w lod\u00f3wce, aby zapewni\u0107 ch\u0142odny masa\u017c dzi\u0105se\u0142 podczas z\u0105bkowania. Chroni smoczek przed upadkiem i zabrudzeniem, nale\u017cy j\u0105 u\u017cywa\u0107 pod nadzorem osoby [&hellip;]<\/p>\n","protected":false},"featured_media":10583,"comment_status":"open","ping_status":"closed","template":"","meta":[],"product_brand":[],"product_cat":[76,103,104],"product_tag":[],"class_list":{"0":"post-10584","1":"product","2":"type-product","3":"status-publish","4":"has-post-thumbnail","6":"product_cat-dziecko","7":"product_cat-smoczki-i-zawieszki","8":"product_cat-zawieszki","10":"first","11":"instock","12":"taxable","13":"shipping-taxable","14":"purchasable","15":"product-type-simple"},"_links":{"self":[{"href":"https:\/\/www.bobooaza.pl\/index.php\/wp-json\/wp\/v2\/product\/10584","targetHints":{"allow":["GET"]}}],"collection":[{"href":"https:\/\/www.bobooaza.pl\/index.php\/wp-json\/wp\/v2\/product"}],"about":[{"href":"https:\/\/www.bobooaza.pl\/index.php\/wp-json\/wp\/v2\/types\/product"}],"replies":[{"embeddable":true,"href":"https:\/\/www.bobooaza.pl\/index.php\/wp-json\/wp\/v2\/comments?post=10584"}],"wp:featuredmedia":[{"embeddable":true,"href":"https:\/\/www.bobooaza.pl\/index.php\/wp-json\/wp\/v2\/media\/10583"}],"wp:attachment":[{"href":"https:\/\/www.bobooaza.pl\/index.php\/wp-json\/wp\/v2\/media?parent=10584"}],"wp:term":[{"taxonomy":"product_brand","embeddable":true,"href":"https:\/\/www.bobooaza.pl\/index.php\/wp-json\/wp\/v2\/product_brand?post=10584"},{"taxonomy":"product_cat","embeddable":true,"href":"https:\/\/www.bobooaza.pl\/index.php\/wp-json\/wp\/v2\/product_cat?post=10584"},{"taxonomy":"product_tag","embeddable":true,"href":"https:\/\/www.bobooaza.pl\/index.php\/wp-json\/wp\/v2\/product_tag?post=10584"}],"curies":[{"name":"wp","href":"https:\/\/api.w.org\/{rel}","templated":true}]}}