{"id":10592,"date":"2026-01-05T23:29:17","date_gmt":"2026-01-05T22:29:17","guid":{"rendered":"https:\/\/bobooaza.pl\/index.php\/produkt\/baby-01438-zawieszka-do-smoczka-krysztal-pink-sand\/"},"modified":"2026-01-05T23:29:51","modified_gmt":"2026-01-05T22:29:51","slug":"baby-01438-zawieszka-do-smoczka-krysztal-pink-sand","status":"publish","type":"product","link":"https:\/\/www.bobooaza.pl\/index.php\/produkt\/baby-01438-zawieszka-do-smoczka-krysztal-pink-sand\/","title":{"rendered":"BABY 01438 Zawieszka do smoczka Kryszta\u0142 PINK\/SAND"},"content":{"rendered":"<p>BABY 01438 to ekologiczna zawieszka do smoczka i gryzaczka w kolorze Pink\/Sand, wykonana z bezpiecznego silikonu spo\u017cywczego, wolnego od BPA, kadmu i ftalan\u00f3w, z naturalnymi w\u0142a\u015bciwo\u015bciami antybakteryjnymi. Dzi\u0119ki r\u00f3\u017cnym kszta\u0142tom i materia\u0142om stymuluje rozw\u00f3j zmys\u0142u dotyku i smaku u niemowl\u0105t. Mo\u017cna j\u0105 sch\u0142odzi\u0107 w lod\u00f3wce, aby zapewni\u0107 ch\u0142odny masa\u017c dzi\u0105se\u0142 podczas z\u0105bkowania. Chroni smoczek przed upadkiem i zabrudzeniem. Nale\u017cy u\u017cywa\u0107 jej pod nadzorem osoby doros\u0142ej, nie stosowa\u0107 podczas snu dziecka i wymienia\u0107 co 3 miesi\u0105ce. Produkt nie jest zabawk\u0105; mycie pod bie\u017c\u0105c\u0105 wod\u0105.<\/p>\n","protected":false},"excerpt":{"rendered":"<p>BABY 01438 to ekologiczna zawieszka do smoczka i gryzaczka w kolorze Pink\/Sand, wykonana z bezpiecznego silikonu spo\u017cywczego, wolnego od BPA, kadmu i ftalan\u00f3w, z naturalnymi w\u0142a\u015bciwo\u015bciami antybakteryjnymi. Dzi\u0119ki r\u00f3\u017cnym kszta\u0142tom i materia\u0142om stymuluje rozw\u00f3j zmys\u0142u dotyku i smaku u niemowl\u0105t. Mo\u017cna j\u0105 sch\u0142odzi\u0107 w lod\u00f3wce, aby zapewni\u0107 ch\u0142odny masa\u017c dzi\u0105se\u0142 podczas z\u0105bkowania. Chroni smoczek przed [&hellip;]<\/p>\n","protected":false},"featured_media":10591,"comment_status":"open","ping_status":"closed","template":"","meta":[],"product_brand":[],"product_cat":[76,103,104],"product_tag":[],"class_list":{"0":"post-10592","1":"product","2":"type-product","3":"status-publish","4":"has-post-thumbnail","6":"product_cat-dziecko","7":"product_cat-smoczki-i-zawieszki","8":"product_cat-zawieszki","10":"first","11":"instock","12":"taxable","13":"shipping-taxable","14":"purchasable","15":"product-type-simple"},"_links":{"self":[{"href":"https:\/\/www.bobooaza.pl\/index.php\/wp-json\/wp\/v2\/product\/10592","targetHints":{"allow":["GET"]}}],"collection":[{"href":"https:\/\/www.bobooaza.pl\/index.php\/wp-json\/wp\/v2\/product"}],"about":[{"href":"https:\/\/www.bobooaza.pl\/index.php\/wp-json\/wp\/v2\/types\/product"}],"replies":[{"embeddable":true,"href":"https:\/\/www.bobooaza.pl\/index.php\/wp-json\/wp\/v2\/comments?post=10592"}],"wp:featuredmedia":[{"embeddable":true,"href":"https:\/\/www.bobooaza.pl\/index.php\/wp-json\/wp\/v2\/media\/10591"}],"wp:attachment":[{"href":"https:\/\/www.bobooaza.pl\/index.php\/wp-json\/wp\/v2\/media?parent=10592"}],"wp:term":[{"taxonomy":"product_brand","embeddable":true,"href":"https:\/\/www.bobooaza.pl\/index.php\/wp-json\/wp\/v2\/product_brand?post=10592"},{"taxonomy":"product_cat","embeddable":true,"href":"https:\/\/www.bobooaza.pl\/index.php\/wp-json\/wp\/v2\/product_cat?post=10592"},{"taxonomy":"product_tag","embeddable":true,"href":"https:\/\/www.bobooaza.pl\/index.php\/wp-json\/wp\/v2\/product_tag?post=10592"}],"curies":[{"name":"wp","href":"https:\/\/api.w.org\/{rel}","templated":true}]}}