{"id":10594,"date":"2026-01-05T23:29:19","date_gmt":"2026-01-05T22:29:19","guid":{"rendered":"https:\/\/bobooaza.pl\/index.php\/produkt\/baby-01439-zawieszka-do-smoczka-krysztal-sand-white\/"},"modified":"2026-01-05T23:29:52","modified_gmt":"2026-01-05T22:29:52","slug":"baby-01439-zawieszka-do-smoczka-krysztal-sand-white","status":"publish","type":"product","link":"https:\/\/www.bobooaza.pl\/index.php\/produkt\/baby-01439-zawieszka-do-smoczka-krysztal-sand-white\/","title":{"rendered":"BABY 01439 Zawieszka do smoczka Kryszta\u0142 SAND\/WHITE"},"content":{"rendered":"<p>BABY 01439 to ekologiczna zawieszka do smoczka i gryzaczka w kolorze Sand\/White, wykonana z bezpiecznego silikonu spo\u017cywczego, wolnego od BPA, kadmu i ftalan\u00f3w, z naturalnymi w\u0142a\u015bciwo\u015bciami antybakteryjnymi. Zr\u00f3\u017cnicowane kszta\u0142ty i materia\u0142y wspieraj\u0105 rozw\u00f3j zmys\u0142u dotyku i smaku u niemowl\u0105t. Mo\u017cna j\u0105 sch\u0142odzi\u0107 w lod\u00f3wce, aby zapewni\u0107 ch\u0142odny masa\u017c dzi\u0105se\u0142 podczas z\u0105bkowania. Zawieszka chroni smoczek przed upadkiem i zabrudzeniem. Nale\u017cy stosowa\u0107 pod nadzorem osoby doros\u0142ej, nie u\u017cywa\u0107 podczas snu dziecka i wymienia\u0107 co 3 miesi\u0105ce. Produkt nie jest zabawk\u0105; czyszczenie pod bie\u017c\u0105c\u0105 wod\u0105.<\/p>\n","protected":false},"excerpt":{"rendered":"<p>BABY 01439 to ekologiczna zawieszka do smoczka i gryzaczka w kolorze Sand\/White, wykonana z bezpiecznego silikonu spo\u017cywczego, wolnego od BPA, kadmu i ftalan\u00f3w, z naturalnymi w\u0142a\u015bciwo\u015bciami antybakteryjnymi. Zr\u00f3\u017cnicowane kszta\u0142ty i materia\u0142y wspieraj\u0105 rozw\u00f3j zmys\u0142u dotyku i smaku u niemowl\u0105t. Mo\u017cna j\u0105 sch\u0142odzi\u0107 w lod\u00f3wce, aby zapewni\u0107 ch\u0142odny masa\u017c dzi\u0105se\u0142 podczas z\u0105bkowania. Zawieszka chroni smoczek przed [&hellip;]<\/p>\n","protected":false},"featured_media":10593,"comment_status":"open","ping_status":"closed","template":"","meta":[],"product_brand":[],"product_cat":[76,103,104],"product_tag":[],"class_list":{"0":"post-10594","1":"product","2":"type-product","3":"status-publish","4":"has-post-thumbnail","6":"product_cat-dziecko","7":"product_cat-smoczki-i-zawieszki","8":"product_cat-zawieszki","10":"first","11":"instock","12":"taxable","13":"shipping-taxable","14":"purchasable","15":"product-type-simple"},"_links":{"self":[{"href":"https:\/\/www.bobooaza.pl\/index.php\/wp-json\/wp\/v2\/product\/10594","targetHints":{"allow":["GET"]}}],"collection":[{"href":"https:\/\/www.bobooaza.pl\/index.php\/wp-json\/wp\/v2\/product"}],"about":[{"href":"https:\/\/www.bobooaza.pl\/index.php\/wp-json\/wp\/v2\/types\/product"}],"replies":[{"embeddable":true,"href":"https:\/\/www.bobooaza.pl\/index.php\/wp-json\/wp\/v2\/comments?post=10594"}],"wp:featuredmedia":[{"embeddable":true,"href":"https:\/\/www.bobooaza.pl\/index.php\/wp-json\/wp\/v2\/media\/10593"}],"wp:attachment":[{"href":"https:\/\/www.bobooaza.pl\/index.php\/wp-json\/wp\/v2\/media?parent=10594"}],"wp:term":[{"taxonomy":"product_brand","embeddable":true,"href":"https:\/\/www.bobooaza.pl\/index.php\/wp-json\/wp\/v2\/product_brand?post=10594"},{"taxonomy":"product_cat","embeddable":true,"href":"https:\/\/www.bobooaza.pl\/index.php\/wp-json\/wp\/v2\/product_cat?post=10594"},{"taxonomy":"product_tag","embeddable":true,"href":"https:\/\/www.bobooaza.pl\/index.php\/wp-json\/wp\/v2\/product_tag?post=10594"}],"curies":[{"name":"wp","href":"https:\/\/api.w.org\/{rel}","templated":true}]}}