{"id":10599,"date":"2026-01-05T23:29:22","date_gmt":"2026-01-05T22:29:22","guid":{"rendered":"https:\/\/bobooaza.pl\/index.php\/produkt\/baby-01432-zawieszka-do-smoczka-silikonowa-blue\/"},"modified":"2026-01-05T23:29:53","modified_gmt":"2026-01-05T22:29:53","slug":"baby-01432-zawieszka-do-smoczka-silikonowa-blue","status":"publish","type":"product","link":"https:\/\/www.bobooaza.pl\/index.php\/produkt\/baby-01432-zawieszka-do-smoczka-silikonowa-blue\/","title":{"rendered":"BABY 01432 Zawieszka do smoczka silikonowa BLUE"},"content":{"rendered":"<p>BABY 01432 to silikonowa zawieszka do smoczka i gryzaczka w kolorze niebieskim, b\u0119d\u0105ca bezpieczn\u0105 i ekologiczn\u0105 alternatyw\u0105 dla plastikowych zawieszek. Wykonana jest z silikonu spo\u017cywczego, wolnego od BPA, kadmu i ftalan\u00f3w, z naturalnymi w\u0142a\u015bciwo\u015bciami antybakteryjnymi. Zr\u00f3\u017cnicowane kszta\u0142ty i materia\u0142y wspieraj\u0105 rozw\u00f3j zmys\u0142u dotyku i smaku u niemowl\u0105t. Mo\u017cliwo\u015b\u0107 sch\u0142odzenia w lod\u00f3wce zapewnia ch\u0142odny masa\u017c dzi\u0105se\u0142 podczas z\u0105bkowania. Zawieszka chroni smoczek przed upadkiem i zabrudzeniem. Zaleca si\u0119 wymian\u0119 co trzy miesi\u0105ce dla zachowania higieny i bezpiecze\u0144stwa oraz mycie pod bie\u017c\u0105c\u0105 wod\u0105. Nie nale\u017cy u\u017cywa\u0107 jej podczas snu dziecka, a zawsze stosowa\u0107 pod nadzorem osoby doros\u0142ej. Produkt nie stanowi zabawki.<\/p>\n","protected":false},"excerpt":{"rendered":"<p>BABY 01432 to silikonowa zawieszka do smoczka i gryzaczka w kolorze niebieskim, b\u0119d\u0105ca bezpieczn\u0105 i ekologiczn\u0105 alternatyw\u0105 dla plastikowych zawieszek. Wykonana jest z silikonu spo\u017cywczego, wolnego od BPA, kadmu i ftalan\u00f3w, z naturalnymi w\u0142a\u015bciwo\u015bciami antybakteryjnymi. Zr\u00f3\u017cnicowane kszta\u0142ty i materia\u0142y wspieraj\u0105 rozw\u00f3j zmys\u0142u dotyku i smaku u niemowl\u0105t. Mo\u017cliwo\u015b\u0107 sch\u0142odzenia w lod\u00f3wce zapewnia ch\u0142odny masa\u017c dzi\u0105se\u0142 [&hellip;]<\/p>\n","protected":false},"featured_media":10597,"comment_status":"open","ping_status":"closed","template":"","meta":[],"product_brand":[],"product_cat":[76,103,104],"product_tag":[],"class_list":{"0":"post-10599","1":"product","2":"type-product","3":"status-publish","4":"has-post-thumbnail","6":"product_cat-dziecko","7":"product_cat-smoczki-i-zawieszki","8":"product_cat-zawieszki","10":"first","11":"instock","12":"taxable","13":"shipping-taxable","14":"purchasable","15":"product-type-simple"},"_links":{"self":[{"href":"https:\/\/www.bobooaza.pl\/index.php\/wp-json\/wp\/v2\/product\/10599","targetHints":{"allow":["GET"]}}],"collection":[{"href":"https:\/\/www.bobooaza.pl\/index.php\/wp-json\/wp\/v2\/product"}],"about":[{"href":"https:\/\/www.bobooaza.pl\/index.php\/wp-json\/wp\/v2\/types\/product"}],"replies":[{"embeddable":true,"href":"https:\/\/www.bobooaza.pl\/index.php\/wp-json\/wp\/v2\/comments?post=10599"}],"wp:featuredmedia":[{"embeddable":true,"href":"https:\/\/www.bobooaza.pl\/index.php\/wp-json\/wp\/v2\/media\/10597"}],"wp:attachment":[{"href":"https:\/\/www.bobooaza.pl\/index.php\/wp-json\/wp\/v2\/media?parent=10599"}],"wp:term":[{"taxonomy":"product_brand","embeddable":true,"href":"https:\/\/www.bobooaza.pl\/index.php\/wp-json\/wp\/v2\/product_brand?post=10599"},{"taxonomy":"product_cat","embeddable":true,"href":"https:\/\/www.bobooaza.pl\/index.php\/wp-json\/wp\/v2\/product_cat?post=10599"},{"taxonomy":"product_tag","embeddable":true,"href":"https:\/\/www.bobooaza.pl\/index.php\/wp-json\/wp\/v2\/product_tag?post=10599"}],"curies":[{"name":"wp","href":"https:\/\/api.w.org\/{rel}","templated":true}]}}