{"id":10603,"date":"2026-01-05T23:37:29","date_gmt":"2026-01-05T22:37:29","guid":{"rendered":"https:\/\/bobooaza.pl\/index.php\/produkt\/akuku-a0678-silikonowy-pojemnik-na-smoczek\/"},"modified":"2026-01-05T23:41:54","modified_gmt":"2026-01-05T22:41:54","slug":"akuku-a0678-silikonowy-pojemnik-na-smoczek","status":"publish","type":"product","link":"https:\/\/www.bobooaza.pl\/index.php\/produkt\/akuku-a0678-silikonowy-pojemnik-na-smoczek\/","title":{"rendered":"AKUKU A0678 Silikonowy pojemnik na smoczek"},"content":{"rendered":"<p>AKUKU A0678 to silikonowy pojemnik na smoczek, kt\u00f3ry chroni smoczki przed zabrudzeniem i uszkodzeniem, szczeg\u00f3lnie podczas podr\u00f3\u017cy lub spacer\u00f3w. Pojemnik pomie\u015bci nawet dwa smoczki i \u0142atwo zamocowa\u0107 go do w\u00f3zka, fotelika, torby lub por\u0119czy \u0142\u00f3\u017ceczka. Ma kszta\u0142t przypominaj\u0105cy g\u0142ow\u0119 pieska i neutraln\u0105 kolorystyk\u0119 pasuj\u0105c\u0105 do ka\u017cdego w\u00f3zka i torby. Wykonany jest w ca\u0142o\u015bci z silikonu, wolnego od BPA. Produkt nale\u017cy utrzymywa\u0107 w czysto\u015bci, myj\u0105c go w ciep\u0142ej wodzie z delikatnym \u015brodkiem myj\u0105cym i okresowo polewaj\u0105c wrz\u0105tkiem; nie wolno go gotowa\u0107 ani sterylizowa\u0107. Wymiary pojemnika to 6,5 x 7 cm, a d\u0142ugo\u015b\u0107 zawieszki wynosi 15 cm. Produkt nie jest zabawk\u0105 i nale\u017cy u\u017cywa\u0107 go pod nadzorem osoby doros\u0142ej, wyrzucaj\u0105c w przypadku oznak zu\u017cycia.<\/p>\n","protected":false},"excerpt":{"rendered":"<p>AKUKU A0678 to silikonowy pojemnik na smoczek, kt\u00f3ry chroni smoczki przed zabrudzeniem i uszkodzeniem, szczeg\u00f3lnie podczas podr\u00f3\u017cy lub spacer\u00f3w. Pojemnik pomie\u015bci nawet dwa smoczki i \u0142atwo zamocowa\u0107 go do w\u00f3zka, fotelika, torby lub por\u0119czy \u0142\u00f3\u017ceczka. Ma kszta\u0142t przypominaj\u0105cy g\u0142ow\u0119 pieska i neutraln\u0105 kolorystyk\u0119 pasuj\u0105c\u0105 do ka\u017cdego w\u00f3zka i torby. Wykonany jest w ca\u0142o\u015bci z silikonu, [&hellip;]<\/p>\n","protected":false},"featured_media":10600,"comment_status":"open","ping_status":"closed","template":"","meta":[],"product_brand":[],"product_cat":[76,106,103],"product_tag":[],"class_list":{"0":"post-10603","1":"product","2":"type-product","3":"status-publish","4":"has-post-thumbnail","6":"product_cat-dziecko","7":"product_cat-pojemniki-na-smoczek","8":"product_cat-smoczki-i-zawieszki","10":"first","11":"instock","12":"taxable","13":"shipping-taxable","14":"purchasable","15":"product-type-simple"},"_links":{"self":[{"href":"https:\/\/www.bobooaza.pl\/index.php\/wp-json\/wp\/v2\/product\/10603","targetHints":{"allow":["GET"]}}],"collection":[{"href":"https:\/\/www.bobooaza.pl\/index.php\/wp-json\/wp\/v2\/product"}],"about":[{"href":"https:\/\/www.bobooaza.pl\/index.php\/wp-json\/wp\/v2\/types\/product"}],"replies":[{"embeddable":true,"href":"https:\/\/www.bobooaza.pl\/index.php\/wp-json\/wp\/v2\/comments?post=10603"}],"wp:featuredmedia":[{"embeddable":true,"href":"https:\/\/www.bobooaza.pl\/index.php\/wp-json\/wp\/v2\/media\/10600"}],"wp:attachment":[{"href":"https:\/\/www.bobooaza.pl\/index.php\/wp-json\/wp\/v2\/media?parent=10603"}],"wp:term":[{"taxonomy":"product_brand","embeddable":true,"href":"https:\/\/www.bobooaza.pl\/index.php\/wp-json\/wp\/v2\/product_brand?post=10603"},{"taxonomy":"product_cat","embeddable":true,"href":"https:\/\/www.bobooaza.pl\/index.php\/wp-json\/wp\/v2\/product_cat?post=10603"},{"taxonomy":"product_tag","embeddable":true,"href":"https:\/\/www.bobooaza.pl\/index.php\/wp-json\/wp\/v2\/product_tag?post=10603"}],"curies":[{"name":"wp","href":"https:\/\/api.w.org\/{rel}","templated":true}]}}