{"id":10607,"date":"2026-01-05T23:37:36","date_gmt":"2026-01-05T22:37:36","guid":{"rendered":"https:\/\/bobooaza.pl\/index.php\/produkt\/akuku-a0688-pojemnik-na-smoczek-malpka\/"},"modified":"2026-01-05T23:41:55","modified_gmt":"2026-01-05T22:41:55","slug":"akuku-a0688-pojemnik-na-smoczek-malpka","status":"publish","type":"product","link":"https:\/\/www.bobooaza.pl\/index.php\/produkt\/akuku-a0688-pojemnik-na-smoczek-malpka\/","title":{"rendered":"AKUKU A0688 Pojemnik na smoczek Ma\u0142pka"},"content":{"rendered":"<p>AKUKU A0688 to pojemnik na smoczek w kszta\u0142cie ma\u0142pki, przydatny podczas podr\u00f3\u017cy i spacer\u00f3w, kt\u00f3ry chroni smoczki przed zabrudzeniem i uszkodzeniem. Pojemnik pomie\u015bci nawet dwa smoczki i mo\u017cna go \u0142atwo zamocowa\u0107 do w\u00f3zka, fotelika, torby lub por\u0119czy \u0142\u00f3\u017ceczka. Ma neutraln\u0105 kolorystyk\u0119 pasuj\u0105c\u0105 do ka\u017cdego w\u00f3zka i torby. Wykonany jest z bezpiecznych materia\u0142\u00f3w, nie zawiera BPA. Produkt nale\u017cy utrzymywa\u0107 w czysto\u015bci, myj\u0105c go w ciep\u0142ej wodzie z delikatnym \u015brodkiem myj\u0105cym i okresowo polewaj\u0105c wrz\u0105tkiem; nie wolno gotowa\u0107 ani sterylizowa\u0107. Wymiary pojemnika to 13 x 8,5 x 5,5 cm. Produkt nie jest zabawk\u0105 i nale\u017cy u\u017cywa\u0107 go pod nadzorem osoby doros\u0142ej, wyrzucaj\u0105c w przypadku oznak zu\u017cycia.<\/p>\n","protected":false},"excerpt":{"rendered":"<p>AKUKU A0688 to pojemnik na smoczek w kszta\u0142cie ma\u0142pki, przydatny podczas podr\u00f3\u017cy i spacer\u00f3w, kt\u00f3ry chroni smoczki przed zabrudzeniem i uszkodzeniem. Pojemnik pomie\u015bci nawet dwa smoczki i mo\u017cna go \u0142atwo zamocowa\u0107 do w\u00f3zka, fotelika, torby lub por\u0119czy \u0142\u00f3\u017ceczka. Ma neutraln\u0105 kolorystyk\u0119 pasuj\u0105c\u0105 do ka\u017cdego w\u00f3zka i torby. Wykonany jest z bezpiecznych materia\u0142\u00f3w, nie zawiera BPA. [&hellip;]<\/p>\n","protected":false},"featured_media":10604,"comment_status":"open","ping_status":"closed","template":"","meta":[],"product_brand":[],"product_cat":[76,106,103],"product_tag":[],"class_list":{"0":"post-10607","1":"product","2":"type-product","3":"status-publish","4":"has-post-thumbnail","6":"product_cat-dziecko","7":"product_cat-pojemniki-na-smoczek","8":"product_cat-smoczki-i-zawieszki","10":"first","11":"instock","12":"taxable","13":"shipping-taxable","14":"purchasable","15":"product-type-simple"},"_links":{"self":[{"href":"https:\/\/www.bobooaza.pl\/index.php\/wp-json\/wp\/v2\/product\/10607","targetHints":{"allow":["GET"]}}],"collection":[{"href":"https:\/\/www.bobooaza.pl\/index.php\/wp-json\/wp\/v2\/product"}],"about":[{"href":"https:\/\/www.bobooaza.pl\/index.php\/wp-json\/wp\/v2\/types\/product"}],"replies":[{"embeddable":true,"href":"https:\/\/www.bobooaza.pl\/index.php\/wp-json\/wp\/v2\/comments?post=10607"}],"wp:featuredmedia":[{"embeddable":true,"href":"https:\/\/www.bobooaza.pl\/index.php\/wp-json\/wp\/v2\/media\/10604"}],"wp:attachment":[{"href":"https:\/\/www.bobooaza.pl\/index.php\/wp-json\/wp\/v2\/media?parent=10607"}],"wp:term":[{"taxonomy":"product_brand","embeddable":true,"href":"https:\/\/www.bobooaza.pl\/index.php\/wp-json\/wp\/v2\/product_brand?post=10607"},{"taxonomy":"product_cat","embeddable":true,"href":"https:\/\/www.bobooaza.pl\/index.php\/wp-json\/wp\/v2\/product_cat?post=10607"},{"taxonomy":"product_tag","embeddable":true,"href":"https:\/\/www.bobooaza.pl\/index.php\/wp-json\/wp\/v2\/product_tag?post=10607"}],"curies":[{"name":"wp","href":"https:\/\/api.w.org\/{rel}","templated":true}]}}