{"id":10610,"date":"2026-01-05T23:37:41","date_gmt":"2026-01-05T22:37:41","guid":{"rendered":"https:\/\/bobooaza.pl\/index.php\/produkt\/b-o-1656-01-silikonowy-pojemnik-na-smoczek-niebieski\/"},"modified":"2026-01-05T23:41:56","modified_gmt":"2026-01-05T22:41:56","slug":"b-o-1656-01-silikonowy-pojemnik-na-smoczek-niebieski","status":"publish","type":"product","link":"https:\/\/www.bobooaza.pl\/index.php\/produkt\/b-o-1656-01-silikonowy-pojemnik-na-smoczek-niebieski\/","title":{"rendered":"B.O.1656\/01 Silikonowy pojemnik na smoczek niebieski"},"content":{"rendered":"<p>B.O.1656\/01 to silikonowy pojemnik na smoczek w kolorze niebieskim, kt\u00f3ry chroni smoczki przed zabrudzeniem i zgubieniem w domu, na spacerze i w podr\u00f3\u017cy. Pojemnik pomie\u015bci dwa standardowe smoczki i posiada d\u0142ugi, elastyczny uchwyt do przypi\u0119cia do torby, plecaka, w\u00f3zka lub \u0142\u00f3\u017ceczka. Smoczek wk\u0142ada si\u0119 i wyjmuje przez specjalny otw\u00f3r, nawet jedn\u0105 r\u0119k\u0105. Etui wykonane jest z mi\u0119kkiego, trwa\u0142ego silikonu wolnego od BPA, kt\u00f3re mo\u017cna my\u0107 w zmywarce, zapewniaj\u0105c bezpieczne i higieniczne przechowywanie smoczka.<\/p>\n","protected":false},"excerpt":{"rendered":"<p>B.O.1656\/01 to silikonowy pojemnik na smoczek w kolorze niebieskim, kt\u00f3ry chroni smoczki przed zabrudzeniem i zgubieniem w domu, na spacerze i w podr\u00f3\u017cy. Pojemnik pomie\u015bci dwa standardowe smoczki i posiada d\u0142ugi, elastyczny uchwyt do przypi\u0119cia do torby, plecaka, w\u00f3zka lub \u0142\u00f3\u017ceczka. Smoczek wk\u0142ada si\u0119 i wyjmuje przez specjalny otw\u00f3r, nawet jedn\u0105 r\u0119k\u0105. Etui wykonane jest [&hellip;]<\/p>\n","protected":false},"featured_media":10608,"comment_status":"open","ping_status":"closed","template":"","meta":[],"product_brand":[],"product_cat":[76,106,103],"product_tag":[],"class_list":{"0":"post-10610","1":"product","2":"type-product","3":"status-publish","4":"has-post-thumbnail","6":"product_cat-dziecko","7":"product_cat-pojemniki-na-smoczek","8":"product_cat-smoczki-i-zawieszki","10":"first","11":"instock","12":"taxable","13":"shipping-taxable","14":"purchasable","15":"product-type-simple"},"_links":{"self":[{"href":"https:\/\/www.bobooaza.pl\/index.php\/wp-json\/wp\/v2\/product\/10610","targetHints":{"allow":["GET"]}}],"collection":[{"href":"https:\/\/www.bobooaza.pl\/index.php\/wp-json\/wp\/v2\/product"}],"about":[{"href":"https:\/\/www.bobooaza.pl\/index.php\/wp-json\/wp\/v2\/types\/product"}],"replies":[{"embeddable":true,"href":"https:\/\/www.bobooaza.pl\/index.php\/wp-json\/wp\/v2\/comments?post=10610"}],"wp:featuredmedia":[{"embeddable":true,"href":"https:\/\/www.bobooaza.pl\/index.php\/wp-json\/wp\/v2\/media\/10608"}],"wp:attachment":[{"href":"https:\/\/www.bobooaza.pl\/index.php\/wp-json\/wp\/v2\/media?parent=10610"}],"wp:term":[{"taxonomy":"product_brand","embeddable":true,"href":"https:\/\/www.bobooaza.pl\/index.php\/wp-json\/wp\/v2\/product_brand?post=10610"},{"taxonomy":"product_cat","embeddable":true,"href":"https:\/\/www.bobooaza.pl\/index.php\/wp-json\/wp\/v2\/product_cat?post=10610"},{"taxonomy":"product_tag","embeddable":true,"href":"https:\/\/www.bobooaza.pl\/index.php\/wp-json\/wp\/v2\/product_tag?post=10610"}],"curies":[{"name":"wp","href":"https:\/\/api.w.org\/{rel}","templated":true}]}}