{"id":10613,"date":"2026-01-05T23:37:45","date_gmt":"2026-01-05T22:37:45","guid":{"rendered":"https:\/\/bobooaza.pl\/index.php\/produkt\/b-o-529-04-pojemnik-na-smoczek-slonik-bezowy\/"},"modified":"2026-01-05T23:41:57","modified_gmt":"2026-01-05T22:41:57","slug":"b-o-529-04-pojemnik-na-smoczek-slonik-bezowy","status":"publish","type":"product","link":"https:\/\/www.bobooaza.pl\/index.php\/produkt\/b-o-529-04-pojemnik-na-smoczek-slonik-bezowy\/","title":{"rendered":"B.O.529\/04 Pojemnik na smoczek S\u0142onik be\u017cowy"},"content":{"rendered":"<p>B.O.529\/04 to pojemnik na smoczek w kszta\u0142cie s\u0142onika w kolorze be\u017cowym, kt\u00f3ry umo\u017cliwia przenoszenie i przechowywanie smoczka w higieniczny spos\u00f3b oraz chroni go przed zgubieniem i zabrudzeniem podczas spacer\u00f3w i podr\u00f3\u017cy. Posiada elastyczny uchwyt, dzi\u0119ki kt\u00f3remu mo\u017cna go zawiesi\u0107 na r\u0105czce w\u00f3zka, fotelika lub torby. Pojemnik nie zawiera Bisfenolu A. Produkt nale\u017cy sprawdzi\u0107 przed ka\u017cdym u\u017cyciem i wyrzuci\u0107 w przypadku uszkodzenia, zawsze u\u017cywa\u0107 pod nadzorem osoby doros\u0142ej, nie jest zabawk\u0105. Wymiary pojemnika to 7 x 13 cm, przeznaczony dla dzieci od 0 miesi\u0119cy.<\/p>\n","protected":false},"excerpt":{"rendered":"<p>B.O.529\/04 to pojemnik na smoczek w kszta\u0142cie s\u0142onika w kolorze be\u017cowym, kt\u00f3ry umo\u017cliwia przenoszenie i przechowywanie smoczka w higieniczny spos\u00f3b oraz chroni go przed zgubieniem i zabrudzeniem podczas spacer\u00f3w i podr\u00f3\u017cy. Posiada elastyczny uchwyt, dzi\u0119ki kt\u00f3remu mo\u017cna go zawiesi\u0107 na r\u0105czce w\u00f3zka, fotelika lub torby. Pojemnik nie zawiera Bisfenolu A. Produkt nale\u017cy sprawdzi\u0107 przed ka\u017cdym [&hellip;]<\/p>\n","protected":false},"featured_media":10611,"comment_status":"open","ping_status":"closed","template":"","meta":[],"product_brand":[],"product_cat":[76,106,103],"product_tag":[],"class_list":{"0":"post-10613","1":"product","2":"type-product","3":"status-publish","4":"has-post-thumbnail","6":"product_cat-dziecko","7":"product_cat-pojemniki-na-smoczek","8":"product_cat-smoczki-i-zawieszki","10":"first","11":"instock","12":"taxable","13":"shipping-taxable","14":"purchasable","15":"product-type-simple"},"_links":{"self":[{"href":"https:\/\/www.bobooaza.pl\/index.php\/wp-json\/wp\/v2\/product\/10613","targetHints":{"allow":["GET"]}}],"collection":[{"href":"https:\/\/www.bobooaza.pl\/index.php\/wp-json\/wp\/v2\/product"}],"about":[{"href":"https:\/\/www.bobooaza.pl\/index.php\/wp-json\/wp\/v2\/types\/product"}],"replies":[{"embeddable":true,"href":"https:\/\/www.bobooaza.pl\/index.php\/wp-json\/wp\/v2\/comments?post=10613"}],"wp:featuredmedia":[{"embeddable":true,"href":"https:\/\/www.bobooaza.pl\/index.php\/wp-json\/wp\/v2\/media\/10611"}],"wp:attachment":[{"href":"https:\/\/www.bobooaza.pl\/index.php\/wp-json\/wp\/v2\/media?parent=10613"}],"wp:term":[{"taxonomy":"product_brand","embeddable":true,"href":"https:\/\/www.bobooaza.pl\/index.php\/wp-json\/wp\/v2\/product_brand?post=10613"},{"taxonomy":"product_cat","embeddable":true,"href":"https:\/\/www.bobooaza.pl\/index.php\/wp-json\/wp\/v2\/product_cat?post=10613"},{"taxonomy":"product_tag","embeddable":true,"href":"https:\/\/www.bobooaza.pl\/index.php\/wp-json\/wp\/v2\/product_tag?post=10613"}],"curies":[{"name":"wp","href":"https:\/\/api.w.org\/{rel}","templated":true}]}}