{"id":10625,"date":"2026-01-06T00:07:11","date_gmt":"2026-01-05T23:07:11","guid":{"rendered":"https:\/\/bobooaza.pl\/index.php\/produkt\/bibs-210247-smoczek-uspokajajacy-boheme-woodchuck-s\/"},"modified":"2026-01-06T00:50:39","modified_gmt":"2026-01-05T23:50:39","slug":"bibs-210247-smoczek-uspokajajacy-boheme-woodchuck-s","status":"publish","type":"product","link":"https:\/\/www.bobooaza.pl\/index.php\/produkt\/bibs-210247-smoczek-uspokajajacy-boheme-woodchuck-s\/","title":{"rendered":"BIBS 210247 Smoczek uspokajaj\u0105cy BOHEME WOODCHUCK S"},"content":{"rendered":"<p>Smoczek uspokajaj\u0105cy BIBS 210247 BOHEME WOODCHUCK S jest przeznaczony dla niemowl\u0105t od 0 do 6 miesi\u0119cy. Ko\u0144c\u00f3wka wykonana jest z organicznego kauczuku naturalnego Hevea, kt\u00f3ry jest w pe\u0142ni naturalny, nietoksyczny i hipoalergiczny, a os\u0142onka z polipropylenu. Smoczek nie zawiera BPA, PVC ani ftalan\u00f3w, co czyni go bezpiecznym dla maluszka. Projektowany we wsp\u00f3\u0142pracy z neonatologami, jest dopasowany do anatomicznych potrzeb niemowl\u0105t. Tarczka posiada otwory wentylacyjne, kt\u00f3re pozwalaj\u0105 dziecku swobodnie oddycha\u0107 i chroni\u0105 sk\u00f3r\u0119 przed podra\u017cnieniami. \u015arednica ko\u0144c\u00f3wki wynosi 15 mm, \u015brednica s\u0142upka 10 mm, wysoko\u015b\u0107 ko\u0144c\u00f3wki 25\u201327 mm, a tarczy 45 mm. Przed pierwszym u\u017cyciem smoczek nale\u017cy umy\u0107 i zala\u0107 wrz\u0105tkiem na 5 minut, nast\u0119pnie ostudzi\u0107. Smoczek powinien by\u0107 myty wod\u0105 z myd\u0142em przed ka\u017cdym u\u017cyciem, nie nadaje si\u0119 do mycia w zmywarce ani sterylizacji w mikrofal\u00f3wce. W przypadku intensywnego u\u017cytkowania zaleca si\u0119 wymian\u0119 co 30 dni, a przy okazjonalnym stosowaniu co 60 dni. Smoczek jest mi\u0119kki i elastyczny, co pozwala dziecku odczuwa\u0107 ssanie podobne do karmienia piersi\u0105, a jego konstrukcja zmniejsza ryzyko odparze\u0144 i podra\u017cnie\u0144 sk\u00f3ry. Produkt jest wyprodukowany w Danii i spe\u0142nia europejskie normy (EU No. 321\/2011).<\/p>\n","protected":false},"excerpt":{"rendered":"<p>Smoczek uspokajaj\u0105cy BIBS 210247 BOHEME WOODCHUCK S jest przeznaczony dla niemowl\u0105t od 0 do 6 miesi\u0119cy. Ko\u0144c\u00f3wka wykonana jest z organicznego kauczuku naturalnego Hevea, kt\u00f3ry jest w pe\u0142ni naturalny, nietoksyczny i hipoalergiczny, a os\u0142onka z polipropylenu. Smoczek nie zawiera BPA, PVC ani ftalan\u00f3w, co czyni go bezpiecznym dla maluszka. Projektowany we wsp\u00f3\u0142pracy z neonatologami, jest [&hellip;]<\/p>\n","protected":false},"featured_media":10623,"comment_status":"open","ping_status":"closed","template":"","meta":[],"product_brand":[],"product_cat":[76,105,103],"product_tag":[],"class_list":{"0":"post-10625","1":"product","2":"type-product","3":"status-publish","4":"has-post-thumbnail","6":"product_cat-dziecko","7":"product_cat-smoczki","8":"product_cat-smoczki-i-zawieszki","10":"first","11":"instock","12":"taxable","13":"shipping-taxable","14":"purchasable","15":"product-type-simple"},"_links":{"self":[{"href":"https:\/\/www.bobooaza.pl\/index.php\/wp-json\/wp\/v2\/product\/10625","targetHints":{"allow":["GET"]}}],"collection":[{"href":"https:\/\/www.bobooaza.pl\/index.php\/wp-json\/wp\/v2\/product"}],"about":[{"href":"https:\/\/www.bobooaza.pl\/index.php\/wp-json\/wp\/v2\/types\/product"}],"replies":[{"embeddable":true,"href":"https:\/\/www.bobooaza.pl\/index.php\/wp-json\/wp\/v2\/comments?post=10625"}],"wp:featuredmedia":[{"embeddable":true,"href":"https:\/\/www.bobooaza.pl\/index.php\/wp-json\/wp\/v2\/media\/10623"}],"wp:attachment":[{"href":"https:\/\/www.bobooaza.pl\/index.php\/wp-json\/wp\/v2\/media?parent=10625"}],"wp:term":[{"taxonomy":"product_brand","embeddable":true,"href":"https:\/\/www.bobooaza.pl\/index.php\/wp-json\/wp\/v2\/product_brand?post=10625"},{"taxonomy":"product_cat","embeddable":true,"href":"https:\/\/www.bobooaza.pl\/index.php\/wp-json\/wp\/v2\/product_cat?post=10625"},{"taxonomy":"product_tag","embeddable":true,"href":"https:\/\/www.bobooaza.pl\/index.php\/wp-json\/wp\/v2\/product_tag?post=10625"}],"curies":[{"name":"wp","href":"https:\/\/api.w.org\/{rel}","templated":true}]}}