{"id":10627,"date":"2026-01-06T00:07:12","date_gmt":"2026-01-05T23:07:12","guid":{"rendered":"https:\/\/bobooaza.pl\/index.php\/produkt\/bibs-220223-smoczek-uspokajajacy-boheme-cloud-m\/"},"modified":"2026-01-06T00:50:40","modified_gmt":"2026-01-05T23:50:40","slug":"bibs-220223-smoczek-uspokajajacy-boheme-cloud-m","status":"publish","type":"product","link":"https:\/\/www.bobooaza.pl\/index.php\/produkt\/bibs-220223-smoczek-uspokajajacy-boheme-cloud-m\/","title":{"rendered":"BIBS 220223 Smoczek uspokajaj\u0105cy BOHEME CLOUD M"},"content":{"rendered":"<p>Smoczek uspokajaj\u0105cy BIBS 220223 BOHEME CLOUD M to elegancki i artystyczny smoczek du\u0144skiej marki BIBS. Nale\u017cy do kolekcji BOHEME, inspirowanej stylem bohemy, \u0142\u0105cz\u0105cym naturalne elementy (drewno, rattan, makramy) z organicznymi i artystycznymi wzorami. Posiada lateksow\u0105 ko\u0144c\u00f3wk\u0119, przeznaczony dla dzieci w wieku 6\u201318 miesi\u0119cy (rozmiar M). To po\u0142\u0105czenie estetyki i funkcjonalno\u015bci, typowe dla du\u0144skiego designu.<\/p>\n","protected":false},"excerpt":{"rendered":"<p>Smoczek uspokajaj\u0105cy BIBS 220223 BOHEME CLOUD M to elegancki i artystyczny smoczek du\u0144skiej marki BIBS. Nale\u017cy do kolekcji BOHEME, inspirowanej stylem bohemy, \u0142\u0105cz\u0105cym naturalne elementy (drewno, rattan, makramy) z organicznymi i artystycznymi wzorami. Posiada lateksow\u0105 ko\u0144c\u00f3wk\u0119, przeznaczony dla dzieci w wieku 6\u201318 miesi\u0119cy (rozmiar M). To po\u0142\u0105czenie estetyki i funkcjonalno\u015bci, typowe dla du\u0144skiego designu.<\/p>\n","protected":false},"featured_media":10626,"comment_status":"open","ping_status":"closed","template":"","meta":[],"product_brand":[],"product_cat":[76,105,103],"product_tag":[],"class_list":{"0":"post-10627","1":"product","2":"type-product","3":"status-publish","4":"has-post-thumbnail","6":"product_cat-dziecko","7":"product_cat-smoczki","8":"product_cat-smoczki-i-zawieszki","10":"first","11":"instock","12":"taxable","13":"shipping-taxable","14":"purchasable","15":"product-type-simple"},"_links":{"self":[{"href":"https:\/\/www.bobooaza.pl\/index.php\/wp-json\/wp\/v2\/product\/10627","targetHints":{"allow":["GET"]}}],"collection":[{"href":"https:\/\/www.bobooaza.pl\/index.php\/wp-json\/wp\/v2\/product"}],"about":[{"href":"https:\/\/www.bobooaza.pl\/index.php\/wp-json\/wp\/v2\/types\/product"}],"replies":[{"embeddable":true,"href":"https:\/\/www.bobooaza.pl\/index.php\/wp-json\/wp\/v2\/comments?post=10627"}],"wp:featuredmedia":[{"embeddable":true,"href":"https:\/\/www.bobooaza.pl\/index.php\/wp-json\/wp\/v2\/media\/10626"}],"wp:attachment":[{"href":"https:\/\/www.bobooaza.pl\/index.php\/wp-json\/wp\/v2\/media?parent=10627"}],"wp:term":[{"taxonomy":"product_brand","embeddable":true,"href":"https:\/\/www.bobooaza.pl\/index.php\/wp-json\/wp\/v2\/product_brand?post=10627"},{"taxonomy":"product_cat","embeddable":true,"href":"https:\/\/www.bobooaza.pl\/index.php\/wp-json\/wp\/v2\/product_cat?post=10627"},{"taxonomy":"product_tag","embeddable":true,"href":"https:\/\/www.bobooaza.pl\/index.php\/wp-json\/wp\/v2\/product_tag?post=10627"}],"curies":[{"name":"wp","href":"https:\/\/api.w.org\/{rel}","templated":true}]}}