{"id":10629,"date":"2026-01-06T00:07:13","date_gmt":"2026-01-05T23:07:13","guid":{"rendered":"https:\/\/bobooaza.pl\/index.php\/produkt\/bibs-200292-smoczek-uspokajajacy-papaya-m\/"},"modified":"2026-01-06T00:50:41","modified_gmt":"2026-01-05T23:50:41","slug":"bibs-200292-smoczek-uspokajajacy-papaya-m","status":"publish","type":"product","link":"https:\/\/www.bobooaza.pl\/index.php\/produkt\/bibs-200292-smoczek-uspokajajacy-papaya-m\/","title":{"rendered":"BIBS 200292 Smoczek uspokajaj\u0105cy PAPAYA M"},"content":{"rendered":"<p>Smoczek uspokajaj\u0105cy BIBS 200292 PAPAYA M to klasyczny, retro-stylizowany smoczek du\u0144skiej marki BIBS. Wykonany z organicznego kauczuku naturalnego (Hevea), co czyni go ca\u0142kowicie bezpiecznym dla niemowl\u0105t. Posiada interaktywn\u0105 ko\u0144c\u00f3wk\u0119 do ssania. Przeznaczony dla dzieci od 6. miesi\u0105ca \u017cycia (6 m+), rozmiar M. W zestawie 1 sztuka. Produkt antyalergiczny.<\/p>\n","protected":false},"excerpt":{"rendered":"<p>Smoczek uspokajaj\u0105cy BIBS 200292 PAPAYA M to klasyczny, retro-stylizowany smoczek du\u0144skiej marki BIBS. Wykonany z organicznego kauczuku naturalnego (Hevea), co czyni go ca\u0142kowicie bezpiecznym dla niemowl\u0105t. Posiada interaktywn\u0105 ko\u0144c\u00f3wk\u0119 do ssania. Przeznaczony dla dzieci od 6. miesi\u0105ca \u017cycia (6 m+), rozmiar M. W zestawie 1 sztuka. Produkt antyalergiczny.<\/p>\n","protected":false},"featured_media":10628,"comment_status":"open","ping_status":"closed","template":"","meta":[],"product_brand":[],"product_cat":[76,105,103],"product_tag":[],"class_list":{"0":"post-10629","1":"product","2":"type-product","3":"status-publish","4":"has-post-thumbnail","6":"product_cat-dziecko","7":"product_cat-smoczki","8":"product_cat-smoczki-i-zawieszki","10":"first","11":"instock","12":"taxable","13":"shipping-taxable","14":"purchasable","15":"product-type-simple"},"_links":{"self":[{"href":"https:\/\/www.bobooaza.pl\/index.php\/wp-json\/wp\/v2\/product\/10629","targetHints":{"allow":["GET"]}}],"collection":[{"href":"https:\/\/www.bobooaza.pl\/index.php\/wp-json\/wp\/v2\/product"}],"about":[{"href":"https:\/\/www.bobooaza.pl\/index.php\/wp-json\/wp\/v2\/types\/product"}],"replies":[{"embeddable":true,"href":"https:\/\/www.bobooaza.pl\/index.php\/wp-json\/wp\/v2\/comments?post=10629"}],"wp:featuredmedia":[{"embeddable":true,"href":"https:\/\/www.bobooaza.pl\/index.php\/wp-json\/wp\/v2\/media\/10628"}],"wp:attachment":[{"href":"https:\/\/www.bobooaza.pl\/index.php\/wp-json\/wp\/v2\/media?parent=10629"}],"wp:term":[{"taxonomy":"product_brand","embeddable":true,"href":"https:\/\/www.bobooaza.pl\/index.php\/wp-json\/wp\/v2\/product_brand?post=10629"},{"taxonomy":"product_cat","embeddable":true,"href":"https:\/\/www.bobooaza.pl\/index.php\/wp-json\/wp\/v2\/product_cat?post=10629"},{"taxonomy":"product_tag","embeddable":true,"href":"https:\/\/www.bobooaza.pl\/index.php\/wp-json\/wp\/v2\/product_tag?post=10629"}],"curies":[{"name":"wp","href":"https:\/\/api.w.org\/{rel}","templated":true}]}}