{"id":10631,"date":"2026-01-06T00:07:14","date_gmt":"2026-01-05T23:07:14","guid":{"rendered":"https:\/\/bobooaza.pl\/index.php\/produkt\/bibs-100292-smoczek-uspokajajacy-papaya-s\/"},"modified":"2026-01-06T00:50:42","modified_gmt":"2026-01-05T23:50:42","slug":"bibs-100292-smoczek-uspokajajacy-papaya-s","status":"publish","type":"product","link":"https:\/\/www.bobooaza.pl\/index.php\/produkt\/bibs-100292-smoczek-uspokajajacy-papaya-s\/","title":{"rendered":"BIBS 100292 Smoczek uspokajaj\u0105cy PAPAYA S"},"content":{"rendered":"<p>Smoczek uspokajaj\u0105cy BIBS 100292 PAPAYA S to klasyczny, retro-stylizowany smoczek du\u0144skiej marki BIBS. Wykonany jest z organicznego kauczuku naturalnego (Hevea), dzi\u0119ki czemu jest w pe\u0142ni bezpieczny dla niemowl\u0105t. Smoczek posiada interaktywn\u0105 ko\u0144c\u00f3wk\u0119 uspokajaj\u0105c\u0105 i jest odpowiedni dla dzieci od urodzenia (0 m+). Rozmiar S, 1 sztuka w zestawie. Produkt antyalergiczny.<\/p>\n","protected":false},"excerpt":{"rendered":"<p>Smoczek uspokajaj\u0105cy BIBS 100292 PAPAYA S to klasyczny, retro-stylizowany smoczek du\u0144skiej marki BIBS. Wykonany jest z organicznego kauczuku naturalnego (Hevea), dzi\u0119ki czemu jest w pe\u0142ni bezpieczny dla niemowl\u0105t. Smoczek posiada interaktywn\u0105 ko\u0144c\u00f3wk\u0119 uspokajaj\u0105c\u0105 i jest odpowiedni dla dzieci od urodzenia (0 m+). Rozmiar S, 1 sztuka w zestawie. Produkt antyalergiczny.<\/p>\n","protected":false},"featured_media":10630,"comment_status":"open","ping_status":"closed","template":"","meta":[],"product_brand":[],"product_cat":[76,105,103],"product_tag":[],"class_list":{"0":"post-10631","1":"product","2":"type-product","3":"status-publish","4":"has-post-thumbnail","6":"product_cat-dziecko","7":"product_cat-smoczki","8":"product_cat-smoczki-i-zawieszki","10":"first","11":"instock","12":"taxable","13":"shipping-taxable","14":"purchasable","15":"product-type-simple"},"_links":{"self":[{"href":"https:\/\/www.bobooaza.pl\/index.php\/wp-json\/wp\/v2\/product\/10631","targetHints":{"allow":["GET"]}}],"collection":[{"href":"https:\/\/www.bobooaza.pl\/index.php\/wp-json\/wp\/v2\/product"}],"about":[{"href":"https:\/\/www.bobooaza.pl\/index.php\/wp-json\/wp\/v2\/types\/product"}],"replies":[{"embeddable":true,"href":"https:\/\/www.bobooaza.pl\/index.php\/wp-json\/wp\/v2\/comments?post=10631"}],"wp:featuredmedia":[{"embeddable":true,"href":"https:\/\/www.bobooaza.pl\/index.php\/wp-json\/wp\/v2\/media\/10630"}],"wp:attachment":[{"href":"https:\/\/www.bobooaza.pl\/index.php\/wp-json\/wp\/v2\/media?parent=10631"}],"wp:term":[{"taxonomy":"product_brand","embeddable":true,"href":"https:\/\/www.bobooaza.pl\/index.php\/wp-json\/wp\/v2\/product_brand?post=10631"},{"taxonomy":"product_cat","embeddable":true,"href":"https:\/\/www.bobooaza.pl\/index.php\/wp-json\/wp\/v2\/product_cat?post=10631"},{"taxonomy":"product_tag","embeddable":true,"href":"https:\/\/www.bobooaza.pl\/index.php\/wp-json\/wp\/v2\/product_tag?post=10631"}],"curies":[{"name":"wp","href":"https:\/\/api.w.org\/{rel}","templated":true}]}}