{"id":10639,"date":"2026-01-06T00:07:17","date_gmt":"2026-01-05T23:07:17","guid":{"rendered":"https:\/\/bobooaza.pl\/index.php\/produkt\/lovi-22-905-smoczek-silikonowy-dynamiczny-0-3m-2-szt-harmony-girl\/"},"modified":"2026-01-06T00:50:45","modified_gmt":"2026-01-05T23:50:45","slug":"lovi-22-905-smoczek-silikonowy-dynamiczny-0-3m-2-szt-harmony-girl","status":"publish","type":"product","link":"https:\/\/www.bobooaza.pl\/index.php\/produkt\/lovi-22-905-smoczek-silikonowy-dynamiczny-0-3m-2-szt-harmony-girl\/","title":{"rendered":"LOVI 22\/905 Smoczek silikonowy dynamiczny 0-3m 2 szt Harmony Girl"},"content":{"rendered":"<p>Smoczek silikonowy dynamiczny LOVI 0-3 m Harmony Girl, zestaw 2 sztuki, nale\u017cy do kolekcji Harmony, kt\u00f3rej design nawi\u0105zuje do harmonii z natur\u0105 i minimalizmu. Smoczek zosta\u0142 zaprojektowany tak, aby nie zaburza\u0107 prawid\u0142owego odruchu ssania, dzi\u0119ki czemu jest odpowiedni dla dzieci karmionych piersi\u0105. Gumka smoczka rozci\u0105ga si\u0119 i kurczy zgodnie z rytmem ssania dziecka, wzoruj\u0105c si\u0119 na brodawce. Wykonany jest z bezpiecznego silikonu, kt\u00f3ry nie ma smaku ani zapachu. Tarczka smoczka posiada wypustki, kt\u00f3re chroni\u0105 delikatn\u0105 sk\u00f3r\u0119 dziecka przed odparzeniami i podra\u017cnieniami.<\/p>\n","protected":false},"excerpt":{"rendered":"<p>Smoczek silikonowy dynamiczny LOVI 0-3 m Harmony Girl, zestaw 2 sztuki, nale\u017cy do kolekcji Harmony, kt\u00f3rej design nawi\u0105zuje do harmonii z natur\u0105 i minimalizmu. Smoczek zosta\u0142 zaprojektowany tak, aby nie zaburza\u0107 prawid\u0142owego odruchu ssania, dzi\u0119ki czemu jest odpowiedni dla dzieci karmionych piersi\u0105. Gumka smoczka rozci\u0105ga si\u0119 i kurczy zgodnie z rytmem ssania dziecka, wzoruj\u0105c si\u0119 [&hellip;]<\/p>\n","protected":false},"featured_media":10636,"comment_status":"open","ping_status":"closed","template":"","meta":[],"product_brand":[],"product_cat":[76,105,103],"product_tag":[],"class_list":{"0":"post-10639","1":"product","2":"type-product","3":"status-publish","4":"has-post-thumbnail","6":"product_cat-dziecko","7":"product_cat-smoczki","8":"product_cat-smoczki-i-zawieszki","10":"first","11":"instock","12":"taxable","13":"shipping-taxable","14":"purchasable","15":"product-type-simple"},"_links":{"self":[{"href":"https:\/\/www.bobooaza.pl\/index.php\/wp-json\/wp\/v2\/product\/10639","targetHints":{"allow":["GET"]}}],"collection":[{"href":"https:\/\/www.bobooaza.pl\/index.php\/wp-json\/wp\/v2\/product"}],"about":[{"href":"https:\/\/www.bobooaza.pl\/index.php\/wp-json\/wp\/v2\/types\/product"}],"replies":[{"embeddable":true,"href":"https:\/\/www.bobooaza.pl\/index.php\/wp-json\/wp\/v2\/comments?post=10639"}],"wp:featuredmedia":[{"embeddable":true,"href":"https:\/\/www.bobooaza.pl\/index.php\/wp-json\/wp\/v2\/media\/10636"}],"wp:attachment":[{"href":"https:\/\/www.bobooaza.pl\/index.php\/wp-json\/wp\/v2\/media?parent=10639"}],"wp:term":[{"taxonomy":"product_brand","embeddable":true,"href":"https:\/\/www.bobooaza.pl\/index.php\/wp-json\/wp\/v2\/product_brand?post=10639"},{"taxonomy":"product_cat","embeddable":true,"href":"https:\/\/www.bobooaza.pl\/index.php\/wp-json\/wp\/v2\/product_cat?post=10639"},{"taxonomy":"product_tag","embeddable":true,"href":"https:\/\/www.bobooaza.pl\/index.php\/wp-json\/wp\/v2\/product_tag?post=10639"}],"curies":[{"name":"wp","href":"https:\/\/api.w.org\/{rel}","templated":true}]}}