{"id":10647,"date":"2026-01-06T00:07:20","date_gmt":"2026-01-05T23:07:20","guid":{"rendered":"https:\/\/bobooaza.pl\/index.php\/produkt\/lovi-22-908-smoczek-silikonowy-dynamiczny-18-2-szt-harmony-girl\/"},"modified":"2026-01-06T00:50:47","modified_gmt":"2026-01-05T23:50:47","slug":"lovi-22-908-smoczek-silikonowy-dynamiczny-18-2-szt-harmony-girl","status":"publish","type":"product","link":"https:\/\/www.bobooaza.pl\/index.php\/produkt\/lovi-22-908-smoczek-silikonowy-dynamiczny-18-2-szt-harmony-girl\/","title":{"rendered":"LOVI 22\/908 Smoczek silikonowy dynamiczny 18+ 2 szt Harmony Girl"},"content":{"rendered":"<p>Smoczek silikonowy dynamiczny LOVI 18+ m Harmony Girl, zestaw 2 sztuki, nale\u017cy do kolekcji Harmony, \u0142\u0105cz\u0105cej minimalizm z motywem harmonii z natur\u0105. Smoczek zosta\u0142 zaprojektowany tak, aby nie zaburza\u0107 prawid\u0142owego odruchu ssania, dzi\u0119ki czemu jest odpowiedni tak\u017ce dla dzieci karmionych piersi\u0105. Gumka smoczka rozci\u0105ga si\u0119 i kurczy zgodnie z rytmem ssania, na wz\u00f3r brodawki. Wykonany jest z bezpiecznego silikonu, kt\u00f3ry nie posiada smaku ani zapachu. Tarczka z wypustkami chroni delikatn\u0105 sk\u00f3r\u0119 dziecka przed odparzeniami i podra\u017cnieniami.<\/p>\n","protected":false},"excerpt":{"rendered":"<p>Smoczek silikonowy dynamiczny LOVI 18+ m Harmony Girl, zestaw 2 sztuki, nale\u017cy do kolekcji Harmony, \u0142\u0105cz\u0105cej minimalizm z motywem harmonii z natur\u0105. Smoczek zosta\u0142 zaprojektowany tak, aby nie zaburza\u0107 prawid\u0142owego odruchu ssania, dzi\u0119ki czemu jest odpowiedni tak\u017ce dla dzieci karmionych piersi\u0105. Gumka smoczka rozci\u0105ga si\u0119 i kurczy zgodnie z rytmem ssania, na wz\u00f3r brodawki. Wykonany [&hellip;]<\/p>\n","protected":false},"featured_media":10644,"comment_status":"open","ping_status":"closed","template":"","meta":[],"product_brand":[],"product_cat":[76,105,103],"product_tag":[],"class_list":{"0":"post-10647","1":"product","2":"type-product","3":"status-publish","4":"has-post-thumbnail","6":"product_cat-dziecko","7":"product_cat-smoczki","8":"product_cat-smoczki-i-zawieszki","10":"first","11":"instock","12":"taxable","13":"shipping-taxable","14":"purchasable","15":"product-type-simple"},"_links":{"self":[{"href":"https:\/\/www.bobooaza.pl\/index.php\/wp-json\/wp\/v2\/product\/10647","targetHints":{"allow":["GET"]}}],"collection":[{"href":"https:\/\/www.bobooaza.pl\/index.php\/wp-json\/wp\/v2\/product"}],"about":[{"href":"https:\/\/www.bobooaza.pl\/index.php\/wp-json\/wp\/v2\/types\/product"}],"replies":[{"embeddable":true,"href":"https:\/\/www.bobooaza.pl\/index.php\/wp-json\/wp\/v2\/comments?post=10647"}],"wp:featuredmedia":[{"embeddable":true,"href":"https:\/\/www.bobooaza.pl\/index.php\/wp-json\/wp\/v2\/media\/10644"}],"wp:attachment":[{"href":"https:\/\/www.bobooaza.pl\/index.php\/wp-json\/wp\/v2\/media?parent=10647"}],"wp:term":[{"taxonomy":"product_brand","embeddable":true,"href":"https:\/\/www.bobooaza.pl\/index.php\/wp-json\/wp\/v2\/product_brand?post=10647"},{"taxonomy":"product_cat","embeddable":true,"href":"https:\/\/www.bobooaza.pl\/index.php\/wp-json\/wp\/v2\/product_cat?post=10647"},{"taxonomy":"product_tag","embeddable":true,"href":"https:\/\/www.bobooaza.pl\/index.php\/wp-json\/wp\/v2\/product_tag?post=10647"}],"curies":[{"name":"wp","href":"https:\/\/api.w.org\/{rel}","templated":true}]}}