{"id":10651,"date":"2026-01-06T00:07:22","date_gmt":"2026-01-05T23:07:22","guid":{"rendered":"https:\/\/bobooaza.pl\/index.php\/produkt\/lovi-22-906-smoczek-silikonowy-dynamiczny-3-6m-2-szt-harmony-boy\/"},"modified":"2026-01-06T00:50:48","modified_gmt":"2026-01-05T23:50:48","slug":"lovi-22-906-smoczek-silikonowy-dynamiczny-3-6m-2-szt-harmony-boy","status":"publish","type":"product","link":"https:\/\/www.bobooaza.pl\/index.php\/produkt\/lovi-22-906-smoczek-silikonowy-dynamiczny-3-6m-2-szt-harmony-boy\/","title":{"rendered":"LOVI 22\/906 Smoczek silikonowy dynamiczny 3-6m 2 szt Harmony Boy"},"content":{"rendered":"<p>Smoczek silikonowy dynamiczny LOVI 3-6 m Harmony Boy, zestaw 2 sztuki, nale\u017cy do kolekcji Harmony, kt\u00f3ra \u0142\u0105czy minimalizm z motywem harmonii z natur\u0105. Smoczek zosta\u0142 zaprojektowany tak, aby nie zaburza\u0107 prawid\u0142owego odruchu ssania, co sprawia, \u017ce jest idealny dla dzieci karmionych piersi\u0105. Gumka smoczka rozci\u0105ga si\u0119 i kurczy zgodnie z rytmem ssania, na wz\u00f3r brodawki. Wykonany z bezpiecznego silikonu, nie posiada smaku ani zapachu. Tarczka z wypustkami chroni delikatn\u0105 sk\u00f3r\u0119 dziecka przed odparzeniami i podra\u017cnieniami.<\/p>\n","protected":false},"excerpt":{"rendered":"<p>Smoczek silikonowy dynamiczny LOVI 3-6 m Harmony Boy, zestaw 2 sztuki, nale\u017cy do kolekcji Harmony, kt\u00f3ra \u0142\u0105czy minimalizm z motywem harmonii z natur\u0105. Smoczek zosta\u0142 zaprojektowany tak, aby nie zaburza\u0107 prawid\u0142owego odruchu ssania, co sprawia, \u017ce jest idealny dla dzieci karmionych piersi\u0105. Gumka smoczka rozci\u0105ga si\u0119 i kurczy zgodnie z rytmem ssania, na wz\u00f3r brodawki. [&hellip;]<\/p>\n","protected":false},"featured_media":10648,"comment_status":"open","ping_status":"closed","template":"","meta":[],"product_brand":[],"product_cat":[76,105,103],"product_tag":[],"class_list":{"0":"post-10651","1":"product","2":"type-product","3":"status-publish","4":"has-post-thumbnail","6":"product_cat-dziecko","7":"product_cat-smoczki","8":"product_cat-smoczki-i-zawieszki","10":"first","11":"instock","12":"taxable","13":"shipping-taxable","14":"purchasable","15":"product-type-simple"},"_links":{"self":[{"href":"https:\/\/www.bobooaza.pl\/index.php\/wp-json\/wp\/v2\/product\/10651","targetHints":{"allow":["GET"]}}],"collection":[{"href":"https:\/\/www.bobooaza.pl\/index.php\/wp-json\/wp\/v2\/product"}],"about":[{"href":"https:\/\/www.bobooaza.pl\/index.php\/wp-json\/wp\/v2\/types\/product"}],"replies":[{"embeddable":true,"href":"https:\/\/www.bobooaza.pl\/index.php\/wp-json\/wp\/v2\/comments?post=10651"}],"wp:featuredmedia":[{"embeddable":true,"href":"https:\/\/www.bobooaza.pl\/index.php\/wp-json\/wp\/v2\/media\/10648"}],"wp:attachment":[{"href":"https:\/\/www.bobooaza.pl\/index.php\/wp-json\/wp\/v2\/media?parent=10651"}],"wp:term":[{"taxonomy":"product_brand","embeddable":true,"href":"https:\/\/www.bobooaza.pl\/index.php\/wp-json\/wp\/v2\/product_brand?post=10651"},{"taxonomy":"product_cat","embeddable":true,"href":"https:\/\/www.bobooaza.pl\/index.php\/wp-json\/wp\/v2\/product_cat?post=10651"},{"taxonomy":"product_tag","embeddable":true,"href":"https:\/\/www.bobooaza.pl\/index.php\/wp-json\/wp\/v2\/product_tag?post=10651"}],"curies":[{"name":"wp","href":"https:\/\/api.w.org\/{rel}","templated":true}]}}