{"id":10655,"date":"2026-01-06T00:07:24","date_gmt":"2026-01-05T23:07:24","guid":{"rendered":"https:\/\/bobooaza.pl\/index.php\/produkt\/lovi-22-906-smoczek-silikonowy-dynamiczny-3-6m-2-szt-harmony-girl\/"},"modified":"2026-01-06T00:50:49","modified_gmt":"2026-01-05T23:50:49","slug":"lovi-22-906-smoczek-silikonowy-dynamiczny-3-6m-2-szt-harmony-girl","status":"publish","type":"product","link":"https:\/\/www.bobooaza.pl\/index.php\/produkt\/lovi-22-906-smoczek-silikonowy-dynamiczny-3-6m-2-szt-harmony-girl\/","title":{"rendered":"LOVI 22\/906 Smoczek silikonowy dynamiczny 3-6m 2 szt Harmony Girl"},"content":{"rendered":"<p>Lovi Harmony Smoczek Silikonowy Dynamiczny 3-6 m<br \/>\nLovi Harmony to kolekcja stworzona dla tych, kt\u00f3rzy ceni\u0105 sobie minimalizm. Nazwa kolekcji &#8222;Harmony&#8221; jak i grafiki umieszczone na smoczku nawi\u0105zuj\u0105 do harmonii z natur\u0105.<br \/>\nSmoczek zosta\u0142 skonstruowany w ten spos\u00f3b, by nie zaburzy\u0107 prawid\u0142owego odruchu ssania malucha, co najwa\u017cniejsze b\u0119dzie to idealny wyb\u00f3r dla dzieci karmionych piersi\u0105.<br \/>\nGumka smoczka podczas ssania b\u0119dzie si\u0119 rozci\u0105ga\u0107 i kurczy\u0107 do rytmu, jest ona skonstruowana na wz\u00f3r brodawki.<br \/>\nJak ju\u017c wiadomo, silikon jest najlepszym materia\u0142em do produkcji smoczk\u00f3w a wi\u0119c i tutaj nie mog\u0142o go zabrakn\u0105\u0107. Silikon jest bezpieczny dla maluszka, nie posiada smaku ani zapachu.<br \/>\nSk\u00f3ra dziecka jest wyj\u0105tkowo nara\u017cona na wszelkie odparzenia, tarczka smoczka posiada wypustki, po to by w\u0142a\u015bnie im zapobiec.<\/p>\n","protected":false},"excerpt":{"rendered":"<p>Lovi Harmony Smoczek Silikonowy Dynamiczny 3-6 m Lovi Harmony to kolekcja stworzona dla tych, kt\u00f3rzy ceni\u0105 sobie minimalizm. Nazwa kolekcji &#8222;Harmony&#8221; jak i grafiki umieszczone na smoczku nawi\u0105zuj\u0105 do harmonii z natur\u0105. Smoczek zosta\u0142 skonstruowany w ten spos\u00f3b, by nie zaburzy\u0107 prawid\u0142owego odruchu ssania malucha, co najwa\u017cniejsze b\u0119dzie to idealny wyb\u00f3r dla dzieci karmionych piersi\u0105. [&hellip;]<\/p>\n","protected":false},"featured_media":10652,"comment_status":"open","ping_status":"closed","template":"","meta":[],"product_brand":[],"product_cat":[76,105,103],"product_tag":[],"class_list":{"0":"post-10655","1":"product","2":"type-product","3":"status-publish","4":"has-post-thumbnail","6":"product_cat-dziecko","7":"product_cat-smoczki","8":"product_cat-smoczki-i-zawieszki","10":"first","11":"instock","12":"taxable","13":"shipping-taxable","14":"purchasable","15":"product-type-simple"},"_links":{"self":[{"href":"https:\/\/www.bobooaza.pl\/index.php\/wp-json\/wp\/v2\/product\/10655","targetHints":{"allow":["GET"]}}],"collection":[{"href":"https:\/\/www.bobooaza.pl\/index.php\/wp-json\/wp\/v2\/product"}],"about":[{"href":"https:\/\/www.bobooaza.pl\/index.php\/wp-json\/wp\/v2\/types\/product"}],"replies":[{"embeddable":true,"href":"https:\/\/www.bobooaza.pl\/index.php\/wp-json\/wp\/v2\/comments?post=10655"}],"wp:featuredmedia":[{"embeddable":true,"href":"https:\/\/www.bobooaza.pl\/index.php\/wp-json\/wp\/v2\/media\/10652"}],"wp:attachment":[{"href":"https:\/\/www.bobooaza.pl\/index.php\/wp-json\/wp\/v2\/media?parent=10655"}],"wp:term":[{"taxonomy":"product_brand","embeddable":true,"href":"https:\/\/www.bobooaza.pl\/index.php\/wp-json\/wp\/v2\/product_brand?post=10655"},{"taxonomy":"product_cat","embeddable":true,"href":"https:\/\/www.bobooaza.pl\/index.php\/wp-json\/wp\/v2\/product_cat?post=10655"},{"taxonomy":"product_tag","embeddable":true,"href":"https:\/\/www.bobooaza.pl\/index.php\/wp-json\/wp\/v2\/product_tag?post=10655"}],"curies":[{"name":"wp","href":"https:\/\/api.w.org\/{rel}","templated":true}]}}