{"id":10659,"date":"2026-01-06T00:07:26","date_gmt":"2026-01-05T23:07:26","guid":{"rendered":"https:\/\/bobooaza.pl\/index.php\/produkt\/lovi-22-907-smoczek-silikonowy-dynamiczny-6-18m-2-szt-harmony-girl\/"},"modified":"2026-01-06T00:50:51","modified_gmt":"2026-01-05T23:50:51","slug":"lovi-22-907-smoczek-silikonowy-dynamiczny-6-18m-2-szt-harmony-girl","status":"publish","type":"product","link":"https:\/\/www.bobooaza.pl\/index.php\/produkt\/lovi-22-907-smoczek-silikonowy-dynamiczny-6-18m-2-szt-harmony-girl\/","title":{"rendered":"LOVI 22\/907 Smoczek silikonowy dynamiczny 6-18m 2 szt Harmony Girl"},"content":{"rendered":"<p>Smoczek silikonowy dynamiczny LOVI 6-18 m Harmony Girl, zestaw 2 sztuki, nale\u017cy do kolekcji Harmony, kt\u00f3ra \u0142\u0105czy minimalizm z motywem harmonii z natur\u0105. Smoczek zosta\u0142 zaprojektowany tak, aby nie zaburza\u0107 prawid\u0142owego odruchu ssania, co czyni go odpowiednim dla dzieci karmionych piersi\u0105. Gumka smoczka rozci\u0105ga si\u0119 i kurczy zgodnie z rytmem ssania, inspirowana kszta\u0142tem brodawki. Wykonany z bezpiecznego silikonu, nie posiada smaku ani zapachu. Tarczka z wypustkami chroni delikatn\u0105 sk\u00f3r\u0119 dziecka przed podra\u017cnieniami i odparzeniami.<\/p>\n","protected":false},"excerpt":{"rendered":"<p>Smoczek silikonowy dynamiczny LOVI 6-18 m Harmony Girl, zestaw 2 sztuki, nale\u017cy do kolekcji Harmony, kt\u00f3ra \u0142\u0105czy minimalizm z motywem harmonii z natur\u0105. Smoczek zosta\u0142 zaprojektowany tak, aby nie zaburza\u0107 prawid\u0142owego odruchu ssania, co czyni go odpowiednim dla dzieci karmionych piersi\u0105. Gumka smoczka rozci\u0105ga si\u0119 i kurczy zgodnie z rytmem ssania, inspirowana kszta\u0142tem brodawki. Wykonany [&hellip;]<\/p>\n","protected":false},"featured_media":10656,"comment_status":"open","ping_status":"closed","template":"","meta":[],"product_brand":[],"product_cat":[76,105,103],"product_tag":[],"class_list":{"0":"post-10659","1":"product","2":"type-product","3":"status-publish","4":"has-post-thumbnail","6":"product_cat-dziecko","7":"product_cat-smoczki","8":"product_cat-smoczki-i-zawieszki","10":"first","11":"instock","12":"taxable","13":"shipping-taxable","14":"purchasable","15":"product-type-simple"},"_links":{"self":[{"href":"https:\/\/www.bobooaza.pl\/index.php\/wp-json\/wp\/v2\/product\/10659","targetHints":{"allow":["GET"]}}],"collection":[{"href":"https:\/\/www.bobooaza.pl\/index.php\/wp-json\/wp\/v2\/product"}],"about":[{"href":"https:\/\/www.bobooaza.pl\/index.php\/wp-json\/wp\/v2\/types\/product"}],"replies":[{"embeddable":true,"href":"https:\/\/www.bobooaza.pl\/index.php\/wp-json\/wp\/v2\/comments?post=10659"}],"wp:featuredmedia":[{"embeddable":true,"href":"https:\/\/www.bobooaza.pl\/index.php\/wp-json\/wp\/v2\/media\/10656"}],"wp:attachment":[{"href":"https:\/\/www.bobooaza.pl\/index.php\/wp-json\/wp\/v2\/media?parent=10659"}],"wp:term":[{"taxonomy":"product_brand","embeddable":true,"href":"https:\/\/www.bobooaza.pl\/index.php\/wp-json\/wp\/v2\/product_brand?post=10659"},{"taxonomy":"product_cat","embeddable":true,"href":"https:\/\/www.bobooaza.pl\/index.php\/wp-json\/wp\/v2\/product_cat?post=10659"},{"taxonomy":"product_tag","embeddable":true,"href":"https:\/\/www.bobooaza.pl\/index.php\/wp-json\/wp\/v2\/product_tag?post=10659"}],"curies":[{"name":"wp","href":"https:\/\/api.w.org\/{rel}","templated":true}]}}