{"id":10671,"date":"2026-01-06T00:07:32","date_gmt":"2026-01-05T23:07:32","guid":{"rendered":"https:\/\/bobooaza.pl\/index.php\/produkt\/lovi-22-901-smoczek-silikonowy-dynamiczny-0-3m-2szt-jungle-vibes-girl\/"},"modified":"2026-01-06T00:50:55","modified_gmt":"2026-01-05T23:50:55","slug":"lovi-22-901-smoczek-silikonowy-dynamiczny-0-3m-2szt-jungle-vibes-girl","status":"publish","type":"product","link":"https:\/\/www.bobooaza.pl\/index.php\/produkt\/lovi-22-901-smoczek-silikonowy-dynamiczny-0-3m-2szt-jungle-vibes-girl\/","title":{"rendered":"LOVI 22\/901 Smoczek silikonowy dynamiczny 0-3m 2szt Jungle Vibes Girl"},"content":{"rendered":"<p>Smoczek silikonowy dynamiczny LOVI 0-3 miesi\u0105ce Jungle Vibes w zestawie 2 sztuki zosta\u0142 zaprojektowany tak, aby nie zaburza\u0107 odruchu ssania u noworodk\u00f3w, tak\u017ce tych karmionych piersi\u0105. Gumka smoczka wykonana jest z niejednorodnej warstwy wysokiej jako\u015bci silikonu, kt\u00f3ra wyd\u0142u\u017ca si\u0119 i kurczy zgodnie z rytmem ssania dziecka, nie posiada smaku ani zapachu. Tarczka smoczka jest wykonana z plastiku wolnego od BPA, ma profilowany kszta\u0142t i otwory zapewniaj\u0105ce cyrkulacj\u0119 powietrza, co chroni delikatn\u0105 sk\u00f3r\u0119 dziecka i umo\u017cliwia swobodne oddychanie przez nos. Smoczek dynamiczny LOVI zapobiega odruchowi zagryzania smoczka, pozwala na swobodne po\u0142ykanie \u015bliny i wspiera prawid\u0142owy rozw\u00f3j mowy oraz zgryzu przy zachowaniu zalece\u0144 ortodontycznych i neurologopedycznych.<\/p>\n","protected":false},"excerpt":{"rendered":"<p>Smoczek silikonowy dynamiczny LOVI 0-3 miesi\u0105ce Jungle Vibes w zestawie 2 sztuki zosta\u0142 zaprojektowany tak, aby nie zaburza\u0107 odruchu ssania u noworodk\u00f3w, tak\u017ce tych karmionych piersi\u0105. Gumka smoczka wykonana jest z niejednorodnej warstwy wysokiej jako\u015bci silikonu, kt\u00f3ra wyd\u0142u\u017ca si\u0119 i kurczy zgodnie z rytmem ssania dziecka, nie posiada smaku ani zapachu. Tarczka smoczka jest wykonana [&hellip;]<\/p>\n","protected":false},"featured_media":10667,"comment_status":"open","ping_status":"closed","template":"","meta":[],"product_brand":[],"product_cat":[76,105,103],"product_tag":[],"class_list":{"0":"post-10671","1":"product","2":"type-product","3":"status-publish","4":"has-post-thumbnail","6":"product_cat-dziecko","7":"product_cat-smoczki","8":"product_cat-smoczki-i-zawieszki","10":"first","11":"instock","12":"taxable","13":"shipping-taxable","14":"purchasable","15":"product-type-simple"},"_links":{"self":[{"href":"https:\/\/www.bobooaza.pl\/index.php\/wp-json\/wp\/v2\/product\/10671","targetHints":{"allow":["GET"]}}],"collection":[{"href":"https:\/\/www.bobooaza.pl\/index.php\/wp-json\/wp\/v2\/product"}],"about":[{"href":"https:\/\/www.bobooaza.pl\/index.php\/wp-json\/wp\/v2\/types\/product"}],"replies":[{"embeddable":true,"href":"https:\/\/www.bobooaza.pl\/index.php\/wp-json\/wp\/v2\/comments?post=10671"}],"wp:featuredmedia":[{"embeddable":true,"href":"https:\/\/www.bobooaza.pl\/index.php\/wp-json\/wp\/v2\/media\/10667"}],"wp:attachment":[{"href":"https:\/\/www.bobooaza.pl\/index.php\/wp-json\/wp\/v2\/media?parent=10671"}],"wp:term":[{"taxonomy":"product_brand","embeddable":true,"href":"https:\/\/www.bobooaza.pl\/index.php\/wp-json\/wp\/v2\/product_brand?post=10671"},{"taxonomy":"product_cat","embeddable":true,"href":"https:\/\/www.bobooaza.pl\/index.php\/wp-json\/wp\/v2\/product_cat?post=10671"},{"taxonomy":"product_tag","embeddable":true,"href":"https:\/\/www.bobooaza.pl\/index.php\/wp-json\/wp\/v2\/product_tag?post=10671"}],"curies":[{"name":"wp","href":"https:\/\/api.w.org\/{rel}","templated":true}]}}