{"id":10699,"date":"2026-01-06T00:07:47","date_gmt":"2026-01-05T23:07:47","guid":{"rendered":"https:\/\/bobooaza.pl\/index.php\/produkt\/avent-scf085-15-smoczek-uspokajajacy-air-szary-bezowy-0-6m\/"},"modified":"2026-01-19T21:53:39","modified_gmt":"2026-01-19T20:53:39","slug":"avent-scf085-15-smoczek-uspokajajacy-air-szary-bezowy-0-6m","status":"publish","type":"product","link":"https:\/\/www.bobooaza.pl\/index.php\/produkt\/avent-scf085-15-smoczek-uspokajajacy-air-szary-bezowy-0-6m\/","title":{"rendered":"AVENT SCF085\/15 Smoczek uspokajaj\u0105cy AIR szary\/be\u017cowy  0-6M"},"content":{"rendered":"<p>Smoczek uspokajaj\u0105cy Philips Avent Ultra Air w kolorze szary\/be\u017cowy przeznaczony dla dzieci 0\u20136 miesi\u0119cy pozwala sk\u00f3rze dziecka oddycha\u0107 dzi\u0119ki du\u017cym otworom w lekkiej os\u0142once, kt\u00f3ra zapewnia maksymalny przep\u0142yw powietrza i sucho\u015b\u0107 sk\u00f3ry. Smoczek jest ortodontyczny, wolny od bisfenolu A, a w opakowaniu znajduj\u0105 si\u0119 2 sztuki. Etui podr\u00f3\u017cne pe\u0142ni r\u00f3wnie\u017c funkcj\u0119 sterylizatora \u2013 wystarczy doda\u0107 wod\u0119 i podgrza\u0107 w kuchence mikrofalowej, aby smoczek by\u0142 gotowy do ponownego u\u017cycia. Smoczek zosta\u0142 zaprojektowany tak, by by\u0142 lekki i wygodny, a symetryczny kszta\u0142t dopasowuje si\u0119 do naturalnego u\u0142o\u017cenia podniebienia, z\u0119b\u00f3w i dzi\u0105se\u0142 dziecka.<\/p>\n","protected":false},"excerpt":{"rendered":"<p>Smoczek uspokajaj\u0105cy Philips Avent Ultra Air w kolorze szary\/be\u017cowy przeznaczony dla dzieci 0\u20136 miesi\u0119cy pozwala sk\u00f3rze dziecka oddycha\u0107 dzi\u0119ki du\u017cym otworom w lekkiej os\u0142once, kt\u00f3ra zapewnia maksymalny przep\u0142yw powietrza i sucho\u015b\u0107 sk\u00f3ry. Smoczek jest ortodontyczny, wolny od bisfenolu A, a w opakowaniu znajduj\u0105 si\u0119 2 sztuki. Etui podr\u00f3\u017cne pe\u0142ni r\u00f3wnie\u017c funkcj\u0119 sterylizatora \u2013 wystarczy doda\u0107 [&hellip;]<\/p>\n","protected":false},"featured_media":10698,"comment_status":"open","ping_status":"closed","template":"","meta":[],"product_brand":[],"product_cat":[76,105,103],"product_tag":[],"class_list":{"0":"post-10699","1":"product","2":"type-product","3":"status-publish","4":"has-post-thumbnail","6":"product_cat-dziecko","7":"product_cat-smoczki","8":"product_cat-smoczki-i-zawieszki","10":"first","11":"instock","12":"taxable","13":"shipping-taxable","14":"purchasable","15":"product-type-simple"},"_links":{"self":[{"href":"https:\/\/www.bobooaza.pl\/index.php\/wp-json\/wp\/v2\/product\/10699","targetHints":{"allow":["GET"]}}],"collection":[{"href":"https:\/\/www.bobooaza.pl\/index.php\/wp-json\/wp\/v2\/product"}],"about":[{"href":"https:\/\/www.bobooaza.pl\/index.php\/wp-json\/wp\/v2\/types\/product"}],"replies":[{"embeddable":true,"href":"https:\/\/www.bobooaza.pl\/index.php\/wp-json\/wp\/v2\/comments?post=10699"}],"wp:featuredmedia":[{"embeddable":true,"href":"https:\/\/www.bobooaza.pl\/index.php\/wp-json\/wp\/v2\/media\/10698"}],"wp:attachment":[{"href":"https:\/\/www.bobooaza.pl\/index.php\/wp-json\/wp\/v2\/media?parent=10699"}],"wp:term":[{"taxonomy":"product_brand","embeddable":true,"href":"https:\/\/www.bobooaza.pl\/index.php\/wp-json\/wp\/v2\/product_brand?post=10699"},{"taxonomy":"product_cat","embeddable":true,"href":"https:\/\/www.bobooaza.pl\/index.php\/wp-json\/wp\/v2\/product_cat?post=10699"},{"taxonomy":"product_tag","embeddable":true,"href":"https:\/\/www.bobooaza.pl\/index.php\/wp-json\/wp\/v2\/product_tag?post=10699"}],"curies":[{"name":"wp","href":"https:\/\/api.w.org\/{rel}","templated":true}]}}