{"id":10701,"date":"2026-01-06T00:07:51","date_gmt":"2026-01-05T23:07:51","guid":{"rendered":"https:\/\/bobooaza.pl\/index.php\/produkt\/bibs-100301-smoczek-uspokajajacy-evergreen-s\/"},"modified":"2026-01-06T00:51:05","modified_gmt":"2026-01-05T23:51:05","slug":"bibs-100301-smoczek-uspokajajacy-evergreen-s","status":"publish","type":"product","link":"https:\/\/www.bobooaza.pl\/index.php\/produkt\/bibs-100301-smoczek-uspokajajacy-evergreen-s\/","title":{"rendered":"BIBS 100301 Smoczek uspokajaj\u0105cy EVERGREEN S"},"content":{"rendered":"<p>Smoczek uspokajaj\u0105cy BIBS EVERGREEN S to klasyczny, elegancki smoczek w stylu retro, stworzony przez du\u0144sk\u0105 firm\u0119 BIBS. Posiada interaktywn\u0105 ko\u0144c\u00f3wk\u0119 wykonan\u0105 z naturalnego kauczuku Hevea, dzi\u0119ki czemu jest ca\u0142kowicie bezpieczny dla niemowl\u0105t. Przeznaczony dla dzieci od 0 miesi\u0105ca \u017cycia, w rozmiarze S. Produkt antyalergiczny. W zestawie znajduje si\u0119 1 sztuka.<\/p>\n","protected":false},"excerpt":{"rendered":"<p>Smoczek uspokajaj\u0105cy BIBS EVERGREEN S to klasyczny, elegancki smoczek w stylu retro, stworzony przez du\u0144sk\u0105 firm\u0119 BIBS. Posiada interaktywn\u0105 ko\u0144c\u00f3wk\u0119 wykonan\u0105 z naturalnego kauczuku Hevea, dzi\u0119ki czemu jest ca\u0142kowicie bezpieczny dla niemowl\u0105t. Przeznaczony dla dzieci od 0 miesi\u0105ca \u017cycia, w rozmiarze S. Produkt antyalergiczny. W zestawie znajduje si\u0119 1 sztuka.<\/p>\n","protected":false},"featured_media":10700,"comment_status":"open","ping_status":"closed","template":"","meta":[],"product_brand":[],"product_cat":[76,105,103],"product_tag":[],"class_list":{"0":"post-10701","1":"product","2":"type-product","3":"status-publish","4":"has-post-thumbnail","6":"product_cat-dziecko","7":"product_cat-smoczki","8":"product_cat-smoczki-i-zawieszki","10":"first","11":"instock","12":"taxable","13":"shipping-taxable","14":"purchasable","15":"product-type-simple"},"_links":{"self":[{"href":"https:\/\/www.bobooaza.pl\/index.php\/wp-json\/wp\/v2\/product\/10701","targetHints":{"allow":["GET"]}}],"collection":[{"href":"https:\/\/www.bobooaza.pl\/index.php\/wp-json\/wp\/v2\/product"}],"about":[{"href":"https:\/\/www.bobooaza.pl\/index.php\/wp-json\/wp\/v2\/types\/product"}],"replies":[{"embeddable":true,"href":"https:\/\/www.bobooaza.pl\/index.php\/wp-json\/wp\/v2\/comments?post=10701"}],"wp:featuredmedia":[{"embeddable":true,"href":"https:\/\/www.bobooaza.pl\/index.php\/wp-json\/wp\/v2\/media\/10700"}],"wp:attachment":[{"href":"https:\/\/www.bobooaza.pl\/index.php\/wp-json\/wp\/v2\/media?parent=10701"}],"wp:term":[{"taxonomy":"product_brand","embeddable":true,"href":"https:\/\/www.bobooaza.pl\/index.php\/wp-json\/wp\/v2\/product_brand?post=10701"},{"taxonomy":"product_cat","embeddable":true,"href":"https:\/\/www.bobooaza.pl\/index.php\/wp-json\/wp\/v2\/product_cat?post=10701"},{"taxonomy":"product_tag","embeddable":true,"href":"https:\/\/www.bobooaza.pl\/index.php\/wp-json\/wp\/v2\/product_tag?post=10701"}],"curies":[{"name":"wp","href":"https:\/\/api.w.org\/{rel}","templated":true}]}}