{"id":10703,"date":"2026-01-06T00:07:53","date_gmt":"2026-01-05T23:07:53","guid":{"rendered":"https:\/\/bobooaza.pl\/index.php\/produkt\/lovi-22-900-smoczek-silikonowy-dynamiczny-0-2m-2-szt-baby-shower-boy\/"},"modified":"2026-01-19T21:53:40","modified_gmt":"2026-01-19T20:53:40","slug":"lovi-22-900-smoczek-silikonowy-dynamiczny-0-2m-2-szt-baby-shower-boy","status":"publish","type":"product","link":"https:\/\/www.bobooaza.pl\/index.php\/produkt\/lovi-22-900-smoczek-silikonowy-dynamiczny-0-2m-2-szt-baby-shower-boy\/","title":{"rendered":"LOVI 22\/900 Smoczek silikonowy dynamiczny 0-2m 2 szt Baby Shower Boy"},"content":{"rendered":"<p>Smoczek silikonowy dynamiczny LOVI 0\u20132 miesi\u0105ce, Baby Shower Girl, to MINIsmoczek stworzony specjalnie dla noworodk\u00f3w. Posiada mniejsz\u0105 i l\u017cejsz\u0105 tarczk\u0119 ni\u017c standardowe smoczki LOVI, a gumka wykonana jest z wysokiej jako\u015bci silikonu, ca\u0142kowicie bezpiecznego dla dziecka. Smoczek zaprojektowano we wsp\u00f3\u0142pracy z neurologopedami, ma unikaln\u0105 budow\u0119 z niejednorodnego silikonu i symetryczny kszta\u0142t inspirowany brodawk\u0105 sutkow\u0105. Nie zaburza odruchu ssania ani naturalnego rozwoju mowy i zgryzu, umo\u017cliwia swobodne oddychanie i po\u0142ykanie \u015bliny oraz zapobiega odruchowi zagryzania smoczka. Jest superlekki i ma tarczk\u0119 idealnie dopasowan\u0105 do buzi noworodka. Prawid\u0142owy rozw\u00f3j mowy i zgryzu zale\u017cy od przestrzegania zalece\u0144 ortodontycznych i neurologopedycznych.<\/p>\n","protected":false},"excerpt":{"rendered":"<p>Smoczek silikonowy dynamiczny LOVI 0\u20132 miesi\u0105ce, Baby Shower Girl, to MINIsmoczek stworzony specjalnie dla noworodk\u00f3w. Posiada mniejsz\u0105 i l\u017cejsz\u0105 tarczk\u0119 ni\u017c standardowe smoczki LOVI, a gumka wykonana jest z wysokiej jako\u015bci silikonu, ca\u0142kowicie bezpiecznego dla dziecka. Smoczek zaprojektowano we wsp\u00f3\u0142pracy z neurologopedami, ma unikaln\u0105 budow\u0119 z niejednorodnego silikonu i symetryczny kszta\u0142t inspirowany brodawk\u0105 sutkow\u0105. Nie [&hellip;]<\/p>\n","protected":false},"featured_media":10702,"comment_status":"open","ping_status":"closed","template":"","meta":[],"product_brand":[],"product_cat":[76,105,103],"product_tag":[],"class_list":{"0":"post-10703","1":"product","2":"type-product","3":"status-publish","4":"has-post-thumbnail","6":"product_cat-dziecko","7":"product_cat-smoczki","8":"product_cat-smoczki-i-zawieszki","10":"first","11":"instock","12":"taxable","13":"shipping-taxable","14":"purchasable","15":"product-type-simple"},"_links":{"self":[{"href":"https:\/\/www.bobooaza.pl\/index.php\/wp-json\/wp\/v2\/product\/10703","targetHints":{"allow":["GET"]}}],"collection":[{"href":"https:\/\/www.bobooaza.pl\/index.php\/wp-json\/wp\/v2\/product"}],"about":[{"href":"https:\/\/www.bobooaza.pl\/index.php\/wp-json\/wp\/v2\/types\/product"}],"replies":[{"embeddable":true,"href":"https:\/\/www.bobooaza.pl\/index.php\/wp-json\/wp\/v2\/comments?post=10703"}],"wp:featuredmedia":[{"embeddable":true,"href":"https:\/\/www.bobooaza.pl\/index.php\/wp-json\/wp\/v2\/media\/10702"}],"wp:attachment":[{"href":"https:\/\/www.bobooaza.pl\/index.php\/wp-json\/wp\/v2\/media?parent=10703"}],"wp:term":[{"taxonomy":"product_brand","embeddable":true,"href":"https:\/\/www.bobooaza.pl\/index.php\/wp-json\/wp\/v2\/product_brand?post=10703"},{"taxonomy":"product_cat","embeddable":true,"href":"https:\/\/www.bobooaza.pl\/index.php\/wp-json\/wp\/v2\/product_cat?post=10703"},{"taxonomy":"product_tag","embeddable":true,"href":"https:\/\/www.bobooaza.pl\/index.php\/wp-json\/wp\/v2\/product_tag?post=10703"}],"curies":[{"name":"wp","href":"https:\/\/api.w.org\/{rel}","templated":true}]}}