{"id":10705,"date":"2026-01-06T00:07:54","date_gmt":"2026-01-05T23:07:54","guid":{"rendered":"https:\/\/bobooaza.pl\/index.php\/produkt\/lovi-22-900-smoczek-silikonowy-dynamiczny-0-2m-2-szt-baby-shower-girl\/"},"modified":"2026-01-06T00:51:07","modified_gmt":"2026-01-05T23:51:07","slug":"lovi-22-900-smoczek-silikonowy-dynamiczny-0-2m-2-szt-baby-shower-girl","status":"publish","type":"product","link":"https:\/\/www.bobooaza.pl\/index.php\/produkt\/lovi-22-900-smoczek-silikonowy-dynamiczny-0-2m-2-szt-baby-shower-girl\/","title":{"rendered":"LOVI 22\/900 Smoczek silikonowy dynamiczny 0-2m 2 szt Baby Shower Girl"},"content":{"rendered":"<p>Smoczek silikonowy dynamiczny LOVI 0\u20132 miesi\u0105ce, Baby Shower Girl, sprzedawany w zestawie 2 sztuk, jest przeznaczony dla noworodk\u00f3w. Ma mniejsz\u0105 i l\u017cejsz\u0105 tarczk\u0119 ni\u017c standardowe smoczki LOVI, a gumka wykonana jest z wysokiej jako\u015bci silikonu bezpiecznego dla dziecka. Smoczek zosta\u0142 opracowany we wsp\u00f3\u0142pracy z neurologopedami i ma symetryczny kszta\u0142t inspirowany brodawk\u0105 sutkow\u0105 oraz konstrukcj\u0119 z niejednorodnego silikonu. Nie zaburza odruchu ssania, wspomaga swobodne oddychanie i po\u0142ykanie \u015bliny, zapobiega odruchowi zagryzania smoczka i przy prawid\u0142owym stosowaniu nie wp\u0142ywa negatywnie na rozw\u00f3j mowy i zgryzu. Jest lekki i ma ma\u0142\u0105 tarczk\u0119 dopasowan\u0105 do buzi noworodka.<\/p>\n","protected":false},"excerpt":{"rendered":"<p>Smoczek silikonowy dynamiczny LOVI 0\u20132 miesi\u0105ce, Baby Shower Girl, sprzedawany w zestawie 2 sztuk, jest przeznaczony dla noworodk\u00f3w. Ma mniejsz\u0105 i l\u017cejsz\u0105 tarczk\u0119 ni\u017c standardowe smoczki LOVI, a gumka wykonana jest z wysokiej jako\u015bci silikonu bezpiecznego dla dziecka. Smoczek zosta\u0142 opracowany we wsp\u00f3\u0142pracy z neurologopedami i ma symetryczny kszta\u0142t inspirowany brodawk\u0105 sutkow\u0105 oraz konstrukcj\u0119 z [&hellip;]<\/p>\n","protected":false},"featured_media":10704,"comment_status":"open","ping_status":"closed","template":"","meta":[],"product_brand":[],"product_cat":[76,105,103],"product_tag":[],"class_list":{"0":"post-10705","1":"product","2":"type-product","3":"status-publish","4":"has-post-thumbnail","6":"product_cat-dziecko","7":"product_cat-smoczki","8":"product_cat-smoczki-i-zawieszki","10":"first","11":"instock","12":"taxable","13":"shipping-taxable","14":"purchasable","15":"product-type-simple"},"_links":{"self":[{"href":"https:\/\/www.bobooaza.pl\/index.php\/wp-json\/wp\/v2\/product\/10705","targetHints":{"allow":["GET"]}}],"collection":[{"href":"https:\/\/www.bobooaza.pl\/index.php\/wp-json\/wp\/v2\/product"}],"about":[{"href":"https:\/\/www.bobooaza.pl\/index.php\/wp-json\/wp\/v2\/types\/product"}],"replies":[{"embeddable":true,"href":"https:\/\/www.bobooaza.pl\/index.php\/wp-json\/wp\/v2\/comments?post=10705"}],"wp:featuredmedia":[{"embeddable":true,"href":"https:\/\/www.bobooaza.pl\/index.php\/wp-json\/wp\/v2\/media\/10704"}],"wp:attachment":[{"href":"https:\/\/www.bobooaza.pl\/index.php\/wp-json\/wp\/v2\/media?parent=10705"}],"wp:term":[{"taxonomy":"product_brand","embeddable":true,"href":"https:\/\/www.bobooaza.pl\/index.php\/wp-json\/wp\/v2\/product_brand?post=10705"},{"taxonomy":"product_cat","embeddable":true,"href":"https:\/\/www.bobooaza.pl\/index.php\/wp-json\/wp\/v2\/product_cat?post=10705"},{"taxonomy":"product_tag","embeddable":true,"href":"https:\/\/www.bobooaza.pl\/index.php\/wp-json\/wp\/v2\/product_tag?post=10705"}],"curies":[{"name":"wp","href":"https:\/\/api.w.org\/{rel}","templated":true}]}}