{"id":10707,"date":"2026-01-06T00:07:55","date_gmt":"2026-01-05T23:07:55","guid":{"rendered":"https:\/\/bobooaza.pl\/index.php\/produkt\/bibs-111300-smoczek-uspokajajacy-mauve-s-anatomical\/"},"modified":"2026-01-06T00:51:08","modified_gmt":"2026-01-05T23:51:08","slug":"bibs-111300-smoczek-uspokajajacy-mauve-s-anatomical","status":"publish","type":"product","link":"https:\/\/www.bobooaza.pl\/index.php\/produkt\/bibs-111300-smoczek-uspokajajacy-mauve-s-anatomical\/","title":{"rendered":"BIBS 111300 Smoczek uspokajaj\u0105cy MAUVE S ANATOMICAL"},"content":{"rendered":"<p>Smoczek BIBS COLOUR ANATOMICAL to smoczek anatomiczny (ortodontyczny) dla dzieci w wieku 0\u20136 miesi\u0119cy, rozmiar S, sprzedawany w pojedynczym egzemplarzu. Ko\u0144c\u00f3wka do ssania jest sp\u0142aszczona od do\u0142u i wypuk\u0142a od g\u00f3ry, co pozwala na naturalne dopasowanie do podniebienia dziecka i wspomaga prawid\u0142owe u\u0142o\u017cenie j\u0119zyka. Wykonany jest z organicznego kauczuku drzewa Hevea.<\/p>\n","protected":false},"excerpt":{"rendered":"<p>Smoczek BIBS COLOUR ANATOMICAL to smoczek anatomiczny (ortodontyczny) dla dzieci w wieku 0\u20136 miesi\u0119cy, rozmiar S, sprzedawany w pojedynczym egzemplarzu. Ko\u0144c\u00f3wka do ssania jest sp\u0142aszczona od do\u0142u i wypuk\u0142a od g\u00f3ry, co pozwala na naturalne dopasowanie do podniebienia dziecka i wspomaga prawid\u0142owe u\u0142o\u017cenie j\u0119zyka. Wykonany jest z organicznego kauczuku drzewa Hevea.<\/p>\n","protected":false},"featured_media":10706,"comment_status":"open","ping_status":"closed","template":"","meta":[],"product_brand":[],"product_cat":[76,105,103],"product_tag":[],"class_list":{"0":"post-10707","1":"product","2":"type-product","3":"status-publish","4":"has-post-thumbnail","6":"product_cat-dziecko","7":"product_cat-smoczki","8":"product_cat-smoczki-i-zawieszki","10":"first","11":"instock","12":"taxable","13":"shipping-taxable","14":"purchasable","15":"product-type-simple"},"_links":{"self":[{"href":"https:\/\/www.bobooaza.pl\/index.php\/wp-json\/wp\/v2\/product\/10707","targetHints":{"allow":["GET"]}}],"collection":[{"href":"https:\/\/www.bobooaza.pl\/index.php\/wp-json\/wp\/v2\/product"}],"about":[{"href":"https:\/\/www.bobooaza.pl\/index.php\/wp-json\/wp\/v2\/types\/product"}],"replies":[{"embeddable":true,"href":"https:\/\/www.bobooaza.pl\/index.php\/wp-json\/wp\/v2\/comments?post=10707"}],"wp:featuredmedia":[{"embeddable":true,"href":"https:\/\/www.bobooaza.pl\/index.php\/wp-json\/wp\/v2\/media\/10706"}],"wp:attachment":[{"href":"https:\/\/www.bobooaza.pl\/index.php\/wp-json\/wp\/v2\/media?parent=10707"}],"wp:term":[{"taxonomy":"product_brand","embeddable":true,"href":"https:\/\/www.bobooaza.pl\/index.php\/wp-json\/wp\/v2\/product_brand?post=10707"},{"taxonomy":"product_cat","embeddable":true,"href":"https:\/\/www.bobooaza.pl\/index.php\/wp-json\/wp\/v2\/product_cat?post=10707"},{"taxonomy":"product_tag","embeddable":true,"href":"https:\/\/www.bobooaza.pl\/index.php\/wp-json\/wp\/v2\/product_tag?post=10707"}],"curies":[{"name":"wp","href":"https:\/\/api.w.org\/{rel}","templated":true}]}}