{"id":10714,"date":"2026-01-06T00:08:01","date_gmt":"2026-01-05T23:08:01","guid":{"rendered":"https:\/\/bobooaza.pl\/index.php\/produkt\/chicco-00075126410000-smoczek-micro-glow-sil-0-2m-2-szt\/"},"modified":"2026-01-06T00:51:10","modified_gmt":"2026-01-05T23:51:10","slug":"chicco-00075126410000-smoczek-micro-glow-sil-0-2m-2-szt","status":"publish","type":"product","link":"https:\/\/www.bobooaza.pl\/index.php\/produkt\/chicco-00075126410000-smoczek-micro-glow-sil-0-2m-2-szt\/","title":{"rendered":"CHICCO 00075126410000 Smoczek MICRO GLOW sil 0-2m 2 szt"},"content":{"rendered":"<p>CHICCO 00075126410000 to zestaw dw\u00f3ch smoczk\u00f3w Physio Micro silikonowych dla noworodk\u00f3w w wieku 0\u20132 miesi\u0119cy. Smoczek zosta\u0142 zaprojektowany specjalnie dla noworodk\u00f3w i dzieci o niskiej wadze urodzeniowej, w tym wcze\u015bniak\u00f3w. Jest bardzo lekki (wa\u017cy tylko 6,4 g), co minimalizuje nacisk na buzi\u0119 dziecka. Mini ko\u0144c\u00f3wka smoczka ma zredukowan\u0105 szeroko\u015b\u0107 i d\u0142ugo\u015b\u0107, aby idealnie dopasowa\u0107 si\u0119 do ust noworodka. Specjalnie wyprofilowana tarczka zapewnia miejsce dla noska i brody, a otwory wentylacyjne umo\u017cliwiaj\u0105 swobodn\u0105 cyrkulacj\u0119 powietrza. Smoczek pakowany jest podw\u00f3jnie, dost\u0119pny w sze\u015bciu dekorach w odcieniach r\u00f3\u017cu i niebieskiego. Po okresie 0\u20132 miesi\u0119cy zaleca si\u0119 przej\u015bcie na wi\u0119ksze smoczki z linii Physio o identycznym ortodontycznym kszta\u0142cie.<\/p>\n","protected":false},"excerpt":{"rendered":"<p>CHICCO 00075126410000 to zestaw dw\u00f3ch smoczk\u00f3w Physio Micro silikonowych dla noworodk\u00f3w w wieku 0\u20132 miesi\u0119cy. Smoczek zosta\u0142 zaprojektowany specjalnie dla noworodk\u00f3w i dzieci o niskiej wadze urodzeniowej, w tym wcze\u015bniak\u00f3w. Jest bardzo lekki (wa\u017cy tylko 6,4 g), co minimalizuje nacisk na buzi\u0119 dziecka. Mini ko\u0144c\u00f3wka smoczka ma zredukowan\u0105 szeroko\u015b\u0107 i d\u0142ugo\u015b\u0107, aby idealnie dopasowa\u0107 si\u0119 [&hellip;]<\/p>\n","protected":false},"featured_media":10710,"comment_status":"open","ping_status":"closed","template":"","meta":[],"product_brand":[],"product_cat":[76,105,103],"product_tag":[],"class_list":{"0":"post-10714","1":"product","2":"type-product","3":"status-publish","4":"has-post-thumbnail","6":"product_cat-dziecko","7":"product_cat-smoczki","8":"product_cat-smoczki-i-zawieszki","10":"first","11":"instock","12":"taxable","13":"shipping-taxable","14":"purchasable","15":"product-type-simple"},"_links":{"self":[{"href":"https:\/\/www.bobooaza.pl\/index.php\/wp-json\/wp\/v2\/product\/10714","targetHints":{"allow":["GET"]}}],"collection":[{"href":"https:\/\/www.bobooaza.pl\/index.php\/wp-json\/wp\/v2\/product"}],"about":[{"href":"https:\/\/www.bobooaza.pl\/index.php\/wp-json\/wp\/v2\/types\/product"}],"replies":[{"embeddable":true,"href":"https:\/\/www.bobooaza.pl\/index.php\/wp-json\/wp\/v2\/comments?post=10714"}],"wp:featuredmedia":[{"embeddable":true,"href":"https:\/\/www.bobooaza.pl\/index.php\/wp-json\/wp\/v2\/media\/10710"}],"wp:attachment":[{"href":"https:\/\/www.bobooaza.pl\/index.php\/wp-json\/wp\/v2\/media?parent=10714"}],"wp:term":[{"taxonomy":"product_brand","embeddable":true,"href":"https:\/\/www.bobooaza.pl\/index.php\/wp-json\/wp\/v2\/product_brand?post=10714"},{"taxonomy":"product_cat","embeddable":true,"href":"https:\/\/www.bobooaza.pl\/index.php\/wp-json\/wp\/v2\/product_cat?post=10714"},{"taxonomy":"product_tag","embeddable":true,"href":"https:\/\/www.bobooaza.pl\/index.php\/wp-json\/wp\/v2\/product_tag?post=10714"}],"curies":[{"name":"wp","href":"https:\/\/api.w.org\/{rel}","templated":true}]}}