{"id":10716,"date":"2026-01-06T00:08:02","date_gmt":"2026-01-05T23:08:02","guid":{"rendered":"https:\/\/bobooaza.pl\/index.php\/produkt\/chicco-00071038410000-smoczek-physio-light-6-16m-sil-2-szt-lumi\/"},"modified":"2026-01-06T00:51:11","modified_gmt":"2026-01-05T23:51:11","slug":"chicco-00071038410000-smoczek-physio-light-6-16m-sil-2-szt-lumi","status":"publish","type":"product","link":"https:\/\/www.bobooaza.pl\/index.php\/produkt\/chicco-00071038410000-smoczek-physio-light-6-16m-sil-2-szt-lumi\/","title":{"rendered":"CHICCO 00071038410000 Smoczek PHYSIO LIGHT 6-16M sil 2 szt LUMI"},"content":{"rendered":"<p>CHICCO 00071038410000 to zestaw dw\u00f3ch smoczk\u00f3w Physio Light dla dzieci w wieku 6\u201316 miesi\u0119cy. Wykonane s\u0105 z silikonu i posiadaj\u0105 wyj\u0105tkowo mi\u0119kkie, aksamitne wyko\u0144czenie SOFTSENSE. Smoczek wspiera prawid\u0142owy rozw\u00f3j jamy ustnej dziecka i zapewnia odpowiedni\u0105 cyrkulacj\u0119 powietrza.<\/p>\n","protected":false},"excerpt":{"rendered":"<p>CHICCO 00071038410000 to zestaw dw\u00f3ch smoczk\u00f3w Physio Light dla dzieci w wieku 6\u201316 miesi\u0119cy. Wykonane s\u0105 z silikonu i posiadaj\u0105 wyj\u0105tkowo mi\u0119kkie, aksamitne wyko\u0144czenie SOFTSENSE. Smoczek wspiera prawid\u0142owy rozw\u00f3j jamy ustnej dziecka i zapewnia odpowiedni\u0105 cyrkulacj\u0119 powietrza.<\/p>\n","protected":false},"featured_media":10715,"comment_status":"open","ping_status":"closed","template":"","meta":[],"product_brand":[],"product_cat":[76,105,103],"product_tag":[],"class_list":{"0":"post-10716","1":"product","2":"type-product","3":"status-publish","4":"has-post-thumbnail","6":"product_cat-dziecko","7":"product_cat-smoczki","8":"product_cat-smoczki-i-zawieszki","10":"first","11":"instock","12":"taxable","13":"shipping-taxable","14":"purchasable","15":"product-type-simple"},"_links":{"self":[{"href":"https:\/\/www.bobooaza.pl\/index.php\/wp-json\/wp\/v2\/product\/10716","targetHints":{"allow":["GET"]}}],"collection":[{"href":"https:\/\/www.bobooaza.pl\/index.php\/wp-json\/wp\/v2\/product"}],"about":[{"href":"https:\/\/www.bobooaza.pl\/index.php\/wp-json\/wp\/v2\/types\/product"}],"replies":[{"embeddable":true,"href":"https:\/\/www.bobooaza.pl\/index.php\/wp-json\/wp\/v2\/comments?post=10716"}],"wp:featuredmedia":[{"embeddable":true,"href":"https:\/\/www.bobooaza.pl\/index.php\/wp-json\/wp\/v2\/media\/10715"}],"wp:attachment":[{"href":"https:\/\/www.bobooaza.pl\/index.php\/wp-json\/wp\/v2\/media?parent=10716"}],"wp:term":[{"taxonomy":"product_brand","embeddable":true,"href":"https:\/\/www.bobooaza.pl\/index.php\/wp-json\/wp\/v2\/product_brand?post=10716"},{"taxonomy":"product_cat","embeddable":true,"href":"https:\/\/www.bobooaza.pl\/index.php\/wp-json\/wp\/v2\/product_cat?post=10716"},{"taxonomy":"product_tag","embeddable":true,"href":"https:\/\/www.bobooaza.pl\/index.php\/wp-json\/wp\/v2\/product_tag?post=10716"}],"curies":[{"name":"wp","href":"https:\/\/api.w.org\/{rel}","templated":true}]}}